{"id":1121,"date":"2024-03-14T10:40:52","date_gmt":"2024-03-14T09:40:52","guid":{"rendered":"https:\/\/www.paul-guenther-schule.de\/?page_id=1121"},"modified":"2024-04-08T15:10:39","modified_gmt":"2024-04-08T13:10:39","slug":"termine","status":"publish","type":"page","link":"https:\/\/www.paul-guenther-schule.de\/index.php\/termine\/","title":{"rendered":"Termine"},"content":{"rendered":"<section id=\"builder-section-text_30\" class=\"builder-section-first builder-section builder-section-text builder-section-next-text builder-text-columns-1\" style=\"background-size: cover; background-repeat: no-repeat;background-position: center center;\">\n<h3 class=\"builder-text-section-title\">\n        Termine    <\/h3>\n<div class=\"builder-section-content\">\n<div class=\"builder-text-row\">\n<div class=\"builder-text-column builder-text-column-1\" id=\"builder-section-text_30-column-1\">\n<div class=\"builder-text-content\">\n\n<table id=\"tablepress-13\" class=\"tablepress tablepress-id-13\">\n<tbody>\n<tr class=\"row-1\">\n\t<td class=\"column-1\">29.-30.04.26<\/td><td class=\"column-2\"><\/td><td class=\"column-3\">Unterricht in den schriftlichen Pr\u00fcfungsf\u00e4chern der HS9\/RS10<\/td>\n<\/tr>\n<tr class=\"row-2\">\n\t<td class=\"column-1\">28.-30.04.26<\/td><td class=\"column-2\"><\/td><td class=\"column-3\">Klassenfahrt der Klassen 6a und 6b<\/td>\n<\/tr>\n<tr class=\"row-3\">\n\t<td class=\"column-1\">30.04.26<\/td><td class=\"column-2\"><\/td><td class=\"column-3\">letzter Schultag der HS9\/RS10<\/td>\n<\/tr>\n<tr class=\"row-4\">\n\t<td class=\"column-1\">30.04.26<\/td><td class=\"column-2\"><\/td><td class=\"column-3\">Bekanntgabe der Jahresnoten HS9\/RS10<\/td>\n<\/tr>\n<tr class=\"row-5\">\n\t<td class=\"column-1\">01.05.26<\/td><td class=\"column-2\"><\/td><td class=\"column-3\">Feiertag<\/td>\n<\/tr>\n<tr class=\"row-6\">\n\t<td class=\"column-1\">04.05.26<\/td><td class=\"column-2\"><\/td><td class=\"column-3\">En-Pr\u00fcfung HS9\/RS10<\/td>\n<\/tr>\n<tr class=\"row-7\">\n\t<td class=\"column-1\">06.05.26<\/td><td class=\"column-2\"><\/td><td class=\"column-3\">D-Pr\u00fcfung HS9\/RS10<\/td>\n<\/tr>\n<tr class=\"row-8\">\n\t<td class=\"column-1\">06.05.26<\/td><td class=\"column-2\"><\/td><td class=\"column-3\">Berufsorientierung Gastronomie der Klassen 8a und 8b<\/td>\n<\/tr>\n<tr class=\"row-9\">\n\t<td class=\"column-1\">08.05.26<\/td><td class=\"column-2\"><\/td><td class=\"column-3\">Ma-Pr\u00fcfung HS9\/RS10<\/td>\n<\/tr>\n<tr class=\"row-10\">\n\t<td class=\"column-1\">12.05.26<\/td><td class=\"column-2\"><\/td><td class=\"column-3\">Bio-Pr\u00fcfung RS10<\/td>\n<\/tr>\n<tr class=\"row-11\">\n\t<td class=\"column-1\">13.05.26<\/td><td class=\"column-2\"><\/td><td class=\"column-3\">Ch- und Ph-Pr\u00fcfung RS10<\/td>\n<\/tr>\n<tr class=\"row-12\">\n\t<td class=\"column-1\">14.05.26<\/td><td class=\"column-2\"><\/td><td class=\"column-3\">Feiertag<\/td>\n<\/tr>\n<tr class=\"row-13\">\n\t<td class=\"column-1\">15.05.26<\/td><td class=\"column-2\"><\/td><td class=\"column-3\">unterrichtsfrei<\/td>\n<\/tr>\n<tr class=\"row-14\">\n\t<td class=\"column-1\">18.05.26<\/td><td class=\"column-2\"><\/td><td class=\"column-3\">Bekanntgabe der Zensuren f\u00fcr die schriftlichen En-Pr\u00fcfungen<\/td>\n<\/tr>\n<tr class=\"row-15\">\n\t<td class=\"column-1\">18.05.26<\/td><td class=\"column-2\"><\/td><td class=\"column-3\">Organisationsplan f\u00fcr die praktischen En-Pr\u00fcfungen<\/td>\n<\/tr>\n<tr class=\"row-16\">\n\t<td class=\"column-1\">18.05.-03.06.26<\/td><td class=\"column-2\"><\/td><td class=\"column-3\">Konsultationen f\u00fcr die m\u00fcndlichen Pr\u00fcfungen<\/td>\n<\/tr>\n<tr class=\"row-17\">\n\t<td class=\"column-1\">20.05.26<\/td><td class=\"column-2\"><\/td><td class=\"column-3\">Architektur macht Schule der Klasse 9a<\/td>\n<\/tr>\n<tr class=\"row-18\">\n\t<td class=\"column-1\">20.05.-03.06.26<\/td><td class=\"column-2\"><\/td><td class=\"column-3\">praktische En-Pr\u00fcfungen HS9\/RS10<\/td>\n<\/tr>\n<tr class=\"row-19\">\n\t<td class=\"column-1\">22.05.26<\/td><td class=\"column-2\"><\/td><td class=\"column-3\">Bescheid an Eltern der zuk\u00fcnftigen 5. Klassen<\/td>\n<\/tr>\n<tr class=\"row-20\">\n\t<td class=\"column-1\">25.05.26<\/td><td class=\"column-2\"><\/td><td class=\"column-3\">Feiertag<\/td>\n<\/tr>\n<tr class=\"row-21\">\n\t<td class=\"column-1\">26.06.26<\/td><td class=\"column-2\"><\/td><td class=\"column-3\">Azubitag Lippendorf der Klasse 8b<\/td>\n<\/tr>\n<tr class=\"row-22\">\n\t<td class=\"column-1\">28.05.26<\/td><td class=\"column-2\"><\/td><td class=\"column-3\">Klasse 9a im Stadtrat<\/td>\n<\/tr>\n<tr class=\"row-23\">\n\t<td class=\"column-1\">04.06.-25.06.26<\/td><td class=\"column-2\"><\/td><td class=\"column-3\">m\u00fcndliche Pr\u00fcfungen<\/td>\n<\/tr>\n<tr class=\"row-24\">\n\t<td class=\"column-1\">08.-19.06.26<\/td><td class=\"column-2\"><\/td><td class=\"column-3\">Praktikum der 8. Klassen und RS9<\/td>\n<\/tr>\n<tr class=\"row-25\">\n\t<td class=\"column-1\">08.06.-12.06.26<\/td><td class=\"column-2\"><\/td><td class=\"column-3\">Probenwoche GTA Musical<\/td>\n<\/tr>\n<tr class=\"row-26\">\n\t<td class=\"column-1\">14.06.26<\/td><td class=\"column-2\"><\/td><td class=\"column-3\">Premiere Musical<\/td>\n<\/tr>\n<tr class=\"row-27\">\n\t<td class=\"column-1\">15.06.26<\/td><td class=\"column-2\">18 Uhr<\/td><td class=\"column-3\">Vorstandssitzung des F\u00f6rdervereins<\/td>\n<\/tr>\n<tr class=\"row-28\">\n\t<td class=\"column-1\"><\/td><td class=\"column-2\"><\/td><td class=\"column-3\"><\/td>\n<\/tr>\n<tr class=\"row-29\">\n\t<td class=\"column-1\"><\/td><td class=\"column-2\"><\/td><td class=\"column-3\"><\/td>\n<\/tr>\n<\/tbody>\n<\/table>\n<!-- #tablepress-13 from cache -->\n<\/p><\/div>\n<\/p><\/div>\n<\/p><\/div>\n<div class=\"builder-text-row\">\n<div class=\"builder-text-column builder-text-column-2\" id=\"builder-section-text_30-column-1\">\n<div class=\"builder-text-content\">\n\t\t\t\t\t\t\t\t\t\t\t<\/div>\n<\/p><\/div>\n<\/p><\/div>\n<div class=\"builder-text-row\">\n<div class=\"builder-text-column builder-text-column-3\" id=\"builder-section-text_30-column-1\">\n<div class=\"builder-text-content\">\n\t\t\t\t\t\t\t\t\t\t\t<\/div>\n<\/p><\/div>\n<\/p><\/div>\n<\/p><\/div>\n<\/section>\n<section id=\"builder-section-text_56\" class=\"builder-section-prev-text builder-section builder-section-text builder-section-last builder-text-columns-3\" style=\"background-size: cover; background-repeat: no-repeat;background-position: center center;\">\n<div class=\"builder-section-content\">\n<div class=\"builder-text-row\">\n<div class=\"builder-text-column builder-text-column-1\" id=\"builder-section-text_56-column-1\">\n<div class=\"builder-text-content\">\n\t\t\t\t\t\t\t\t\t\t\t<\/div>\n<\/p><\/div>\n<div class=\"builder-text-column builder-text-column-2\" id=\"builder-section-text_56-column-2\">\n<div class=\"builder-text-content\">\n\t\t\t\t\t\t\t\t\t\t\t<\/div>\n<\/p><\/div>\n<div class=\"builder-text-column builder-text-column-3\" id=\"builder-section-text_56-column-3\">\n<div class=\"builder-text-content\">\n\t\t\t\t\t\t\t\t\t\t\t<\/div>\n<\/p><\/div>\n<\/p><\/div>\n<\/p><\/div>\n<\/section>\n","protected":false},"excerpt":{"rendered":"<p>Termine<\/p>\n","protected":false},"author":1,"featured_media":0,"parent":0,"menu_order":0,"comment_status":"closed","ping_status":"closed","template":"template-builder.php","meta":{"footnotes":""},"class_list":["post-1121","page","type-page","status-publish","hentry"],"yoast_head":"<!-- This site is optimized with the Yoast SEO plugin v23.7 - https:\/\/yoast.com\/wordpress\/plugins\/seo\/ -->\n<title>Termine - Oberschule &amp; Grundschule Paul-Guenther Geithain<\/title>\n<meta name=\"robots\" content=\"index, follow, max-snippet:-1, max-image-preview:large, max-video-preview:-1\" \/>\n<link rel=\"canonical\" href=\"https:\/\/www.paul-guenther-schule.de\/index.php\/termine\/\" \/>\n<meta property=\"og:locale\" content=\"de_DE\" \/>\n<meta property=\"og:type\" content=\"article\" \/>\n<meta property=\"og:title\" content=\"Termine - Oberschule &amp; Grundschule Paul-Guenther Geithain\" \/>\n<meta property=\"og:description\" content=\"Termine\" \/>\n<meta property=\"og:url\" content=\"https:\/\/www.paul-guenther-schule.de\/index.php\/termine\/\" \/>\n<meta property=\"og:site_name\" content=\"Oberschule &amp; Grundschule Paul-Guenther Geithain\" \/>\n<meta property=\"article:modified_time\" content=\"2024-04-08T13:10:39+00:00\" \/>\n<meta name=\"twitter:card\" content=\"summary_large_image\" \/>\n<meta name=\"twitter:label1\" content=\"Gesch\u00e4tzte Lesezeit\" \/>\n\t<meta name=\"twitter:data1\" content=\"1\u00a0Minute\" \/>\n<script type=\"application\/ld+json\" class=\"yoast-schema-graph\">{\"@context\":\"https:\/\/schema.org\",\"@graph\":[{\"@type\":\"WebPage\",\"@id\":\"https:\/\/www.paul-guenther-schule.de\/index.php\/termine\/\",\"url\":\"https:\/\/www.paul-guenther-schule.de\/index.php\/termine\/\",\"name\":\"Termine - Oberschule &amp; Grundschule Paul-Guenther Geithain\",\"isPartOf\":{\"@id\":\"https:\/\/www.paul-guenther-schule.de\/#website\"},\"datePublished\":\"2024-03-14T09:40:52+00:00\",\"dateModified\":\"2024-04-08T13:10:39+00:00\",\"breadcrumb\":{\"@id\":\"https:\/\/www.paul-guenther-schule.de\/index.php\/termine\/#breadcrumb\"},\"inLanguage\":\"de\",\"potentialAction\":[{\"@type\":\"ReadAction\",\"target\":[\"https:\/\/www.paul-guenther-schule.de\/index.php\/termine\/\"]}]},{\"@type\":\"BreadcrumbList\",\"@id\":\"https:\/\/www.paul-guenther-schule.de\/index.php\/termine\/#breadcrumb\",\"itemListElement\":[{\"@type\":\"ListItem\",\"position\":1,\"name\":\"Home\",\"item\":\"https:\/\/www.paul-guenther-schule.de\/\"},{\"@type\":\"ListItem\",\"position\":2,\"name\":\"Termine\"}]},{\"@type\":\"WebSite\",\"@id\":\"https:\/\/www.paul-guenther-schule.de\/#website\",\"url\":\"https:\/\/www.paul-guenther-schule.de\/\",\"name\":\"Oberschule &amp; Grundschule Paul-Guenther Geithain\",\"description\":\"\",\"publisher\":{\"@id\":\"https:\/\/www.paul-guenther-schule.de\/#organization\"},\"potentialAction\":[{\"@type\":\"SearchAction\",\"target\":{\"@type\":\"EntryPoint\",\"urlTemplate\":\"https:\/\/www.paul-guenther-schule.de\/?s={search_term_string}\"},\"query-input\":{\"@type\":\"PropertyValueSpecification\",\"valueRequired\":true,\"valueName\":\"search_term_string\"}}],\"inLanguage\":\"de\"},{\"@type\":\"Organization\",\"@id\":\"https:\/\/www.paul-guenther-schule.de\/#organization\",\"name\":\"Oberschule &amp; Grundschule Paul-Guenther Geithain\",\"url\":\"https:\/\/www.paul-guenther-schule.de\/\",\"logo\":{\"@type\":\"ImageObject\",\"inLanguage\":\"de\",\"@id\":\"https:\/\/www.paul-guenther-schule.de\/#\/schema\/logo\/image\/\",\"url\":\"https:\/\/www.paul-guenther-schule.de\/wp-content\/uploads\/2024\/01\/cropped-header-pauli-eule-04.png\",\"contentUrl\":\"https:\/\/www.paul-guenther-schule.de\/wp-content\/uploads\/2024\/01\/cropped-header-pauli-eule-04.png\",\"width\":1040,\"height\":294,\"caption\":\"Oberschule &amp; Grundschule Paul-Guenther Geithain\"},\"image\":{\"@id\":\"https:\/\/www.paul-guenther-schule.de\/#\/schema\/logo\/image\/\"}}]}<\/script>\n<!-- \/ Yoast SEO plugin. -->","yoast_head_json":{"title":"Termine - Oberschule &amp; Grundschule Paul-Guenther Geithain","robots":{"index":"index","follow":"follow","max-snippet":"max-snippet:-1","max-image-preview":"max-image-preview:large","max-video-preview":"max-video-preview:-1"},"canonical":"https:\/\/www.paul-guenther-schule.de\/index.php\/termine\/","og_locale":"de_DE","og_type":"article","og_title":"Termine - Oberschule &amp; Grundschule Paul-Guenther Geithain","og_description":"Termine","og_url":"https:\/\/www.paul-guenther-schule.de\/index.php\/termine\/","og_site_name":"Oberschule &amp; Grundschule Paul-Guenther Geithain","article_modified_time":"2024-04-08T13:10:39+00:00","twitter_card":"summary_large_image","twitter_misc":{"Gesch\u00e4tzte Lesezeit":"1\u00a0Minute"},"schema":{"@context":"https:\/\/schema.org","@graph":[{"@type":"WebPage","@id":"https:\/\/www.paul-guenther-schule.de\/index.php\/termine\/","url":"https:\/\/www.paul-guenther-schule.de\/index.php\/termine\/","name":"Termine - Oberschule &amp; Grundschule Paul-Guenther Geithain","isPartOf":{"@id":"https:\/\/www.paul-guenther-schule.de\/#website"},"datePublished":"2024-03-14T09:40:52+00:00","dateModified":"2024-04-08T13:10:39+00:00","breadcrumb":{"@id":"https:\/\/www.paul-guenther-schule.de\/index.php\/termine\/#breadcrumb"},"inLanguage":"de","potentialAction":[{"@type":"ReadAction","target":["https:\/\/www.paul-guenther-schule.de\/index.php\/termine\/"]}]},{"@type":"BreadcrumbList","@id":"https:\/\/www.paul-guenther-schule.de\/index.php\/termine\/#breadcrumb","itemListElement":[{"@type":"ListItem","position":1,"name":"Home","item":"https:\/\/www.paul-guenther-schule.de\/"},{"@type":"ListItem","position":2,"name":"Termine"}]},{"@type":"WebSite","@id":"https:\/\/www.paul-guenther-schule.de\/#website","url":"https:\/\/www.paul-guenther-schule.de\/","name":"Oberschule &amp; Grundschule Paul-Guenther Geithain","description":"","publisher":{"@id":"https:\/\/www.paul-guenther-schule.de\/#organization"},"potentialAction":[{"@type":"SearchAction","target":{"@type":"EntryPoint","urlTemplate":"https:\/\/www.paul-guenther-schule.de\/?s={search_term_string}"},"query-input":{"@type":"PropertyValueSpecification","valueRequired":true,"valueName":"search_term_string"}}],"inLanguage":"de"},{"@type":"Organization","@id":"https:\/\/www.paul-guenther-schule.de\/#organization","name":"Oberschule &amp; Grundschule Paul-Guenther Geithain","url":"https:\/\/www.paul-guenther-schule.de\/","logo":{"@type":"ImageObject","inLanguage":"de","@id":"https:\/\/www.paul-guenther-schule.de\/#\/schema\/logo\/image\/","url":"https:\/\/www.paul-guenther-schule.de\/wp-content\/uploads\/2024\/01\/cropped-header-pauli-eule-04.png","contentUrl":"https:\/\/www.paul-guenther-schule.de\/wp-content\/uploads\/2024\/01\/cropped-header-pauli-eule-04.png","width":1040,"height":294,"caption":"Oberschule &amp; Grundschule Paul-Guenther Geithain"},"image":{"@id":"https:\/\/www.paul-guenther-schule.de\/#\/schema\/logo\/image\/"}}]}},"publishpress_future_action":{"enabled":false,"date":"2026-05-12 20:03:36","action":"change-status","newStatus":"draft","terms":[],"taxonomy":""},"publishpress_future_workflow_manual_trigger":{"enabledWorkflows":[]},"_links":{"self":[{"href":"https:\/\/www.paul-guenther-schule.de\/index.php\/wp-json\/wp\/v2\/pages\/1121","targetHints":{"allow":["GET"]}}],"collection":[{"href":"https:\/\/www.paul-guenther-schule.de\/index.php\/wp-json\/wp\/v2\/pages"}],"about":[{"href":"https:\/\/www.paul-guenther-schule.de\/index.php\/wp-json\/wp\/v2\/types\/page"}],"author":[{"embeddable":true,"href":"https:\/\/www.paul-guenther-schule.de\/index.php\/wp-json\/wp\/v2\/users\/1"}],"replies":[{"embeddable":true,"href":"https:\/\/www.paul-guenther-schule.de\/index.php\/wp-json\/wp\/v2\/comments?post=1121"}],"version-history":[{"count":6,"href":"https:\/\/www.paul-guenther-schule.de\/index.php\/wp-json\/wp\/v2\/pages\/1121\/revisions"}],"predecessor-version":[{"id":1159,"href":"https:\/\/www.paul-guenther-schule.de\/index.php\/wp-json\/wp\/v2\/pages\/1121\/revisions\/1159"}],"wp:attachment":[{"href":"https:\/\/www.paul-guenther-schule.de\/index.php\/wp-json\/wp\/v2\/media?parent=1121"}],"curies":[{"name":"wp","href":"https:\/\/api.w.org\/{rel}","templated":true}]}}