{"id":120,"date":"2024-01-04T15:17:33","date_gmt":"2024-01-04T14:17:33","guid":{"rendered":"https:\/\/www.paul-guenther-schule.de\/?page_id=120"},"modified":"2025-10-24T11:20:17","modified_gmt":"2025-10-24T09:20:17","slug":"lehrer","status":"publish","type":"page","link":"https:\/\/www.paul-guenther-schule.de\/index.php\/grundschule\/lehrer\/","title":{"rendered":"Sch\u00fcler &#038; Lehrer"},"content":{"rendered":"<h1>Sch\u00fcler und Lehrer der Grundschule<\/h1>\n<ul>\n<li>\n<p class=\"bodytext\">Im Schuljahr 2025\/2026 lernen in unserer Grundschule 123 M\u00e4dchen und Jungen in 6 Klassen.<\/p>\n<\/li>\n<\/ul>\n<p class=\"bodytext\">\n<table id=\"tablepress-3\" class=\"tablepress tablepress-id-3\">\n<tbody class=\"row-hover\">\n<tr class=\"row-1\">\n\t<td class=\"column-1\">Klasse 1a<\/td><td class=\"column-2\">Frau Viehweg<\/td>\n<\/tr>\n<tr class=\"row-2\">\n\t<td class=\"column-1\">Klasse 1b<\/td><td class=\"column-2\">Frau Friedemann<\/td>\n<\/tr>\n<tr class=\"row-3\">\n\t<td class=\"column-1\">Klasse 2<\/td><td class=\"column-2\">Frau Schindler<\/td>\n<\/tr>\n<tr class=\"row-4\">\n\t<td class=\"column-1\">Klasse 3a<\/td><td class=\"column-2\">Frau Doering<\/td>\n<\/tr>\n<tr class=\"row-5\">\n\t<td class=\"column-1\">Klasse 3b<\/td><td class=\"column-2\">Frau Ende<\/td>\n<\/tr>\n<tr class=\"row-6\">\n\t<td class=\"column-1\">Klasse 4<\/td><td class=\"column-2\">Frau Winkler<\/td>\n<\/tr>\n<tr class=\"row-7\">\n\t<td class=\"column-1\">Schulleiterin<\/td><td class=\"column-2\">Frau Kuhn<\/td>\n<\/tr>\n<tr class=\"row-8\">\n\t<td class=\"column-1\">stellv. Schulleiterin<\/td><td class=\"column-2\">Frau Ende<\/td>\n<\/tr>\n<\/tbody>\n<\/table>\n<!-- #tablepress-3 from cache -->\n<p>Au\u00dferdem geh\u00f6ren zum Team:<\/p>\n<ul>\n<li>Frau Fels (Fachlehrerin Sport)<\/li>\n<li>Frau Krau\u00df (Fachlehrerin Musik)<\/li>\n<li>Frau Lubojanski (Fachlehrerin Englisch, DaZ)<\/li>\n<li>Frau Kondakova (Fachlehrerin Ethik)<\/li>\n<li>Frau Illner (Fachlehrerin Sport, aktuell Elternzeit)<\/li>\n<li>Frau Zwirner (Fachlehrerin Sport, aktuell Elternzeit)<\/li>\n<li>Frau Chmielewski (Lehramtsanw\u00e4rterin bis 07\/2025)<\/li>\n<li>Frau Spreer (Schulsozialarbeit bis 11\/2025)<\/li>\n<li>Frau H\u00f6ltke (Schulsozialarbeit ab 11\/2025)<\/li>\n<\/ul>\n","protected":false},"excerpt":{"rendered":"<p>Sch\u00fcler und Lehrer der Grundschule Im Schuljahr 2025\/2026 lernen in unserer Grundschule 123 M\u00e4dchen und Jungen in 6 Klassen. Au\u00dferdem geh\u00f6ren zum Team: Frau Fels (Fachlehrerin Sport) Frau Krau\u00df (Fachlehrerin Musik) Frau Lubojanski (Fachlehrerin Englisch, DaZ) Frau Kondakova (Fachlehrerin Ethik) Frau Illner (Fachlehrerin Sport, aktuell Elternzeit) Frau Zwirner (Fachlehrerin Sport, aktuell Elternzeit) Frau Chmielewski (Lehramtsanw\u00e4rterin &hellip;<\/p>\n","protected":false},"author":1,"featured_media":0,"parent":9,"menu_order":0,"comment_status":"closed","ping_status":"closed","template":"","meta":{"footnotes":""},"class_list":["post-120","page","type-page","status-publish","hentry"],"yoast_head":"<!-- This site is optimized with the Yoast SEO plugin v23.7 - https:\/\/yoast.com\/wordpress\/plugins\/seo\/ -->\n<title>Sch\u00fcler &amp; Lehrer - Oberschule &amp; Grundschule Paul-Guenther Geithain<\/title>\n<meta name=\"robots\" content=\"index, follow, max-snippet:-1, max-image-preview:large, max-video-preview:-1\" \/>\n<link rel=\"canonical\" href=\"https:\/\/www.paul-guenther-schule.de\/index.php\/grundschule\/lehrer\/\" \/>\n<meta property=\"og:locale\" content=\"de_DE\" \/>\n<meta property=\"og:type\" content=\"article\" \/>\n<meta property=\"og:title\" content=\"Sch\u00fcler &amp; Lehrer - Oberschule &amp; Grundschule Paul-Guenther Geithain\" \/>\n<meta property=\"og:description\" content=\"Sch\u00fcler und Lehrer der Grundschule Im Schuljahr 2025\/2026 lernen in unserer Grundschule 123 M\u00e4dchen und Jungen in 6 Klassen. Au\u00dferdem geh\u00f6ren zum Team: Frau Fels (Fachlehrerin Sport) Frau Krau\u00df (Fachlehrerin Musik) Frau Lubojanski (Fachlehrerin Englisch, DaZ) Frau Kondakova (Fachlehrerin Ethik) Frau Illner (Fachlehrerin Sport, aktuell Elternzeit) Frau Zwirner (Fachlehrerin Sport, aktuell Elternzeit) Frau Chmielewski (Lehramtsanw\u00e4rterin &hellip;\" \/>\n<meta property=\"og:url\" content=\"https:\/\/www.paul-guenther-schule.de\/index.php\/grundschule\/lehrer\/\" \/>\n<meta property=\"og:site_name\" content=\"Oberschule &amp; Grundschule Paul-Guenther Geithain\" \/>\n<meta property=\"article:modified_time\" content=\"2025-10-24T09:20:17+00:00\" \/>\n<meta name=\"twitter:card\" content=\"summary_large_image\" \/>\n<meta name=\"twitter:label1\" content=\"Gesch\u00e4tzte Lesezeit\" \/>\n\t<meta name=\"twitter:data1\" content=\"1\u00a0Minute\" \/>\n<script type=\"application\/ld+json\" class=\"yoast-schema-graph\">{\"@context\":\"https:\/\/schema.org\",\"@graph\":[{\"@type\":\"WebPage\",\"@id\":\"https:\/\/www.paul-guenther-schule.de\/index.php\/grundschule\/lehrer\/\",\"url\":\"https:\/\/www.paul-guenther-schule.de\/index.php\/grundschule\/lehrer\/\",\"name\":\"Sch\u00fcler & Lehrer - Oberschule &amp; Grundschule Paul-Guenther Geithain\",\"isPartOf\":{\"@id\":\"https:\/\/www.paul-guenther-schule.de\/#website\"},\"datePublished\":\"2024-01-04T14:17:33+00:00\",\"dateModified\":\"2025-10-24T09:20:17+00:00\",\"breadcrumb\":{\"@id\":\"https:\/\/www.paul-guenther-schule.de\/index.php\/grundschule\/lehrer\/#breadcrumb\"},\"inLanguage\":\"de\",\"potentialAction\":[{\"@type\":\"ReadAction\",\"target\":[\"https:\/\/www.paul-guenther-schule.de\/index.php\/grundschule\/lehrer\/\"]}]},{\"@type\":\"BreadcrumbList\",\"@id\":\"https:\/\/www.paul-guenther-schule.de\/index.php\/grundschule\/lehrer\/#breadcrumb\",\"itemListElement\":[{\"@type\":\"ListItem\",\"position\":1,\"name\":\"Home\",\"item\":\"https:\/\/www.paul-guenther-schule.de\/\"},{\"@type\":\"ListItem\",\"position\":2,\"name\":\"Grundschule\",\"item\":\"https:\/\/www.paul-guenther-schule.de\/index.php\/grundschule\/\"},{\"@type\":\"ListItem\",\"position\":3,\"name\":\"Sch\u00fcler &#038; Lehrer\"}]},{\"@type\":\"WebSite\",\"@id\":\"https:\/\/www.paul-guenther-schule.de\/#website\",\"url\":\"https:\/\/www.paul-guenther-schule.de\/\",\"name\":\"Oberschule &amp; Grundschule Paul-Guenther Geithain\",\"description\":\"\",\"publisher\":{\"@id\":\"https:\/\/www.paul-guenther-schule.de\/#organization\"},\"potentialAction\":[{\"@type\":\"SearchAction\",\"target\":{\"@type\":\"EntryPoint\",\"urlTemplate\":\"https:\/\/www.paul-guenther-schule.de\/?s={search_term_string}\"},\"query-input\":{\"@type\":\"PropertyValueSpecification\",\"valueRequired\":true,\"valueName\":\"search_term_string\"}}],\"inLanguage\":\"de\"},{\"@type\":\"Organization\",\"@id\":\"https:\/\/www.paul-guenther-schule.de\/#organization\",\"name\":\"Oberschule &amp; Grundschule Paul-Guenther Geithain\",\"url\":\"https:\/\/www.paul-guenther-schule.de\/\",\"logo\":{\"@type\":\"ImageObject\",\"inLanguage\":\"de\",\"@id\":\"https:\/\/www.paul-guenther-schule.de\/#\/schema\/logo\/image\/\",\"url\":\"https:\/\/www.paul-guenther-schule.de\/wp-content\/uploads\/2024\/01\/cropped-header-pauli-eule-04.png\",\"contentUrl\":\"https:\/\/www.paul-guenther-schule.de\/wp-content\/uploads\/2024\/01\/cropped-header-pauli-eule-04.png\",\"width\":1040,\"height\":294,\"caption\":\"Oberschule &amp; Grundschule Paul-Guenther Geithain\"},\"image\":{\"@id\":\"https:\/\/www.paul-guenther-schule.de\/#\/schema\/logo\/image\/\"}}]}<\/script>\n<!-- \/ Yoast SEO plugin. -->","yoast_head_json":{"title":"Sch\u00fcler & Lehrer - Oberschule &amp; Grundschule Paul-Guenther Geithain","robots":{"index":"index","follow":"follow","max-snippet":"max-snippet:-1","max-image-preview":"max-image-preview:large","max-video-preview":"max-video-preview:-1"},"canonical":"https:\/\/www.paul-guenther-schule.de\/index.php\/grundschule\/lehrer\/","og_locale":"de_DE","og_type":"article","og_title":"Sch\u00fcler & Lehrer - Oberschule &amp; Grundschule Paul-Guenther Geithain","og_description":"Sch\u00fcler und Lehrer der Grundschule Im Schuljahr 2025\/2026 lernen in unserer Grundschule 123 M\u00e4dchen und Jungen in 6 Klassen. Au\u00dferdem geh\u00f6ren zum Team: Frau Fels (Fachlehrerin Sport) Frau Krau\u00df (Fachlehrerin Musik) Frau Lubojanski (Fachlehrerin Englisch, DaZ) Frau Kondakova (Fachlehrerin Ethik) Frau Illner (Fachlehrerin Sport, aktuell Elternzeit) Frau Zwirner (Fachlehrerin Sport, aktuell Elternzeit) Frau Chmielewski (Lehramtsanw\u00e4rterin &hellip;","og_url":"https:\/\/www.paul-guenther-schule.de\/index.php\/grundschule\/lehrer\/","og_site_name":"Oberschule &amp; Grundschule Paul-Guenther Geithain","article_modified_time":"2025-10-24T09:20:17+00:00","twitter_card":"summary_large_image","twitter_misc":{"Gesch\u00e4tzte Lesezeit":"1\u00a0Minute"},"schema":{"@context":"https:\/\/schema.org","@graph":[{"@type":"WebPage","@id":"https:\/\/www.paul-guenther-schule.de\/index.php\/grundschule\/lehrer\/","url":"https:\/\/www.paul-guenther-schule.de\/index.php\/grundschule\/lehrer\/","name":"Sch\u00fcler & Lehrer - Oberschule &amp; Grundschule Paul-Guenther Geithain","isPartOf":{"@id":"https:\/\/www.paul-guenther-schule.de\/#website"},"datePublished":"2024-01-04T14:17:33+00:00","dateModified":"2025-10-24T09:20:17+00:00","breadcrumb":{"@id":"https:\/\/www.paul-guenther-schule.de\/index.php\/grundschule\/lehrer\/#breadcrumb"},"inLanguage":"de","potentialAction":[{"@type":"ReadAction","target":["https:\/\/www.paul-guenther-schule.de\/index.php\/grundschule\/lehrer\/"]}]},{"@type":"BreadcrumbList","@id":"https:\/\/www.paul-guenther-schule.de\/index.php\/grundschule\/lehrer\/#breadcrumb","itemListElement":[{"@type":"ListItem","position":1,"name":"Home","item":"https:\/\/www.paul-guenther-schule.de\/"},{"@type":"ListItem","position":2,"name":"Grundschule","item":"https:\/\/www.paul-guenther-schule.de\/index.php\/grundschule\/"},{"@type":"ListItem","position":3,"name":"Sch\u00fcler &#038; Lehrer"}]},{"@type":"WebSite","@id":"https:\/\/www.paul-guenther-schule.de\/#website","url":"https:\/\/www.paul-guenther-schule.de\/","name":"Oberschule &amp; Grundschule Paul-Guenther Geithain","description":"","publisher":{"@id":"https:\/\/www.paul-guenther-schule.de\/#organization"},"potentialAction":[{"@type":"SearchAction","target":{"@type":"EntryPoint","urlTemplate":"https:\/\/www.paul-guenther-schule.de\/?s={search_term_string}"},"query-input":{"@type":"PropertyValueSpecification","valueRequired":true,"valueName":"search_term_string"}}],"inLanguage":"de"},{"@type":"Organization","@id":"https:\/\/www.paul-guenther-schule.de\/#organization","name":"Oberschule &amp; Grundschule Paul-Guenther Geithain","url":"https:\/\/www.paul-guenther-schule.de\/","logo":{"@type":"ImageObject","inLanguage":"de","@id":"https:\/\/www.paul-guenther-schule.de\/#\/schema\/logo\/image\/","url":"https:\/\/www.paul-guenther-schule.de\/wp-content\/uploads\/2024\/01\/cropped-header-pauli-eule-04.png","contentUrl":"https:\/\/www.paul-guenther-schule.de\/wp-content\/uploads\/2024\/01\/cropped-header-pauli-eule-04.png","width":1040,"height":294,"caption":"Oberschule &amp; Grundschule Paul-Guenther Geithain"},"image":{"@id":"https:\/\/www.paul-guenther-schule.de\/#\/schema\/logo\/image\/"}}]}},"publishpress_future_action":{"enabled":false,"date":"2026-05-23 23:24:19","action":"change-status","newStatus":"draft","terms":[],"taxonomy":""},"publishpress_future_workflow_manual_trigger":{"enabledWorkflows":[]},"_links":{"self":[{"href":"https:\/\/www.paul-guenther-schule.de\/index.php\/wp-json\/wp\/v2\/pages\/120","targetHints":{"allow":["GET"]}}],"collection":[{"href":"https:\/\/www.paul-guenther-schule.de\/index.php\/wp-json\/wp\/v2\/pages"}],"about":[{"href":"https:\/\/www.paul-guenther-schule.de\/index.php\/wp-json\/wp\/v2\/types\/page"}],"author":[{"embeddable":true,"href":"https:\/\/www.paul-guenther-schule.de\/index.php\/wp-json\/wp\/v2\/users\/1"}],"replies":[{"embeddable":true,"href":"https:\/\/www.paul-guenther-schule.de\/index.php\/wp-json\/wp\/v2\/comments?post=120"}],"version-history":[{"count":17,"href":"https:\/\/www.paul-guenther-schule.de\/index.php\/wp-json\/wp\/v2\/pages\/120\/revisions"}],"predecessor-version":[{"id":1647,"href":"https:\/\/www.paul-guenther-schule.de\/index.php\/wp-json\/wp\/v2\/pages\/120\/revisions\/1647"}],"up":[{"embeddable":true,"href":"https:\/\/www.paul-guenther-schule.de\/index.php\/wp-json\/wp\/v2\/pages\/9"}],"wp:attachment":[{"href":"https:\/\/www.paul-guenther-schule.de\/index.php\/wp-json\/wp\/v2\/media?parent=120"}],"curies":[{"name":"wp","href":"https:\/\/api.w.org\/{rel}","templated":true}]}}