{"id":122,"date":"2024-01-04T15:17:55","date_gmt":"2024-01-04T14:17:55","guid":{"rendered":"https:\/\/www.paul-guenther-schule.de\/?page_id=122"},"modified":"2026-02-05T14:41:00","modified_gmt":"2026-02-05T13:41:00","slug":"schulsozialarbeit","status":"publish","type":"page","link":"https:\/\/www.paul-guenther-schule.de\/index.php\/grundschule\/schulsozialarbeit\/","title":{"rendered":"Schulsozialarbeiterin an der Grundschule"},"content":{"rendered":"<h1>Schulsozialarbeit an der Grundschule<\/h1>\n<p><strong>Schulsozialarbeit an der Paul-Guenther-Grundschule<\/strong><\/p>\n<p>&nbsp;<\/p>\n<p><img loading=\"lazy\" decoding=\"async\" class=\"alignnone size-medium wp-image-1738\" src=\"https:\/\/www.paul-guenther-schule.de\/wp-content\/uploads\/2026\/02\/WhatsApp-Image-2026-01-20-at-10.10.22-300x233.jpeg\" alt=\"\" width=\"300\" height=\"233\" srcset=\"https:\/\/www.paul-guenther-schule.de\/wp-content\/uploads\/2026\/02\/WhatsApp-Image-2026-01-20-at-10.10.22-300x233.jpeg 300w, https:\/\/www.paul-guenther-schule.de\/wp-content\/uploads\/2026\/02\/WhatsApp-Image-2026-01-20-at-10.10.22-1024x796.jpeg 1024w, https:\/\/www.paul-guenther-schule.de\/wp-content\/uploads\/2026\/02\/WhatsApp-Image-2026-01-20-at-10.10.22-768x597.jpeg 768w, https:\/\/www.paul-guenther-schule.de\/wp-content\/uploads\/2026\/02\/WhatsApp-Image-2026-01-20-at-10.10.22-1536x1194.jpeg 1536w, https:\/\/www.paul-guenther-schule.de\/wp-content\/uploads\/2026\/02\/WhatsApp-Image-2026-01-20-at-10.10.22.jpeg 1600w\" sizes=\"auto, (max-width: 300px) 100vw, 300px\" \/><\/p>\n<p>&nbsp;<\/p>\n<p><strong>Josephine H\u00f6ltke<\/strong><\/p>\n<p><strong>Sprechzeiten:<\/strong> 8.00 Uhr bis 13.30 Uhr sowie nach Vereinbarung<br \/>\n<strong>Kontakt:\u00a0<\/strong><br \/>\nMobil: 0172 &#8211; 1906623<br \/>\nE-Mail: &#115;&#x63;h&#117;&#x6c;s&#x6f;&#x7a;&#105;&#x61;l&#97;&#x72;b&#101;&#x69;&#116;&#x2d;g&#115;&#x40;a&#119;&#x6f;&#45;&#x6c;&#x65;&#105;&#x70;z&#105;&#x67;e&#x72;&#x6c;&#97;&#x6e;d&#46;&#x64;e<\/p>\n<p>Liebe Eltern, Sorgeberechtigte und Kinder,<br \/>\ngern m\u00f6chte ich mich mit diesem Brief bei Ihnen vorstellen und Sie \u00fcber meine Arbeit informieren. Mein Name ist Josephine H\u00f6ltke, ich bin Sozialarbeiterin und an der Paul-Guenther- Grundschule als Schulsozialarbeiterin seit 01.03.2022 t\u00e4tig. Schulsozialarbeit ist ein Beratungsangebot f\u00fcr alle Sch\u00fclerinnen und Sch\u00fcler, Eltern sowie f\u00fcr das Lehrerkollegium. Dabei kooperiere ich mit der Schulleitung, den Lehrerinnen und Lehrern sowie mit dem AWO Kreisverband Leipziger Land e.V., meinem Arbeitgeber. Ein Gespr\u00e4ch mit mir ist freiwillig und vertraulich. Meine Aufgabe ist es, Ansprechpartnerin f\u00fcr alle Belange der Sch\u00fclerinnen und Sch\u00fcler zu sein, z.B.:<\/p>\n<ul>\n<li>Beratung bei Schulschwierigkeiten<\/li>\n<li>bei Problemen mit Freunden, Eltern, Lehrern<\/li>\n<li>im Umgang mit Konflikten<\/li>\n<\/ul>\n<p>Aber auch Ihnen als Eltern biete ich gern Unterst\u00fctzung an, z.B. in Konfliktsituationen, wenn Sie sich aus den unterschiedlichsten Gr\u00fcnden Sorgen um Ihr Kind machen oder Fragen zur Erziehung haben.<\/p>\n<p>Ich freue mich auf eine gemeinsame Zeit und Zusammenarbeit mit Ihnen und Ihren Kindern!<br \/>\nIhre Schulsozialarbeiterin<\/p>\n<p>SchulSozialArbeit in der Grundschule<\/p>\n","protected":false},"excerpt":{"rendered":"<p>Schulsozialarbeit an der Grundschule Schulsozialarbeit an der Paul-Guenther-Grundschule &nbsp; &nbsp; Josephine H\u00f6ltke Sprechzeiten: 8.00 Uhr bis 13.30 Uhr sowie nach Vereinbarung Kontakt:\u00a0 Mobil: 0172 &#8211; 1906623 E-Mail: &#115;&#x63;h&#x75;&#x6c;&#115;&#x6f;z&#105;&#x61;&#108;&#x61;r&#98;&#x65;i&#x74;-&#103;&#x73;&#64;&#x61;&#x77;&#111;&#x2d;l&#101;&#x69;&#112;&#x7a;i&#103;&#x65;&#114;&#x6c;a&#110;&#x64;&#46;&#x64;&#x65; Liebe Eltern, Sorgeberechtigte und Kinder, gern m\u00f6chte ich mich mit diesem Brief bei Ihnen vorstellen und Sie \u00fcber meine Arbeit informieren. Mein Name ist Josephine H\u00f6ltke, ich &hellip;<\/p>\n","protected":false},"author":1,"featured_media":0,"parent":9,"menu_order":0,"comment_status":"closed","ping_status":"closed","template":"","meta":{"footnotes":""},"class_list":["post-122","page","type-page","status-publish","hentry"],"yoast_head":"<!-- This site is optimized with the Yoast SEO plugin v23.7 - https:\/\/yoast.com\/wordpress\/plugins\/seo\/ -->\n<title>Schulsozialarbeiterin an der Grundschule - Oberschule &amp; Grundschule Paul-Guenther Geithain<\/title>\n<meta name=\"robots\" content=\"index, follow, max-snippet:-1, max-image-preview:large, max-video-preview:-1\" \/>\n<link rel=\"canonical\" href=\"https:\/\/www.paul-guenther-schule.de\/index.php\/grundschule\/schulsozialarbeit\/\" \/>\n<meta property=\"og:locale\" content=\"de_DE\" \/>\n<meta property=\"og:type\" content=\"article\" \/>\n<meta property=\"og:title\" content=\"Schulsozialarbeiterin an der Grundschule - Oberschule &amp; Grundschule Paul-Guenther Geithain\" \/>\n<meta property=\"og:description\" content=\"Schulsozialarbeit an der Grundschule Schulsozialarbeit an der Paul-Guenther-Grundschule &nbsp; &nbsp; Josephine H\u00f6ltke Sprechzeiten: 8.00 Uhr bis 13.30 Uhr sowie nach Vereinbarung Kontakt:\u00a0 Mobil: 0172 &#8211; 1906623 E-Mail: &#x73;&#x63;&#x68;&#x75;&#x6c;&#x73;&#x6f;&#x7a;&#x69;&#x61;&#x6c;&#x61;&#x72;&#x62;&#101;&#105;&#116;&#045;&#103;&#115;&#064;&#097;&#119;&#111;&#045;leipzige&#x72;&#x6c;&#x61;&#x6e;&#x64;&#x2e;&#x64;&#x65; Liebe Eltern, Sorgeberechtigte und Kinder, gern m\u00f6chte ich mich mit diesem Brief bei Ihnen vorstellen und Sie \u00fcber meine Arbeit informieren. Mein Name ist Josephine H\u00f6ltke, ich &hellip;\" \/>\n<meta property=\"og:url\" content=\"https:\/\/www.paul-guenther-schule.de\/index.php\/grundschule\/schulsozialarbeit\/\" \/>\n<meta property=\"og:site_name\" content=\"Oberschule &amp; Grundschule Paul-Guenther Geithain\" \/>\n<meta property=\"article:modified_time\" content=\"2026-02-05T13:41:00+00:00\" \/>\n<meta property=\"og:image\" content=\"https:\/\/www.paul-guenther-schule.de\/wp-content\/uploads\/2026\/02\/WhatsApp-Image-2026-01-20-at-10.10.22.jpeg\" \/>\n\t<meta property=\"og:image:width\" content=\"1600\" \/>\n\t<meta property=\"og:image:height\" content=\"1244\" \/>\n\t<meta property=\"og:image:type\" content=\"image\/jpeg\" \/>\n<meta name=\"twitter:card\" content=\"summary_large_image\" \/>\n<meta name=\"twitter:label1\" content=\"Gesch\u00e4tzte Lesezeit\" \/>\n\t<meta name=\"twitter:data1\" content=\"2\u00a0Minuten\" \/>\n<script type=\"application\/ld+json\" class=\"yoast-schema-graph\">{\"@context\":\"https:\/\/schema.org\",\"@graph\":[{\"@type\":\"WebPage\",\"@id\":\"https:\/\/www.paul-guenther-schule.de\/index.php\/grundschule\/schulsozialarbeit\/\",\"url\":\"https:\/\/www.paul-guenther-schule.de\/index.php\/grundschule\/schulsozialarbeit\/\",\"name\":\"Schulsozialarbeiterin an der Grundschule - Oberschule &amp; Grundschule Paul-Guenther Geithain\",\"isPartOf\":{\"@id\":\"https:\/\/www.paul-guenther-schule.de\/#website\"},\"primaryImageOfPage\":{\"@id\":\"https:\/\/www.paul-guenther-schule.de\/index.php\/grundschule\/schulsozialarbeit\/#primaryimage\"},\"image\":{\"@id\":\"https:\/\/www.paul-guenther-schule.de\/index.php\/grundschule\/schulsozialarbeit\/#primaryimage\"},\"thumbnailUrl\":\"https:\/\/www.paul-guenther-schule.de\/wp-content\/uploads\/2026\/02\/WhatsApp-Image-2026-01-20-at-10.10.22-300x233.jpeg\",\"datePublished\":\"2024-01-04T14:17:55+00:00\",\"dateModified\":\"2026-02-05T13:41:00+00:00\",\"breadcrumb\":{\"@id\":\"https:\/\/www.paul-guenther-schule.de\/index.php\/grundschule\/schulsozialarbeit\/#breadcrumb\"},\"inLanguage\":\"de\",\"potentialAction\":[{\"@type\":\"ReadAction\",\"target\":[\"https:\/\/www.paul-guenther-schule.de\/index.php\/grundschule\/schulsozialarbeit\/\"]}]},{\"@type\":\"ImageObject\",\"inLanguage\":\"de\",\"@id\":\"https:\/\/www.paul-guenther-schule.de\/index.php\/grundschule\/schulsozialarbeit\/#primaryimage\",\"url\":\"https:\/\/www.paul-guenther-schule.de\/wp-content\/uploads\/2026\/02\/WhatsApp-Image-2026-01-20-at-10.10.22.jpeg\",\"contentUrl\":\"https:\/\/www.paul-guenther-schule.de\/wp-content\/uploads\/2026\/02\/WhatsApp-Image-2026-01-20-at-10.10.22.jpeg\",\"width\":1600,\"height\":1244},{\"@type\":\"BreadcrumbList\",\"@id\":\"https:\/\/www.paul-guenther-schule.de\/index.php\/grundschule\/schulsozialarbeit\/#breadcrumb\",\"itemListElement\":[{\"@type\":\"ListItem\",\"position\":1,\"name\":\"Home\",\"item\":\"https:\/\/www.paul-guenther-schule.de\/\"},{\"@type\":\"ListItem\",\"position\":2,\"name\":\"Grundschule\",\"item\":\"https:\/\/www.paul-guenther-schule.de\/index.php\/grundschule\/\"},{\"@type\":\"ListItem\",\"position\":3,\"name\":\"Schulsozialarbeiterin an der Grundschule\"}]},{\"@type\":\"WebSite\",\"@id\":\"https:\/\/www.paul-guenther-schule.de\/#website\",\"url\":\"https:\/\/www.paul-guenther-schule.de\/\",\"name\":\"Oberschule &amp; Grundschule Paul-Guenther Geithain\",\"description\":\"\",\"publisher\":{\"@id\":\"https:\/\/www.paul-guenther-schule.de\/#organization\"},\"potentialAction\":[{\"@type\":\"SearchAction\",\"target\":{\"@type\":\"EntryPoint\",\"urlTemplate\":\"https:\/\/www.paul-guenther-schule.de\/?s={search_term_string}\"},\"query-input\":{\"@type\":\"PropertyValueSpecification\",\"valueRequired\":true,\"valueName\":\"search_term_string\"}}],\"inLanguage\":\"de\"},{\"@type\":\"Organization\",\"@id\":\"https:\/\/www.paul-guenther-schule.de\/#organization\",\"name\":\"Oberschule &amp; Grundschule Paul-Guenther Geithain\",\"url\":\"https:\/\/www.paul-guenther-schule.de\/\",\"logo\":{\"@type\":\"ImageObject\",\"inLanguage\":\"de\",\"@id\":\"https:\/\/www.paul-guenther-schule.de\/#\/schema\/logo\/image\/\",\"url\":\"https:\/\/www.paul-guenther-schule.de\/wp-content\/uploads\/2024\/01\/cropped-header-pauli-eule-04.png\",\"contentUrl\":\"https:\/\/www.paul-guenther-schule.de\/wp-content\/uploads\/2024\/01\/cropped-header-pauli-eule-04.png\",\"width\":1040,\"height\":294,\"caption\":\"Oberschule &amp; Grundschule Paul-Guenther Geithain\"},\"image\":{\"@id\":\"https:\/\/www.paul-guenther-schule.de\/#\/schema\/logo\/image\/\"}}]}<\/script>\n<!-- \/ Yoast SEO plugin. -->","yoast_head_json":{"title":"Schulsozialarbeiterin an der Grundschule - Oberschule &amp; Grundschule Paul-Guenther Geithain","robots":{"index":"index","follow":"follow","max-snippet":"max-snippet:-1","max-image-preview":"max-image-preview:large","max-video-preview":"max-video-preview:-1"},"canonical":"https:\/\/www.paul-guenther-schule.de\/index.php\/grundschule\/schulsozialarbeit\/","og_locale":"de_DE","og_type":"article","og_title":"Schulsozialarbeiterin an der Grundschule - Oberschule &amp; Grundschule Paul-Guenther Geithain","og_description":"Schulsozialarbeit an der Grundschule Schulsozialarbeit an der Paul-Guenther-Grundschule &nbsp; &nbsp; Josephine H\u00f6ltke Sprechzeiten: 8.00 Uhr bis 13.30 Uhr sowie nach Vereinbarung Kontakt:\u00a0 Mobil: 0172 &#8211; 1906623 E-Mail: &#x73;&#x63;&#x68;&#x75;&#x6c;&#x73;&#x6f;&#x7a;&#x69;&#x61;&#x6c;&#x61;&#x72;&#x62;&#101;&#105;&#116;&#45;&#103;&#115;&#64;&#97;&#119;&#111;&#45;leipzige&#x72;&#x6c;&#x61;&#x6e;&#x64;&#x2e;&#x64;&#x65; Liebe Eltern, Sorgeberechtigte und Kinder, gern m\u00f6chte ich mich mit diesem Brief bei Ihnen vorstellen und Sie \u00fcber meine Arbeit informieren. Mein Name ist Josephine H\u00f6ltke, ich &hellip;","og_url":"https:\/\/www.paul-guenther-schule.de\/index.php\/grundschule\/schulsozialarbeit\/","og_site_name":"Oberschule &amp; Grundschule Paul-Guenther Geithain","article_modified_time":"2026-02-05T13:41:00+00:00","og_image":[{"width":1600,"height":1244,"url":"https:\/\/www.paul-guenther-schule.de\/wp-content\/uploads\/2026\/02\/WhatsApp-Image-2026-01-20-at-10.10.22.jpeg","type":"image\/jpeg"}],"twitter_card":"summary_large_image","twitter_misc":{"Gesch\u00e4tzte Lesezeit":"2\u00a0Minuten"},"schema":{"@context":"https:\/\/schema.org","@graph":[{"@type":"WebPage","@id":"https:\/\/www.paul-guenther-schule.de\/index.php\/grundschule\/schulsozialarbeit\/","url":"https:\/\/www.paul-guenther-schule.de\/index.php\/grundschule\/schulsozialarbeit\/","name":"Schulsozialarbeiterin an der Grundschule - Oberschule &amp; Grundschule Paul-Guenther Geithain","isPartOf":{"@id":"https:\/\/www.paul-guenther-schule.de\/#website"},"primaryImageOfPage":{"@id":"https:\/\/www.paul-guenther-schule.de\/index.php\/grundschule\/schulsozialarbeit\/#primaryimage"},"image":{"@id":"https:\/\/www.paul-guenther-schule.de\/index.php\/grundschule\/schulsozialarbeit\/#primaryimage"},"thumbnailUrl":"https:\/\/www.paul-guenther-schule.de\/wp-content\/uploads\/2026\/02\/WhatsApp-Image-2026-01-20-at-10.10.22-300x233.jpeg","datePublished":"2024-01-04T14:17:55+00:00","dateModified":"2026-02-05T13:41:00+00:00","breadcrumb":{"@id":"https:\/\/www.paul-guenther-schule.de\/index.php\/grundschule\/schulsozialarbeit\/#breadcrumb"},"inLanguage":"de","potentialAction":[{"@type":"ReadAction","target":["https:\/\/www.paul-guenther-schule.de\/index.php\/grundschule\/schulsozialarbeit\/"]}]},{"@type":"ImageObject","inLanguage":"de","@id":"https:\/\/www.paul-guenther-schule.de\/index.php\/grundschule\/schulsozialarbeit\/#primaryimage","url":"https:\/\/www.paul-guenther-schule.de\/wp-content\/uploads\/2026\/02\/WhatsApp-Image-2026-01-20-at-10.10.22.jpeg","contentUrl":"https:\/\/www.paul-guenther-schule.de\/wp-content\/uploads\/2026\/02\/WhatsApp-Image-2026-01-20-at-10.10.22.jpeg","width":1600,"height":1244},{"@type":"BreadcrumbList","@id":"https:\/\/www.paul-guenther-schule.de\/index.php\/grundschule\/schulsozialarbeit\/#breadcrumb","itemListElement":[{"@type":"ListItem","position":1,"name":"Home","item":"https:\/\/www.paul-guenther-schule.de\/"},{"@type":"ListItem","position":2,"name":"Grundschule","item":"https:\/\/www.paul-guenther-schule.de\/index.php\/grundschule\/"},{"@type":"ListItem","position":3,"name":"Schulsozialarbeiterin an der Grundschule"}]},{"@type":"WebSite","@id":"https:\/\/www.paul-guenther-schule.de\/#website","url":"https:\/\/www.paul-guenther-schule.de\/","name":"Oberschule &amp; Grundschule Paul-Guenther Geithain","description":"","publisher":{"@id":"https:\/\/www.paul-guenther-schule.de\/#organization"},"potentialAction":[{"@type":"SearchAction","target":{"@type":"EntryPoint","urlTemplate":"https:\/\/www.paul-guenther-schule.de\/?s={search_term_string}"},"query-input":{"@type":"PropertyValueSpecification","valueRequired":true,"valueName":"search_term_string"}}],"inLanguage":"de"},{"@type":"Organization","@id":"https:\/\/www.paul-guenther-schule.de\/#organization","name":"Oberschule &amp; Grundschule Paul-Guenther Geithain","url":"https:\/\/www.paul-guenther-schule.de\/","logo":{"@type":"ImageObject","inLanguage":"de","@id":"https:\/\/www.paul-guenther-schule.de\/#\/schema\/logo\/image\/","url":"https:\/\/www.paul-guenther-schule.de\/wp-content\/uploads\/2024\/01\/cropped-header-pauli-eule-04.png","contentUrl":"https:\/\/www.paul-guenther-schule.de\/wp-content\/uploads\/2024\/01\/cropped-header-pauli-eule-04.png","width":1040,"height":294,"caption":"Oberschule &amp; Grundschule Paul-Guenther Geithain"},"image":{"@id":"https:\/\/www.paul-guenther-schule.de\/#\/schema\/logo\/image\/"}}]}},"publishpress_future_action":{"enabled":false,"date":"2026-05-08 01:51:30","action":"change-status","newStatus":"draft","terms":[],"taxonomy":""},"publishpress_future_workflow_manual_trigger":{"enabledWorkflows":[]},"_links":{"self":[{"href":"https:\/\/www.paul-guenther-schule.de\/index.php\/wp-json\/wp\/v2\/pages\/122","targetHints":{"allow":["GET"]}}],"collection":[{"href":"https:\/\/www.paul-guenther-schule.de\/index.php\/wp-json\/wp\/v2\/pages"}],"about":[{"href":"https:\/\/www.paul-guenther-schule.de\/index.php\/wp-json\/wp\/v2\/types\/page"}],"author":[{"embeddable":true,"href":"https:\/\/www.paul-guenther-schule.de\/index.php\/wp-json\/wp\/v2\/users\/1"}],"replies":[{"embeddable":true,"href":"https:\/\/www.paul-guenther-schule.de\/index.php\/wp-json\/wp\/v2\/comments?post=122"}],"version-history":[{"count":21,"href":"https:\/\/www.paul-guenther-schule.de\/index.php\/wp-json\/wp\/v2\/pages\/122\/revisions"}],"predecessor-version":[{"id":1354,"href":"https:\/\/www.paul-guenther-schule.de\/index.php\/wp-json\/wp\/v2\/pages\/122\/revisions\/1354"}],"up":[{"embeddable":true,"href":"https:\/\/www.paul-guenther-schule.de\/index.php\/wp-json\/wp\/v2\/pages\/9"}],"wp:attachment":[{"href":"https:\/\/www.paul-guenther-schule.de\/index.php\/wp-json\/wp\/v2\/media?parent=122"}],"curies":[{"name":"wp","href":"https:\/\/api.w.org\/{rel}","templated":true}]}}