{"id":155,"date":"2024-01-04T16:37:24","date_gmt":"2024-01-04T15:37:24","guid":{"rendered":"https:\/\/www.paul-guenther-schule.de\/?page_id=155"},"modified":"2024-05-14T11:13:25","modified_gmt":"2024-05-14T09:13:25","slug":"oberschule","status":"publish","type":"page","link":"https:\/\/www.paul-guenther-schule.de\/index.php\/oberschule\/","title":{"rendered":"Oberschule"},"content":{"rendered":"<h1>Informationen f\u00fcr die Oberschule<\/h1>\n<h3>Unser Schulkonzept: WISSEN &#8211; WERTE &#8211; WOHLF\u00dcHLEN<\/h3>\n<ul>\n<li>l\u00e4nger gemeinsam lernen<\/li>\n<li>St\u00e4rken f\u00f6rdern und Schw\u00e4chen abbauen &#8211; LRS-F\u00f6rderung &#8211;<br \/>\nF\u00f6rderstunden in Ma, D, En<\/li>\n<li>2. Fremdsprache &#8211; Spanisch oder Russisch\u00a0 &#8211; ab Klasse 6<\/li>\n<li>Musical \u2013 Sch\u00fcler f\u00fchren auf<\/li>\n<li>weitere Ganztagsangebote wie z. B. Pfadfinder, Schwimmen und Fu\u00dfball<\/li>\n<li>Berufsorientierung ab Klasse 7 in Zusammenarbeit mit der DAA Borna und Betrieben der Umgebung sowie mit der Praxisberaterin<\/li>\n<li>Sch\u00fclerfirma pauli@work<\/li>\n<li>Hausaufgabenbetreuung<\/li>\n<li>Schulclub und Schulsozialarbeit<\/li>\n<li>F\u00f6rderverein und Stiftung<\/li>\n<\/ul>\n","protected":false},"excerpt":{"rendered":"<p>Informationen f\u00fcr die Oberschule Unser Schulkonzept: WISSEN &#8211; WERTE &#8211; WOHLF\u00dcHLEN l\u00e4nger gemeinsam lernen St\u00e4rken f\u00f6rdern und Schw\u00e4chen abbauen &#8211; LRS-F\u00f6rderung &#8211; F\u00f6rderstunden in Ma, D, En 2. Fremdsprache &#8211; Spanisch oder Russisch\u00a0 &#8211; ab Klasse 6 Musical \u2013 Sch\u00fcler f\u00fchren auf weitere Ganztagsangebote wie z. B. Pfadfinder, Schwimmen und Fu\u00dfball Berufsorientierung ab Klasse 7 &hellip;<\/p>\n","protected":false},"author":1,"featured_media":506,"parent":0,"menu_order":0,"comment_status":"closed","ping_status":"closed","template":"","meta":{"footnotes":""},"class_list":["post-155","page","type-page","status-publish","has-post-thumbnail","hentry"],"yoast_head":"<!-- This site is optimized with the Yoast SEO plugin v23.7 - https:\/\/yoast.com\/wordpress\/plugins\/seo\/ -->\n<title>Oberschule - Oberschule &amp; Grundschule Paul-Guenther Geithain<\/title>\n<meta name=\"robots\" content=\"index, follow, max-snippet:-1, max-image-preview:large, max-video-preview:-1\" \/>\n<link rel=\"canonical\" href=\"https:\/\/www.paul-guenther-schule.de\/index.php\/oberschule\/\" \/>\n<meta property=\"og:locale\" content=\"de_DE\" \/>\n<meta property=\"og:type\" content=\"article\" \/>\n<meta property=\"og:title\" content=\"Oberschule - Oberschule &amp; Grundschule Paul-Guenther Geithain\" \/>\n<meta property=\"og:description\" content=\"Informationen f\u00fcr die Oberschule Unser Schulkonzept: WISSEN &#8211; WERTE &#8211; WOHLF\u00dcHLEN l\u00e4nger gemeinsam lernen St\u00e4rken f\u00f6rdern und Schw\u00e4chen abbauen &#8211; LRS-F\u00f6rderung &#8211; F\u00f6rderstunden in Ma, D, En 2. Fremdsprache &#8211; Spanisch oder Russisch\u00a0 &#8211; ab Klasse 6 Musical \u2013 Sch\u00fcler f\u00fchren auf weitere Ganztagsangebote wie z. B. Pfadfinder, Schwimmen und Fu\u00dfball Berufsorientierung ab Klasse 7 &hellip;\" \/>\n<meta property=\"og:url\" content=\"https:\/\/www.paul-guenther-schule.de\/index.php\/oberschule\/\" \/>\n<meta property=\"og:site_name\" content=\"Oberschule &amp; Grundschule Paul-Guenther Geithain\" \/>\n<meta property=\"article:modified_time\" content=\"2024-05-14T09:13:25+00:00\" \/>\n<meta property=\"og:image\" content=\"https:\/\/www.paul-guenther-schule.de\/wp-content\/uploads\/2024\/01\/oberschule-wabe2.png\" \/>\n\t<meta property=\"og:image:width\" content=\"350\" \/>\n\t<meta property=\"og:image:height\" content=\"342\" \/>\n\t<meta property=\"og:image:type\" content=\"image\/png\" \/>\n<meta name=\"twitter:card\" content=\"summary_large_image\" \/>\n<meta name=\"twitter:label1\" content=\"Gesch\u00e4tzte Lesezeit\" \/>\n\t<meta name=\"twitter:data1\" content=\"1\u00a0Minute\" \/>\n<script type=\"application\/ld+json\" class=\"yoast-schema-graph\">{\"@context\":\"https:\/\/schema.org\",\"@graph\":[{\"@type\":\"WebPage\",\"@id\":\"https:\/\/www.paul-guenther-schule.de\/index.php\/oberschule\/\",\"url\":\"https:\/\/www.paul-guenther-schule.de\/index.php\/oberschule\/\",\"name\":\"Oberschule - Oberschule &amp; Grundschule Paul-Guenther Geithain\",\"isPartOf\":{\"@id\":\"https:\/\/www.paul-guenther-schule.de\/#website\"},\"primaryImageOfPage\":{\"@id\":\"https:\/\/www.paul-guenther-schule.de\/index.php\/oberschule\/#primaryimage\"},\"image\":{\"@id\":\"https:\/\/www.paul-guenther-schule.de\/index.php\/oberschule\/#primaryimage\"},\"thumbnailUrl\":\"https:\/\/www.paul-guenther-schule.de\/wp-content\/uploads\/2024\/01\/oberschule-wabe2.png\",\"datePublished\":\"2024-01-04T15:37:24+00:00\",\"dateModified\":\"2024-05-14T09:13:25+00:00\",\"breadcrumb\":{\"@id\":\"https:\/\/www.paul-guenther-schule.de\/index.php\/oberschule\/#breadcrumb\"},\"inLanguage\":\"de\",\"potentialAction\":[{\"@type\":\"ReadAction\",\"target\":[\"https:\/\/www.paul-guenther-schule.de\/index.php\/oberschule\/\"]}]},{\"@type\":\"ImageObject\",\"inLanguage\":\"de\",\"@id\":\"https:\/\/www.paul-guenther-schule.de\/index.php\/oberschule\/#primaryimage\",\"url\":\"https:\/\/www.paul-guenther-schule.de\/wp-content\/uploads\/2024\/01\/oberschule-wabe2.png\",\"contentUrl\":\"https:\/\/www.paul-guenther-schule.de\/wp-content\/uploads\/2024\/01\/oberschule-wabe2.png\",\"width\":350,\"height\":342},{\"@type\":\"BreadcrumbList\",\"@id\":\"https:\/\/www.paul-guenther-schule.de\/index.php\/oberschule\/#breadcrumb\",\"itemListElement\":[{\"@type\":\"ListItem\",\"position\":1,\"name\":\"Home\",\"item\":\"https:\/\/www.paul-guenther-schule.de\/\"},{\"@type\":\"ListItem\",\"position\":2,\"name\":\"Oberschule\"}]},{\"@type\":\"WebSite\",\"@id\":\"https:\/\/www.paul-guenther-schule.de\/#website\",\"url\":\"https:\/\/www.paul-guenther-schule.de\/\",\"name\":\"Oberschule &amp; Grundschule Paul-Guenther Geithain\",\"description\":\"\",\"publisher\":{\"@id\":\"https:\/\/www.paul-guenther-schule.de\/#organization\"},\"potentialAction\":[{\"@type\":\"SearchAction\",\"target\":{\"@type\":\"EntryPoint\",\"urlTemplate\":\"https:\/\/www.paul-guenther-schule.de\/?s={search_term_string}\"},\"query-input\":{\"@type\":\"PropertyValueSpecification\",\"valueRequired\":true,\"valueName\":\"search_term_string\"}}],\"inLanguage\":\"de\"},{\"@type\":\"Organization\",\"@id\":\"https:\/\/www.paul-guenther-schule.de\/#organization\",\"name\":\"Oberschule &amp; Grundschule Paul-Guenther Geithain\",\"url\":\"https:\/\/www.paul-guenther-schule.de\/\",\"logo\":{\"@type\":\"ImageObject\",\"inLanguage\":\"de\",\"@id\":\"https:\/\/www.paul-guenther-schule.de\/#\/schema\/logo\/image\/\",\"url\":\"https:\/\/www.paul-guenther-schule.de\/wp-content\/uploads\/2024\/01\/cropped-header-pauli-eule-04.png\",\"contentUrl\":\"https:\/\/www.paul-guenther-schule.de\/wp-content\/uploads\/2024\/01\/cropped-header-pauli-eule-04.png\",\"width\":1040,\"height\":294,\"caption\":\"Oberschule &amp; Grundschule Paul-Guenther Geithain\"},\"image\":{\"@id\":\"https:\/\/www.paul-guenther-schule.de\/#\/schema\/logo\/image\/\"}}]}<\/script>\n<!-- \/ Yoast SEO plugin. -->","yoast_head_json":{"title":"Oberschule - Oberschule &amp; Grundschule Paul-Guenther Geithain","robots":{"index":"index","follow":"follow","max-snippet":"max-snippet:-1","max-image-preview":"max-image-preview:large","max-video-preview":"max-video-preview:-1"},"canonical":"https:\/\/www.paul-guenther-schule.de\/index.php\/oberschule\/","og_locale":"de_DE","og_type":"article","og_title":"Oberschule - Oberschule &amp; Grundschule Paul-Guenther Geithain","og_description":"Informationen f\u00fcr die Oberschule Unser Schulkonzept: WISSEN &#8211; WERTE &#8211; WOHLF\u00dcHLEN l\u00e4nger gemeinsam lernen St\u00e4rken f\u00f6rdern und Schw\u00e4chen abbauen &#8211; LRS-F\u00f6rderung &#8211; F\u00f6rderstunden in Ma, D, En 2. Fremdsprache &#8211; Spanisch oder Russisch\u00a0 &#8211; ab Klasse 6 Musical \u2013 Sch\u00fcler f\u00fchren auf weitere Ganztagsangebote wie z. B. Pfadfinder, Schwimmen und Fu\u00dfball Berufsorientierung ab Klasse 7 &hellip;","og_url":"https:\/\/www.paul-guenther-schule.de\/index.php\/oberschule\/","og_site_name":"Oberschule &amp; Grundschule Paul-Guenther Geithain","article_modified_time":"2024-05-14T09:13:25+00:00","og_image":[{"width":350,"height":342,"url":"https:\/\/www.paul-guenther-schule.de\/wp-content\/uploads\/2024\/01\/oberschule-wabe2.png","type":"image\/png"}],"twitter_card":"summary_large_image","twitter_misc":{"Gesch\u00e4tzte Lesezeit":"1\u00a0Minute"},"schema":{"@context":"https:\/\/schema.org","@graph":[{"@type":"WebPage","@id":"https:\/\/www.paul-guenther-schule.de\/index.php\/oberschule\/","url":"https:\/\/www.paul-guenther-schule.de\/index.php\/oberschule\/","name":"Oberschule - Oberschule &amp; Grundschule Paul-Guenther Geithain","isPartOf":{"@id":"https:\/\/www.paul-guenther-schule.de\/#website"},"primaryImageOfPage":{"@id":"https:\/\/www.paul-guenther-schule.de\/index.php\/oberschule\/#primaryimage"},"image":{"@id":"https:\/\/www.paul-guenther-schule.de\/index.php\/oberschule\/#primaryimage"},"thumbnailUrl":"https:\/\/www.paul-guenther-schule.de\/wp-content\/uploads\/2024\/01\/oberschule-wabe2.png","datePublished":"2024-01-04T15:37:24+00:00","dateModified":"2024-05-14T09:13:25+00:00","breadcrumb":{"@id":"https:\/\/www.paul-guenther-schule.de\/index.php\/oberschule\/#breadcrumb"},"inLanguage":"de","potentialAction":[{"@type":"ReadAction","target":["https:\/\/www.paul-guenther-schule.de\/index.php\/oberschule\/"]}]},{"@type":"ImageObject","inLanguage":"de","@id":"https:\/\/www.paul-guenther-schule.de\/index.php\/oberschule\/#primaryimage","url":"https:\/\/www.paul-guenther-schule.de\/wp-content\/uploads\/2024\/01\/oberschule-wabe2.png","contentUrl":"https:\/\/www.paul-guenther-schule.de\/wp-content\/uploads\/2024\/01\/oberschule-wabe2.png","width":350,"height":342},{"@type":"BreadcrumbList","@id":"https:\/\/www.paul-guenther-schule.de\/index.php\/oberschule\/#breadcrumb","itemListElement":[{"@type":"ListItem","position":1,"name":"Home","item":"https:\/\/www.paul-guenther-schule.de\/"},{"@type":"ListItem","position":2,"name":"Oberschule"}]},{"@type":"WebSite","@id":"https:\/\/www.paul-guenther-schule.de\/#website","url":"https:\/\/www.paul-guenther-schule.de\/","name":"Oberschule &amp; Grundschule Paul-Guenther Geithain","description":"","publisher":{"@id":"https:\/\/www.paul-guenther-schule.de\/#organization"},"potentialAction":[{"@type":"SearchAction","target":{"@type":"EntryPoint","urlTemplate":"https:\/\/www.paul-guenther-schule.de\/?s={search_term_string}"},"query-input":{"@type":"PropertyValueSpecification","valueRequired":true,"valueName":"search_term_string"}}],"inLanguage":"de"},{"@type":"Organization","@id":"https:\/\/www.paul-guenther-schule.de\/#organization","name":"Oberschule &amp; Grundschule Paul-Guenther Geithain","url":"https:\/\/www.paul-guenther-schule.de\/","logo":{"@type":"ImageObject","inLanguage":"de","@id":"https:\/\/www.paul-guenther-schule.de\/#\/schema\/logo\/image\/","url":"https:\/\/www.paul-guenther-schule.de\/wp-content\/uploads\/2024\/01\/cropped-header-pauli-eule-04.png","contentUrl":"https:\/\/www.paul-guenther-schule.de\/wp-content\/uploads\/2024\/01\/cropped-header-pauli-eule-04.png","width":1040,"height":294,"caption":"Oberschule &amp; Grundschule Paul-Guenther Geithain"},"image":{"@id":"https:\/\/www.paul-guenther-schule.de\/#\/schema\/logo\/image\/"}}]}},"publishpress_future_action":{"enabled":false,"date":"2026-05-05 15:59:18","action":"change-status","newStatus":"draft","terms":[],"taxonomy":""},"publishpress_future_workflow_manual_trigger":{"enabledWorkflows":[]},"_links":{"self":[{"href":"https:\/\/www.paul-guenther-schule.de\/index.php\/wp-json\/wp\/v2\/pages\/155","targetHints":{"allow":["GET"]}}],"collection":[{"href":"https:\/\/www.paul-guenther-schule.de\/index.php\/wp-json\/wp\/v2\/pages"}],"about":[{"href":"https:\/\/www.paul-guenther-schule.de\/index.php\/wp-json\/wp\/v2\/types\/page"}],"author":[{"embeddable":true,"href":"https:\/\/www.paul-guenther-schule.de\/index.php\/wp-json\/wp\/v2\/users\/1"}],"replies":[{"embeddable":true,"href":"https:\/\/www.paul-guenther-schule.de\/index.php\/wp-json\/wp\/v2\/comments?post=155"}],"version-history":[{"count":22,"href":"https:\/\/www.paul-guenther-schule.de\/index.php\/wp-json\/wp\/v2\/pages\/155\/revisions"}],"predecessor-version":[{"id":1248,"href":"https:\/\/www.paul-guenther-schule.de\/index.php\/wp-json\/wp\/v2\/pages\/155\/revisions\/1248"}],"wp:featuredmedia":[{"embeddable":true,"href":"https:\/\/www.paul-guenther-schule.de\/index.php\/wp-json\/wp\/v2\/media\/506"}],"wp:attachment":[{"href":"https:\/\/www.paul-guenther-schule.de\/index.php\/wp-json\/wp\/v2\/media?parent=155"}],"curies":[{"name":"wp","href":"https:\/\/api.w.org\/{rel}","templated":true}]}}