{"id":17,"date":"2024-01-04T11:30:59","date_gmt":"2024-01-04T10:30:59","guid":{"rendered":"https:\/\/www.paul-guenther-schule.de\/?page_id=17"},"modified":"2024-06-10T18:06:01","modified_gmt":"2024-06-10T16:06:01","slug":"impressum","status":"publish","type":"page","link":"https:\/\/www.paul-guenther-schule.de\/index.php\/impressum\/","title":{"rendered":"Impressum"},"content":{"rendered":"<section id=\"builder-section-text_30\" class=\"builder-section-first builder-section builder-section-text builder-section-next-text builder-text-columns-1\" style=\"background-size: cover; background-repeat: no-repeat;background-position: center center;\">\n<div class=\"builder-section-content\">\n<div class=\"builder-text-row\">\n<div class=\"builder-text-column builder-text-column-1\" id=\"builder-section-text_30-column-1\">\n<div class=\"builder-text-content\">\n<div id=\"c1504\" class=\"csc-layout_0\">\n<div class=\"csc-header csc-header-n1\">\n<h1 class=\"csc-firstHeader\">Impressum<\/h1>\n<\/div>\n<\/div>\n<div id=\"c1505\" class=\"csc-layout_0\">\n<div class=\"element2cols\">\n<div class=\"firstcol col\">\n<div class=\"innen\">\n<div id=\"c1506\" class=\"csc-layout_0\">\n<p class=\"bodytext\"><b>F\u00f6rderverein der Paul-Guenther-Schule<\/b><br \/>Schillerstr. 13<br \/>04643 Geithain<\/p>\n<p>Telefon: 03 43 41 \/ 424 94<br \/>Fax: 03 43 41 \/ 428 66<br \/>E-Mail:<a>\u00a0&#102;&#x6f;&#101;&#x72;d&#x65;r&#118;&#x65;&#114;&#x65;&#105;&#x6e;p&#x67;s&#64;&#x74;&#45;&#x6f;&#110;&#x6c;&#105;&#x6e;e&#x2e;d&#101;<\/a><\/p>\n<p class=\"bodytext\"><b>Vertretungsberechtigter Vorstand: <\/b>Herr Hardy Lo\u00dfner<\/p>\n<p class=\"bodytext\"><b>Schulleitung:<\/b><br \/>Frau Ute Vockerodt, Schulleiterin<br \/>Herr Berger, stellvertretender Schulleiter<br \/>Schillerstr. 13 | 04643 Geithain<br \/>Telefon: 03 43 41 \/ 424 94<br \/>Fax: 03 43 41 \/ 428 66<br \/>E-Mail:\u00a0<a>&#x69;&#x6e;&#102;&#111;&#64;&#x70;&#x61;&#x75;&#108;&#45;g&#x75;&#x65;&#x6e;&#116;&#104;e&#x72;&#x2d;&#x73;&#99;&#104;u&#x6c;&#x65;&#x2e;&#100;e<\/a><\/p>\n<p class=\"bodytext\"><b>Schultr\u00e4ger:\u00a0<\/b><br \/>Stadtverwaltung Geithain<br \/>vertreten durch: Oberb\u00fcrgermeister Herr Rudolph<br \/>Markt 11 | 04643 Geithain<br \/>Tel.: 03 43 41 \/ 466-0<br \/>E-Mail:\u00a0<a>&#x73;&#x74;&#x61;&#x64;&#x74;&#x40;&#x67;&#x65;&#x69;&#x74;&#x68;&#97;&#105;&#110;&#46;&#100;&#101;<\/a><\/p>\n<p class=\"bodytext\"><b>Inhaltlich Verantwortliche:<\/b><br \/>Frau Heike Hille f\u00fcr die Oberschule<br \/>Frau Julia Kuhn f\u00fcr die Grundschule<\/p>\n<p class=\"align-justify\"><b>Bildquellen:<\/b><br \/>Geschichte: Eigentum der Paul-Guenther-Schule<br \/>Ansprechpartner: die jeweiligen Mitarbeiter selbst<br \/>Hintergrund von StockAdobe: designworkz<br \/>Icons\/Grafiken Header von Pixabay: OpenClipart-Vectors | Clker-Free-Vector-Images | LoggaWiggler | Gerhard Janson<\/p>\n<p>Bei Beschwerden, Hinweisen und Anregungen wenden Sie sich bitte zun\u00e4chst an den Verantwortlichen f\u00fcr die Website.<\/p>\n<\/div>\n<\/div>\n<\/div>\n<\/div>\n<\/div><\/div>\n<\/p><\/div>\n<\/p><\/div>\n<div class=\"builder-text-row\">\n<div class=\"builder-text-column builder-text-column-2\" id=\"builder-section-text_30-column-1\">\n<div class=\"builder-text-content\">\n<div class=\"csc-header csc-header-n1\">\n<h2 class=\"csc-firstHeader\">Haftungsausschluss<\/h2>\n<\/div>\n<ol>\n<li><strong>Inhalt des Onlineangebotes:<\/strong> <br \/>Der Autor \u00fcbernimmt keinerlei Gew\u00e4hr f\u00fcr die Aktualit\u00e4t, Korrektheit, Vollst\u00e4ndigkeit oder Qualit\u00e4t der bereitgestellten Informationen. Haftungsanspr\u00fcche gegen den Autor, die sich auf Sch\u00e4den materieller oder ideeller Art beziehen, welche durch die Nutzung oder Nichtnutzung der dargebotenen Informationen bzw. durch die Nutzung fehlerhafter und unvollst\u00e4ndiger Informationen verursacht wurden sind grunds\u00e4tzlich ausgeschlossen, sofern seitens des Autors kein nachweislich vors\u00e4tzliches oder grob fahrl\u00e4ssiges Verschulden vorliegt. Alle Angebote sind freibleibend und unverbindlich. Der Autor beh\u00e4lt es sich ausdr\u00fccklich vor, Teile der Seiten oder das gesamte Angebot ohne gesonderte Ank\u00fcndigung zu ver\u00e4ndern, zu erg\u00e4nzen, zu l\u00f6schen oder die Ver\u00f6ffentlichung zeitweise oder endg\u00fcltig einzustellen.<\/li>\n<li class=\"align-justify\"><strong>Verweise und Links:<\/strong> <br \/>Bei direkten oder indirekten Verweisen auf fremde Internetseiten (&#8222;Links&#8220;), die au\u00dferhalb des Verantwortungsbereiches des Autors liegen, haftet dieser nur dann, wenn er von den Inhalten Kenntnis hat und es ihm technisch m\u00f6glich und zumutbar w\u00e4re, die Nutzung im Falle rechtswidriger Inhalte zu verhindern. Der Autor erkl\u00e4rt hiermit ausdr\u00fccklich, dass zum Zeitpunkt der Linksetzung die entsprechenden verlinkten Seiten frei von illegalen Inhalten waren. Der Autor erkl\u00e4rt weiterhin, dass er keinerlei Einfluss auf die aktuelle und zuk\u00fcnftige Gestaltung und auf die Inhalte der gelinkten\/verkn\u00fcpften Seiten hat. Deshalb distanziert er sich hiermit ausdr\u00fccklich von allen Inhalten aller gelinkten\/verkn\u00fcpften Seiten, die nach der Linksetzung ver\u00e4ndert wurden. Diese Feststellung gilt f\u00fcr alle innerhalb des eigenen Internetangebotes gesetzten Links und Verweise sowie f\u00fcr Fremdeintr\u00e4ge in vom Autor eingerichteten G\u00e4stebuch. F\u00fcr illegale, fehlerhafte oder unvollst\u00e4ndige Inhalte und insbesondere f\u00fcr Sch\u00e4den, die aus der Nutzung oder Nichtnutzung solcherart dargebotener Informationen entstehen, haftet allein der Anbieter der Seite, auf welche verwiesen wurde, nicht derjenige, der \u00fcber Links auf die jeweilige Ver\u00f6ffentlichung lediglich verweist.\n<\/li>\n<li class=\"align-justify\"><strong>Urheberrecht:<\/strong> <br \/>Der Autor ist bestrebt, in allen Publikationen die Urheberrechte der verwendeten Grafiken, Tondokumente, Videosequenzen und Texte zu beachten, von ihm selbst erstellte Grafiken, Tondokumente, Videosequenzen und Texte zu nutzen oder auf lizenzfreie Grafiken, Tondokumente, Videosequenzen und Texte zur\u00fcckzugreifen. Das Copyright f\u00fcr ver\u00f6ffentlichte, vom Autor selbst erstellte Objekte bleibt allein beim Autor der Seiten. Eine Vervielf\u00e4ltigung oder Verwendung solcher Grafiken, Tondokumente, Videosequenzen und Texte in anderen elektronischen oder gedruckten Publikationen ist ohne ausdr\u00fcckliche Zustimmung des Autors nicht gestattet.<\/li>\n<li class=\"align-justify\">Rechtswirksamkeit dieses Haftungsausschlusses: Dieser Haftungsausschluss ist als Teil des Internetangebotes zu betrachten, von dem aus auf diese Seite verwiesen wurde. Sofern Teile oder einzelne Formulierungen dieses Textes der geltenden Rechtslage nicht, nicht mehr oder nicht vollst\u00e4ndig entsprechen sollten, bleiben die \u00fcbrigen Teile des Dokumentes in ihrem Inhalt und ihrer G\u00fcltigkeit davon unber\u00fchrt.<\/li>\n<\/ol><\/div>\n<\/p><\/div>\n<\/p><\/div>\n<div class=\"builder-text-row\">\n<div class=\"builder-text-column builder-text-column-3\" id=\"builder-section-text_30-column-1\">\n<div class=\"builder-text-content\">\n<h3 class=\"bodytext\">Transparenzhinweis<\/h3>\n<p class=\"bodytext\">Seit 1. Januar 2013 ist das S\u00e4chsische Transparenzgesetz vom 19. August 2022 (S\u00e4chs-GVBI. S. 486) in Kraft. Es gew\u00e4hrt jeder Person ein Recht auf Zugang zu den bei einer transparenzpflichtigen Stelle im Freistaat Sachsen verf\u00fcgbaren Informationen, soweit keine Ausnahme gilt (Transparenzanspruch). Schulen sind transparenzpflichtige Stellen nur, soweit Informationen \u00fcber den Namen von Drittmittelgebern, die H\u00f6he der Drittmittel und die Laufzeit der mit Drittmitteln finanzierten abgeschlossenen Forschungsvorhaben betroffen sind.<\/p>\n<\/p><\/div>\n<\/p><\/div>\n<\/p><\/div>\n<\/p><\/div>\n<\/section>\n<section id=\"builder-section-text_56\" class=\"builder-section-prev-text builder-section builder-section-text builder-section-last builder-text-columns-1\" style=\"background-size: cover; background-repeat: no-repeat;background-position: center center;\">\n<div class=\"builder-section-content\">\n<div class=\"builder-text-row\">\n<div class=\"builder-text-column builder-text-column-1\" id=\"builder-section-text_56-column-1\">\n<div class=\"builder-text-content\">\n\t\t\t\t\t\t\t\t\t\t\t<\/div>\n<\/p><\/div>\n<\/p><\/div>\n<div class=\"builder-text-row\">\n<div class=\"builder-text-column builder-text-column-2\" id=\"builder-section-text_56-column-1\">\n<div class=\"builder-text-content\">\n\t\t\t\t\t\t\t\t\t\t\t<\/div>\n<\/p><\/div>\n<\/p><\/div>\n<div class=\"builder-text-row\">\n<div class=\"builder-text-column builder-text-column-3\" id=\"builder-section-text_56-column-1\">\n<div class=\"builder-text-content\">\n\t\t\t\t\t\t\t\t\t\t\t<\/div>\n<\/p><\/div>\n<\/p><\/div>\n<\/p><\/div>\n<\/section>\n","protected":false},"excerpt":{"rendered":"<p>Impressum F\u00f6rderverein der Paul-Guenther-SchuleSchillerstr. 1304643 Geithain Telefon: 03 43 41 \/ 424 94Fax: 03 43 41 \/ 428 66E-Mail:\u00a0&#102;&#x6f;&#101;&#x72;d&#x65;r&#x76;e&#114;&#x65;&#105;&#x6e;&#112;&#x67;&#115;&#x40;t&#x2d;o&#x6e;l&#105;&#x6e;&#101;&#x2e;&#100;&#x65; Vertretungsberechtigter Vorstand: Herr Hardy Lo\u00dfner Schulleitung:Frau Ute Vockerodt, SchulleiterinHerr Berger, stellvertretender SchulleiterSchillerstr. 13 | 04643 GeithainTelefon: 03 43 41 \/ 424 94Fax: 03 43 41 \/ 428 66E-Mail:\u00a0&#x69;&#x6e;&#x66;&#x6f;&#x40;&#x70;&#x61;&#x75;&#108;&#45;&#103;&#117;&#101;&#110;&#116;her-&#x73;&#x63;&#x68;&#x75;&#x6c;&#x65;&#x2e;&#x64;&#x65; Schultr\u00e4ger:\u00a0Stadtverwaltung Geithainvertreten durch: Oberb\u00fcrgermeister Herr RudolphMarkt 11 | &hellip;<\/p>\n","protected":false},"author":1,"featured_media":0,"parent":0,"menu_order":0,"comment_status":"closed","ping_status":"closed","template":"template-builder.php","meta":{"footnotes":""},"class_list":["post-17","page","type-page","status-publish","hentry"],"yoast_head":"<!-- This site is optimized with the Yoast SEO plugin v23.7 - https:\/\/yoast.com\/wordpress\/plugins\/seo\/ -->\n<title>Impressum - Oberschule &amp; Grundschule Paul-Guenther Geithain<\/title>\n<meta name=\"robots\" content=\"index, follow, max-snippet:-1, max-image-preview:large, max-video-preview:-1\" \/>\n<link rel=\"canonical\" href=\"https:\/\/www.paul-guenther-schule.de\/index.php\/impressum\/\" \/>\n<meta property=\"og:locale\" content=\"de_DE\" \/>\n<meta property=\"og:type\" content=\"article\" \/>\n<meta property=\"og:title\" content=\"Impressum - Oberschule &amp; Grundschule Paul-Guenther Geithain\" \/>\n<meta property=\"og:description\" content=\"Impressum F\u00f6rderverein der Paul-Guenther-SchuleSchillerstr. 1304643 Geithain Telefon: 03 43 41 \/ 424 94Fax: 03 43 41 \/ 428 66E-Mail:\u00a0f&#111;&#101;&#114;&#100;&#x65;&#x72;&#x76;&#x65;&#x72;&#x65;&#x69;npg&#115;&#064;&#116;&#045;&#111;&#x6e;&#x6c;&#x69;&#x6e;&#x65;&#x2e;de Vertretungsberechtigter Vorstand: Herr Hardy Lo\u00dfner Schulleitung:Frau Ute Vockerodt, SchulleiterinHerr Berger, stellvertretender SchulleiterSchillerstr. 13 | 04643 GeithainTelefon: 03 43 41 \/ 424 94Fax: 03 43 41 \/ 428 66E-Mail:\u00a0&#x69;&#x6e;&#x66;&#x6f;&#x40;&#x70;&#097;&#117;&#108;&#045;guen&#x74;&#x68;&#x65;&#x72;&#x2d;&#x73;&#099;&#104;&#117;&#108;&#101;&#046;de Schultr\u00e4ger:\u00a0Stadtverwaltung Geithainvertreten durch: Oberb\u00fcrgermeister Herr RudolphMarkt 11 | &hellip;\" \/>\n<meta property=\"og:url\" content=\"https:\/\/www.paul-guenther-schule.de\/index.php\/impressum\/\" \/>\n<meta property=\"og:site_name\" content=\"Oberschule &amp; Grundschule Paul-Guenther Geithain\" \/>\n<meta property=\"article:modified_time\" content=\"2024-06-10T16:06:01+00:00\" \/>\n<meta name=\"twitter:card\" content=\"summary_large_image\" \/>\n<meta name=\"twitter:label1\" content=\"Gesch\u00e4tzte Lesezeit\" \/>\n\t<meta name=\"twitter:data1\" content=\"4\u00a0Minuten\" \/>\n<script type=\"application\/ld+json\" class=\"yoast-schema-graph\">{\"@context\":\"https:\/\/schema.org\",\"@graph\":[{\"@type\":\"WebPage\",\"@id\":\"https:\/\/www.paul-guenther-schule.de\/index.php\/impressum\/\",\"url\":\"https:\/\/www.paul-guenther-schule.de\/index.php\/impressum\/\",\"name\":\"Impressum - Oberschule &amp; Grundschule Paul-Guenther Geithain\",\"isPartOf\":{\"@id\":\"https:\/\/www.paul-guenther-schule.de\/#website\"},\"datePublished\":\"2024-01-04T10:30:59+00:00\",\"dateModified\":\"2024-06-10T16:06:01+00:00\",\"breadcrumb\":{\"@id\":\"https:\/\/www.paul-guenther-schule.de\/index.php\/impressum\/#breadcrumb\"},\"inLanguage\":\"de\",\"potentialAction\":[{\"@type\":\"ReadAction\",\"target\":[\"https:\/\/www.paul-guenther-schule.de\/index.php\/impressum\/\"]}]},{\"@type\":\"BreadcrumbList\",\"@id\":\"https:\/\/www.paul-guenther-schule.de\/index.php\/impressum\/#breadcrumb\",\"itemListElement\":[{\"@type\":\"ListItem\",\"position\":1,\"name\":\"Home\",\"item\":\"https:\/\/www.paul-guenther-schule.de\/\"},{\"@type\":\"ListItem\",\"position\":2,\"name\":\"Impressum\"}]},{\"@type\":\"WebSite\",\"@id\":\"https:\/\/www.paul-guenther-schule.de\/#website\",\"url\":\"https:\/\/www.paul-guenther-schule.de\/\",\"name\":\"Oberschule &amp; Grundschule Paul-Guenther Geithain\",\"description\":\"\",\"publisher\":{\"@id\":\"https:\/\/www.paul-guenther-schule.de\/#organization\"},\"potentialAction\":[{\"@type\":\"SearchAction\",\"target\":{\"@type\":\"EntryPoint\",\"urlTemplate\":\"https:\/\/www.paul-guenther-schule.de\/?s={search_term_string}\"},\"query-input\":{\"@type\":\"PropertyValueSpecification\",\"valueRequired\":true,\"valueName\":\"search_term_string\"}}],\"inLanguage\":\"de\"},{\"@type\":\"Organization\",\"@id\":\"https:\/\/www.paul-guenther-schule.de\/#organization\",\"name\":\"Oberschule &amp; Grundschule Paul-Guenther Geithain\",\"url\":\"https:\/\/www.paul-guenther-schule.de\/\",\"logo\":{\"@type\":\"ImageObject\",\"inLanguage\":\"de\",\"@id\":\"https:\/\/www.paul-guenther-schule.de\/#\/schema\/logo\/image\/\",\"url\":\"https:\/\/www.paul-guenther-schule.de\/wp-content\/uploads\/2024\/01\/cropped-header-pauli-eule-04.png\",\"contentUrl\":\"https:\/\/www.paul-guenther-schule.de\/wp-content\/uploads\/2024\/01\/cropped-header-pauli-eule-04.png\",\"width\":1040,\"height\":294,\"caption\":\"Oberschule &amp; Grundschule Paul-Guenther Geithain\"},\"image\":{\"@id\":\"https:\/\/www.paul-guenther-schule.de\/#\/schema\/logo\/image\/\"}}]}<\/script>\n<!-- \/ Yoast SEO plugin. -->","yoast_head_json":{"title":"Impressum - Oberschule &amp; Grundschule Paul-Guenther Geithain","robots":{"index":"index","follow":"follow","max-snippet":"max-snippet:-1","max-image-preview":"max-image-preview:large","max-video-preview":"max-video-preview:-1"},"canonical":"https:\/\/www.paul-guenther-schule.de\/index.php\/impressum\/","og_locale":"de_DE","og_type":"article","og_title":"Impressum - Oberschule &amp; Grundschule Paul-Guenther Geithain","og_description":"Impressum F\u00f6rderverein der Paul-Guenther-SchuleSchillerstr. 1304643 Geithain Telefon: 03 43 41 \/ 424 94Fax: 03 43 41 \/ 428 66E-Mail:\u00a0f&#111;&#101;&#114;&#100;&#x65;&#x72;&#x76;&#x65;&#x72;&#x65;&#x69;npg&#115;&#64;&#116;&#45;&#111;&#x6e;&#x6c;&#x69;&#x6e;&#x65;&#x2e;de Vertretungsberechtigter Vorstand: Herr Hardy Lo\u00dfner Schulleitung:Frau Ute Vockerodt, SchulleiterinHerr Berger, stellvertretender SchulleiterSchillerstr. 13 | 04643 GeithainTelefon: 03 43 41 \/ 424 94Fax: 03 43 41 \/ 428 66E-Mail:\u00a0&#x69;&#x6e;&#x66;&#x6f;&#x40;&#x70;&#97;&#117;&#108;&#45;guen&#x74;&#x68;&#x65;&#x72;&#x2d;&#x73;&#99;&#104;&#117;&#108;&#101;&#46;de Schultr\u00e4ger:\u00a0Stadtverwaltung Geithainvertreten durch: Oberb\u00fcrgermeister Herr RudolphMarkt 11 | &hellip;","og_url":"https:\/\/www.paul-guenther-schule.de\/index.php\/impressum\/","og_site_name":"Oberschule &amp; Grundschule Paul-Guenther Geithain","article_modified_time":"2024-06-10T16:06:01+00:00","twitter_card":"summary_large_image","twitter_misc":{"Gesch\u00e4tzte Lesezeit":"4\u00a0Minuten"},"schema":{"@context":"https:\/\/schema.org","@graph":[{"@type":"WebPage","@id":"https:\/\/www.paul-guenther-schule.de\/index.php\/impressum\/","url":"https:\/\/www.paul-guenther-schule.de\/index.php\/impressum\/","name":"Impressum - Oberschule &amp; Grundschule Paul-Guenther Geithain","isPartOf":{"@id":"https:\/\/www.paul-guenther-schule.de\/#website"},"datePublished":"2024-01-04T10:30:59+00:00","dateModified":"2024-06-10T16:06:01+00:00","breadcrumb":{"@id":"https:\/\/www.paul-guenther-schule.de\/index.php\/impressum\/#breadcrumb"},"inLanguage":"de","potentialAction":[{"@type":"ReadAction","target":["https:\/\/www.paul-guenther-schule.de\/index.php\/impressum\/"]}]},{"@type":"BreadcrumbList","@id":"https:\/\/www.paul-guenther-schule.de\/index.php\/impressum\/#breadcrumb","itemListElement":[{"@type":"ListItem","position":1,"name":"Home","item":"https:\/\/www.paul-guenther-schule.de\/"},{"@type":"ListItem","position":2,"name":"Impressum"}]},{"@type":"WebSite","@id":"https:\/\/www.paul-guenther-schule.de\/#website","url":"https:\/\/www.paul-guenther-schule.de\/","name":"Oberschule &amp; Grundschule Paul-Guenther Geithain","description":"","publisher":{"@id":"https:\/\/www.paul-guenther-schule.de\/#organization"},"potentialAction":[{"@type":"SearchAction","target":{"@type":"EntryPoint","urlTemplate":"https:\/\/www.paul-guenther-schule.de\/?s={search_term_string}"},"query-input":{"@type":"PropertyValueSpecification","valueRequired":true,"valueName":"search_term_string"}}],"inLanguage":"de"},{"@type":"Organization","@id":"https:\/\/www.paul-guenther-schule.de\/#organization","name":"Oberschule &amp; Grundschule Paul-Guenther Geithain","url":"https:\/\/www.paul-guenther-schule.de\/","logo":{"@type":"ImageObject","inLanguage":"de","@id":"https:\/\/www.paul-guenther-schule.de\/#\/schema\/logo\/image\/","url":"https:\/\/www.paul-guenther-schule.de\/wp-content\/uploads\/2024\/01\/cropped-header-pauli-eule-04.png","contentUrl":"https:\/\/www.paul-guenther-schule.de\/wp-content\/uploads\/2024\/01\/cropped-header-pauli-eule-04.png","width":1040,"height":294,"caption":"Oberschule &amp; Grundschule Paul-Guenther Geithain"},"image":{"@id":"https:\/\/www.paul-guenther-schule.de\/#\/schema\/logo\/image\/"}}]}},"publishpress_future_action":{"enabled":false,"date":"2026-05-21 09:47:56","action":"change-status","newStatus":"draft","terms":[],"taxonomy":""},"publishpress_future_workflow_manual_trigger":{"enabledWorkflows":[]},"_links":{"self":[{"href":"https:\/\/www.paul-guenther-schule.de\/index.php\/wp-json\/wp\/v2\/pages\/17","targetHints":{"allow":["GET"]}}],"collection":[{"href":"https:\/\/www.paul-guenther-schule.de\/index.php\/wp-json\/wp\/v2\/pages"}],"about":[{"href":"https:\/\/www.paul-guenther-schule.de\/index.php\/wp-json\/wp\/v2\/types\/page"}],"author":[{"embeddable":true,"href":"https:\/\/www.paul-guenther-schule.de\/index.php\/wp-json\/wp\/v2\/users\/1"}],"replies":[{"embeddable":true,"href":"https:\/\/www.paul-guenther-schule.de\/index.php\/wp-json\/wp\/v2\/comments?post=17"}],"version-history":[{"count":11,"href":"https:\/\/www.paul-guenther-schule.de\/index.php\/wp-json\/wp\/v2\/pages\/17\/revisions"}],"predecessor-version":[{"id":1256,"href":"https:\/\/www.paul-guenther-schule.de\/index.php\/wp-json\/wp\/v2\/pages\/17\/revisions\/1256"}],"wp:attachment":[{"href":"https:\/\/www.paul-guenther-schule.de\/index.php\/wp-json\/wp\/v2\/media?parent=17"}],"curies":[{"name":"wp","href":"https:\/\/api.w.org\/{rel}","templated":true}]}}