{"id":268,"date":"2024-01-05T16:30:26","date_gmt":"2024-01-05T15:30:26","guid":{"rendered":"https:\/\/www.paul-guenther-schule.de\/?page_id=268"},"modified":"2024-05-04T10:54:18","modified_gmt":"2024-05-04T08:54:18","slug":"schulsozialarbeit","status":"publish","type":"page","link":"https:\/\/www.paul-guenther-schule.de\/index.php\/oberschule\/schulsozialarbeit\/","title":{"rendered":"Schulsozialarbeiter an der Oberschule"},"content":{"rendered":"<h1>Schulsozialarbeiter<\/h1>\n<p><strong>Schulsozialarbeit &#8211; Herr Nico Richter<\/strong><\/p>\n<p><img loading=\"lazy\" decoding=\"async\" class=\"alignleft wp-image-905 size-medium\" title=\"Schulsozialarbeit \u2013 Herr Nico Richter\" src=\"https:\/\/www.paul-guenther-schule.de\/wp-content\/uploads\/2024\/02\/Schulsozialarbeit_Richter-300x274.jpg\" alt=\"Schulsozialarbeit \u2013 Herr Nico Richter\" width=\"300\" height=\"274\" srcset=\"https:\/\/www.paul-guenther-schule.de\/wp-content\/uploads\/2024\/02\/Schulsozialarbeit_Richter-300x274.jpg 300w, https:\/\/www.paul-guenther-schule.de\/wp-content\/uploads\/2024\/02\/Schulsozialarbeit_Richter-768x701.jpg 768w, https:\/\/www.paul-guenther-schule.de\/wp-content\/uploads\/2024\/02\/Schulsozialarbeit_Richter.jpg 1000w\" sizes=\"auto, (max-width: 300px) 100vw, 300px\" \/><\/p>\n<p>Die Schulsozialarbeit ist ein freiwilliges Angebot der Kinder- und Jugendhilfe (SGB VIII). Das bedeutet, dass die Schulsozialarbeit gesetzlich verankert ist und f\u00fcr alle Sch\u00fclerinnen und Sch\u00fcler, Eltern und Sorgeberechtigten, sowie Lehrerinnen und Lehrern in Anspruch genommen werden kann.<\/p>\n<p>Herr Richter ist seit Oktober 2017 unser Schulsozialarbeiter und steht mit Rat und Tat zur Seite.<\/p>\n<p>Er h\u00e4lt seine T\u00fcr f\u00fcr vielerlei Anliegen offen und bietet unter anderem folgendes an:<\/p>\n<ul>\n<li>Beratungsgespr\u00e4che,<\/li>\n<li>Einzelfallhilfe,<\/li>\n<li>Begleitung und Vermittlung in weiterf\u00fchrende Institutionen (z.B.: Beratungsstellen),<\/li>\n<li>Ausbildung der Schulmediatorinnen und Schulmediatoren,<\/li>\n<li>Organisieren und Durchf\u00fchren von Projekten (z.B.: Stadtrallye, Sucht- und Gewaltpr\u00e4vention),<\/li>\n<li>Gruppenarbeit (z.B.: Soziale Kompetenzstunden, Klassenrat, Gespr\u00e4chsrunden), uvm.<\/li>\n<\/ul>\n<p>Das B\u00fcro des Schulsozialarbeiters befindet sich in der obersten Etage, gegen\u00fcber vom Bio-Zimmer. Herr Richter ist t\u00e4glich ab 8:00 Uhr im Schulhaus und zus\u00e4tzlich mobil, per Mail oder \u00fcber Instagram zu erreichen:<\/p>\n<p>Tel.:\u00a0 016091919840<br \/>\nE-Mail: <a href=\"&#109;&#x61;&#105;&#x6c;&#116;&#x6f;:&#x73;c&#x68;u&#108;&#x73;&#111;&#x7a;&#105;&#x61;&#108;&#x61;r&#x62;e&#x69;t&#64;&#x61;&#119;&#x6f;&#45;&#x6c;&#101;&#x69;p&#x7a;i&#x67;e&#114;&#x6c;&#97;&#x6e;&#100;&#x2e;d&#x65;\" target=\"_blank\" rel=\"noopener\">&#115;&#x63;&#104;&#x75;&#108;&#x73;&#111;&#x7a;i&#x61;l&#x61;r&#x62;e&#105;&#x74;&#64;&#x61;&#119;&#x6f;&#45;&#x6c;&#101;&#x69;p&#x7a;i&#x67;e&#x72;l&#97;&#x6e;&#100;&#x2e;&#100;&#x65;<\/a><br \/>\nInstagram: awo_schulsozialarbeit_geithain<\/p>\n<p>AWO Landkreis Leipzig:<br \/>\n<a href=\"https:\/\/awo-leipzigerland.de\/einrichtung\/schulsozialarbeit-an-der-oberschule-paul-guenther\/\" target=\"_blank\" rel=\"noreferrer noopener\">https:\/\/awo-leipzigerland.de\/einrichtung\/schulsozialarbeit-an-der-oberschule-paul-guenther\/<\/a><\/p>\n<p>&nbsp;<\/p>\n","protected":false},"excerpt":{"rendered":"<p>Schulsozialarbeiter Schulsozialarbeit &#8211; Herr Nico Richter Die Schulsozialarbeit ist ein freiwilliges Angebot der Kinder- und Jugendhilfe (SGB VIII). Das bedeutet, dass die Schulsozialarbeit gesetzlich verankert ist und f\u00fcr alle Sch\u00fclerinnen und Sch\u00fcler, Eltern und Sorgeberechtigten, sowie Lehrerinnen und Lehrern in Anspruch genommen werden kann. Herr Richter ist seit Oktober 2017 unser Schulsozialarbeiter und steht mit &hellip;<\/p>\n","protected":false},"author":1,"featured_media":0,"parent":155,"menu_order":0,"comment_status":"closed","ping_status":"closed","template":"","meta":{"footnotes":""},"class_list":["post-268","page","type-page","status-publish","hentry"],"yoast_head":"<!-- This site is optimized with the Yoast SEO plugin v23.7 - https:\/\/yoast.com\/wordpress\/plugins\/seo\/ -->\n<title>Schulsozialarbeiter an der Oberschule - Oberschule &amp; Grundschule Paul-Guenther Geithain<\/title>\n<meta name=\"robots\" content=\"index, follow, max-snippet:-1, max-image-preview:large, max-video-preview:-1\" \/>\n<link rel=\"canonical\" href=\"https:\/\/www.paul-guenther-schule.de\/index.php\/oberschule\/schulsozialarbeit\/\" \/>\n<meta property=\"og:locale\" content=\"de_DE\" \/>\n<meta property=\"og:type\" content=\"article\" \/>\n<meta property=\"og:title\" content=\"Schulsozialarbeiter an der Oberschule - Oberschule &amp; Grundschule Paul-Guenther Geithain\" \/>\n<meta property=\"og:description\" content=\"Schulsozialarbeiter Schulsozialarbeit &#8211; Herr Nico Richter Die Schulsozialarbeit ist ein freiwilliges Angebot der Kinder- und Jugendhilfe (SGB VIII). Das bedeutet, dass die Schulsozialarbeit gesetzlich verankert ist und f\u00fcr alle Sch\u00fclerinnen und Sch\u00fcler, Eltern und Sorgeberechtigten, sowie Lehrerinnen und Lehrern in Anspruch genommen werden kann. Herr Richter ist seit Oktober 2017 unser Schulsozialarbeiter und steht mit &hellip;\" \/>\n<meta property=\"og:url\" content=\"https:\/\/www.paul-guenther-schule.de\/index.php\/oberschule\/schulsozialarbeit\/\" \/>\n<meta property=\"og:site_name\" content=\"Oberschule &amp; Grundschule Paul-Guenther Geithain\" \/>\n<meta property=\"article:modified_time\" content=\"2024-05-04T08:54:18+00:00\" \/>\n<meta property=\"og:image\" content=\"https:\/\/www.paul-guenther-schule.de\/wp-content\/uploads\/2024\/02\/Schulsozialarbeit_Richter-300x274.jpg\" \/>\n<meta name=\"twitter:card\" content=\"summary_large_image\" \/>\n<meta name=\"twitter:label1\" content=\"Gesch\u00e4tzte Lesezeit\" \/>\n\t<meta name=\"twitter:data1\" content=\"2\u00a0Minuten\" \/>\n<script type=\"application\/ld+json\" class=\"yoast-schema-graph\">{\"@context\":\"https:\/\/schema.org\",\"@graph\":[{\"@type\":\"WebPage\",\"@id\":\"https:\/\/www.paul-guenther-schule.de\/index.php\/oberschule\/schulsozialarbeit\/\",\"url\":\"https:\/\/www.paul-guenther-schule.de\/index.php\/oberschule\/schulsozialarbeit\/\",\"name\":\"Schulsozialarbeiter an der Oberschule - Oberschule &amp; Grundschule Paul-Guenther Geithain\",\"isPartOf\":{\"@id\":\"https:\/\/www.paul-guenther-schule.de\/#website\"},\"primaryImageOfPage\":{\"@id\":\"https:\/\/www.paul-guenther-schule.de\/index.php\/oberschule\/schulsozialarbeit\/#primaryimage\"},\"image\":{\"@id\":\"https:\/\/www.paul-guenther-schule.de\/index.php\/oberschule\/schulsozialarbeit\/#primaryimage\"},\"thumbnailUrl\":\"https:\/\/www.paul-guenther-schule.de\/wp-content\/uploads\/2024\/02\/Schulsozialarbeit_Richter-300x274.jpg\",\"datePublished\":\"2024-01-05T15:30:26+00:00\",\"dateModified\":\"2024-05-04T08:54:18+00:00\",\"breadcrumb\":{\"@id\":\"https:\/\/www.paul-guenther-schule.de\/index.php\/oberschule\/schulsozialarbeit\/#breadcrumb\"},\"inLanguage\":\"de\",\"potentialAction\":[{\"@type\":\"ReadAction\",\"target\":[\"https:\/\/www.paul-guenther-schule.de\/index.php\/oberschule\/schulsozialarbeit\/\"]}]},{\"@type\":\"ImageObject\",\"inLanguage\":\"de\",\"@id\":\"https:\/\/www.paul-guenther-schule.de\/index.php\/oberschule\/schulsozialarbeit\/#primaryimage\",\"url\":\"https:\/\/www.paul-guenther-schule.de\/wp-content\/uploads\/2024\/02\/Schulsozialarbeit_Richter.jpg\",\"contentUrl\":\"https:\/\/www.paul-guenther-schule.de\/wp-content\/uploads\/2024\/02\/Schulsozialarbeit_Richter.jpg\",\"width\":1000,\"height\":913,\"caption\":\"Schulsozialarbeit \u2013 Herr Nico Richter\"},{\"@type\":\"BreadcrumbList\",\"@id\":\"https:\/\/www.paul-guenther-schule.de\/index.php\/oberschule\/schulsozialarbeit\/#breadcrumb\",\"itemListElement\":[{\"@type\":\"ListItem\",\"position\":1,\"name\":\"Home\",\"item\":\"https:\/\/www.paul-guenther-schule.de\/\"},{\"@type\":\"ListItem\",\"position\":2,\"name\":\"Oberschule\",\"item\":\"https:\/\/www.paul-guenther-schule.de\/index.php\/oberschule\/\"},{\"@type\":\"ListItem\",\"position\":3,\"name\":\"Schulsozialarbeiter an der Oberschule\"}]},{\"@type\":\"WebSite\",\"@id\":\"https:\/\/www.paul-guenther-schule.de\/#website\",\"url\":\"https:\/\/www.paul-guenther-schule.de\/\",\"name\":\"Oberschule &amp; Grundschule Paul-Guenther Geithain\",\"description\":\"\",\"publisher\":{\"@id\":\"https:\/\/www.paul-guenther-schule.de\/#organization\"},\"potentialAction\":[{\"@type\":\"SearchAction\",\"target\":{\"@type\":\"EntryPoint\",\"urlTemplate\":\"https:\/\/www.paul-guenther-schule.de\/?s={search_term_string}\"},\"query-input\":{\"@type\":\"PropertyValueSpecification\",\"valueRequired\":true,\"valueName\":\"search_term_string\"}}],\"inLanguage\":\"de\"},{\"@type\":\"Organization\",\"@id\":\"https:\/\/www.paul-guenther-schule.de\/#organization\",\"name\":\"Oberschule &amp; Grundschule Paul-Guenther Geithain\",\"url\":\"https:\/\/www.paul-guenther-schule.de\/\",\"logo\":{\"@type\":\"ImageObject\",\"inLanguage\":\"de\",\"@id\":\"https:\/\/www.paul-guenther-schule.de\/#\/schema\/logo\/image\/\",\"url\":\"https:\/\/www.paul-guenther-schule.de\/wp-content\/uploads\/2024\/01\/cropped-header-pauli-eule-04.png\",\"contentUrl\":\"https:\/\/www.paul-guenther-schule.de\/wp-content\/uploads\/2024\/01\/cropped-header-pauli-eule-04.png\",\"width\":1040,\"height\":294,\"caption\":\"Oberschule &amp; Grundschule Paul-Guenther Geithain\"},\"image\":{\"@id\":\"https:\/\/www.paul-guenther-schule.de\/#\/schema\/logo\/image\/\"}}]}<\/script>\n<!-- \/ Yoast SEO plugin. -->","yoast_head_json":{"title":"Schulsozialarbeiter an der Oberschule - Oberschule &amp; Grundschule Paul-Guenther Geithain","robots":{"index":"index","follow":"follow","max-snippet":"max-snippet:-1","max-image-preview":"max-image-preview:large","max-video-preview":"max-video-preview:-1"},"canonical":"https:\/\/www.paul-guenther-schule.de\/index.php\/oberschule\/schulsozialarbeit\/","og_locale":"de_DE","og_type":"article","og_title":"Schulsozialarbeiter an der Oberschule - Oberschule &amp; Grundschule Paul-Guenther Geithain","og_description":"Schulsozialarbeiter Schulsozialarbeit &#8211; Herr Nico Richter Die Schulsozialarbeit ist ein freiwilliges Angebot der Kinder- und Jugendhilfe (SGB VIII). Das bedeutet, dass die Schulsozialarbeit gesetzlich verankert ist und f\u00fcr alle Sch\u00fclerinnen und Sch\u00fcler, Eltern und Sorgeberechtigten, sowie Lehrerinnen und Lehrern in Anspruch genommen werden kann. Herr Richter ist seit Oktober 2017 unser Schulsozialarbeiter und steht mit &hellip;","og_url":"https:\/\/www.paul-guenther-schule.de\/index.php\/oberschule\/schulsozialarbeit\/","og_site_name":"Oberschule &amp; Grundschule Paul-Guenther Geithain","article_modified_time":"2024-05-04T08:54:18+00:00","og_image":[{"url":"https:\/\/www.paul-guenther-schule.de\/wp-content\/uploads\/2024\/02\/Schulsozialarbeit_Richter-300x274.jpg"}],"twitter_card":"summary_large_image","twitter_misc":{"Gesch\u00e4tzte Lesezeit":"2\u00a0Minuten"},"schema":{"@context":"https:\/\/schema.org","@graph":[{"@type":"WebPage","@id":"https:\/\/www.paul-guenther-schule.de\/index.php\/oberschule\/schulsozialarbeit\/","url":"https:\/\/www.paul-guenther-schule.de\/index.php\/oberschule\/schulsozialarbeit\/","name":"Schulsozialarbeiter an der Oberschule - Oberschule &amp; Grundschule Paul-Guenther Geithain","isPartOf":{"@id":"https:\/\/www.paul-guenther-schule.de\/#website"},"primaryImageOfPage":{"@id":"https:\/\/www.paul-guenther-schule.de\/index.php\/oberschule\/schulsozialarbeit\/#primaryimage"},"image":{"@id":"https:\/\/www.paul-guenther-schule.de\/index.php\/oberschule\/schulsozialarbeit\/#primaryimage"},"thumbnailUrl":"https:\/\/www.paul-guenther-schule.de\/wp-content\/uploads\/2024\/02\/Schulsozialarbeit_Richter-300x274.jpg","datePublished":"2024-01-05T15:30:26+00:00","dateModified":"2024-05-04T08:54:18+00:00","breadcrumb":{"@id":"https:\/\/www.paul-guenther-schule.de\/index.php\/oberschule\/schulsozialarbeit\/#breadcrumb"},"inLanguage":"de","potentialAction":[{"@type":"ReadAction","target":["https:\/\/www.paul-guenther-schule.de\/index.php\/oberschule\/schulsozialarbeit\/"]}]},{"@type":"ImageObject","inLanguage":"de","@id":"https:\/\/www.paul-guenther-schule.de\/index.php\/oberschule\/schulsozialarbeit\/#primaryimage","url":"https:\/\/www.paul-guenther-schule.de\/wp-content\/uploads\/2024\/02\/Schulsozialarbeit_Richter.jpg","contentUrl":"https:\/\/www.paul-guenther-schule.de\/wp-content\/uploads\/2024\/02\/Schulsozialarbeit_Richter.jpg","width":1000,"height":913,"caption":"Schulsozialarbeit \u2013 Herr Nico Richter"},{"@type":"BreadcrumbList","@id":"https:\/\/www.paul-guenther-schule.de\/index.php\/oberschule\/schulsozialarbeit\/#breadcrumb","itemListElement":[{"@type":"ListItem","position":1,"name":"Home","item":"https:\/\/www.paul-guenther-schule.de\/"},{"@type":"ListItem","position":2,"name":"Oberschule","item":"https:\/\/www.paul-guenther-schule.de\/index.php\/oberschule\/"},{"@type":"ListItem","position":3,"name":"Schulsozialarbeiter an der Oberschule"}]},{"@type":"WebSite","@id":"https:\/\/www.paul-guenther-schule.de\/#website","url":"https:\/\/www.paul-guenther-schule.de\/","name":"Oberschule &amp; Grundschule Paul-Guenther Geithain","description":"","publisher":{"@id":"https:\/\/www.paul-guenther-schule.de\/#organization"},"potentialAction":[{"@type":"SearchAction","target":{"@type":"EntryPoint","urlTemplate":"https:\/\/www.paul-guenther-schule.de\/?s={search_term_string}"},"query-input":{"@type":"PropertyValueSpecification","valueRequired":true,"valueName":"search_term_string"}}],"inLanguage":"de"},{"@type":"Organization","@id":"https:\/\/www.paul-guenther-schule.de\/#organization","name":"Oberschule &amp; Grundschule Paul-Guenther Geithain","url":"https:\/\/www.paul-guenther-schule.de\/","logo":{"@type":"ImageObject","inLanguage":"de","@id":"https:\/\/www.paul-guenther-schule.de\/#\/schema\/logo\/image\/","url":"https:\/\/www.paul-guenther-schule.de\/wp-content\/uploads\/2024\/01\/cropped-header-pauli-eule-04.png","contentUrl":"https:\/\/www.paul-guenther-schule.de\/wp-content\/uploads\/2024\/01\/cropped-header-pauli-eule-04.png","width":1040,"height":294,"caption":"Oberschule &amp; Grundschule Paul-Guenther Geithain"},"image":{"@id":"https:\/\/www.paul-guenther-schule.de\/#\/schema\/logo\/image\/"}}]}},"publishpress_future_action":{"enabled":false,"date":"2026-05-08 22:00:29","action":"change-status","newStatus":"draft","terms":[],"taxonomy":""},"publishpress_future_workflow_manual_trigger":{"enabledWorkflows":[]},"_links":{"self":[{"href":"https:\/\/www.paul-guenther-schule.de\/index.php\/wp-json\/wp\/v2\/pages\/268","targetHints":{"allow":["GET"]}}],"collection":[{"href":"https:\/\/www.paul-guenther-schule.de\/index.php\/wp-json\/wp\/v2\/pages"}],"about":[{"href":"https:\/\/www.paul-guenther-schule.de\/index.php\/wp-json\/wp\/v2\/types\/page"}],"author":[{"embeddable":true,"href":"https:\/\/www.paul-guenther-schule.de\/index.php\/wp-json\/wp\/v2\/users\/1"}],"replies":[{"embeddable":true,"href":"https:\/\/www.paul-guenther-schule.de\/index.php\/wp-json\/wp\/v2\/comments?post=268"}],"version-history":[{"count":36,"href":"https:\/\/www.paul-guenther-schule.de\/index.php\/wp-json\/wp\/v2\/pages\/268\/revisions"}],"predecessor-version":[{"id":1239,"href":"https:\/\/www.paul-guenther-schule.de\/index.php\/wp-json\/wp\/v2\/pages\/268\/revisions\/1239"}],"up":[{"embeddable":true,"href":"https:\/\/www.paul-guenther-schule.de\/index.php\/wp-json\/wp\/v2\/pages\/155"}],"wp:attachment":[{"href":"https:\/\/www.paul-guenther-schule.de\/index.php\/wp-json\/wp\/v2\/media?parent=268"}],"curies":[{"name":"wp","href":"https:\/\/api.w.org\/{rel}","templated":true}]}}