{"id":277,"date":"2024-01-05T16:40:54","date_gmt":"2024-01-05T15:40:54","guid":{"rendered":"https:\/\/www.paul-guenther-schule.de\/?page_id=277"},"modified":"2024-04-22T20:50:48","modified_gmt":"2024-04-22T18:50:48","slug":"berufsberatung","status":"publish","type":"page","link":"https:\/\/www.paul-guenther-schule.de\/index.php\/oberschule\/berufsberatung\/","title":{"rendered":"Berufsberatung"},"content":{"rendered":"<h1>Berufsberatung<\/h1>\n<p><strong>Unterst\u00fctzung von Sch\u00fcler\/innen und Eltern bei folgenden Themen:<\/strong><\/p>\n<p><img loading=\"lazy\" decoding=\"async\" class=\"alignleft wp-image-688\" title=\"Romy Kuschniak \u2013 Berufsberaterin\" src=\"https:\/\/www.paul-guenther-schule.de\/wp-content\/uploads\/2024\/01\/Romy-Kuschniak-Berufsberatung-1.jpg\" alt=\"Romy Kuschniak - Berufsberaterin\" width=\"187\" height=\"250\" \/><\/p>\n<ul>\n<li>Informationen zu Berufen und Anforderungen<\/li>\n<li>Hilfe bei der Berufswahlentscheidung<\/li>\n<li>Erl\u00e4uterung weiterf\u00fchrender Bildungswege<\/li>\n<li>Tipps zum Ausbildungsmarkt und f\u00fcr Bewerbungen<\/li>\n<li>Suche nach einer Ausbildungsstelle<\/li>\n<li>Hinweise zu finanziellen Hilfen, z.B. bei Bewerbungen<\/li>\n<li>Vorbereitung f\u00fcr Eignungstest, Auswahlverfahren und Vorstellungsgespr\u00e4che<\/li>\n<li>Unterst\u00fctzung beim Start im Berufsleben<\/li>\n<li>F\u00fcr ein pers\u00f6nliches Beratungsgespr\u00e4ch oder Anfragen wenden Sie sich bitte per E-Mail an mich. Die Sch\u00fcler und Sch\u00fclerinnen k\u00f6nnen gern zur Schulsprechstunde pers\u00f6nlich auf mich zukommen.<\/li>\n<li>Informationen in Print- und anderen Medien sowie ein umfangreiches Internetangebot unter www.arbeitsagentur.de<\/li>\n<\/ul>\n<p>&nbsp;<\/p>\n<p><strong>Kontakt:<\/strong><\/p>\n\n<table id=\"tablepress-8\" class=\"tablepress tablepress-id-8\">\n<tbody>\n<tr class=\"row-1\">\n\t<td class=\"column-1\">Anschrift:<\/td><td class=\"column-2\">Agentur f\u00fcr Arbeit Borna<br \/>\nLuckaer Str. 16 | 04552 Borna<\/td>\n<\/tr>\n<tr class=\"row-2\">\n\t<td class=\"column-1\">Postanschrift:<\/td><td class=\"column-2\">Agentur f\u00fcr Arbeit Oschatz<br \/>\n04756 Oschatz<\/td>\n<\/tr>\n<tr class=\"row-3\">\n\t<td class=\"column-1\">Telefon: <\/td><td class=\"column-2\">0800 4 5555 00 (kostenfrei)<\/td>\n<\/tr>\n<tr class=\"row-4\">\n\t<td class=\"column-1\">E-Mail:<\/td><td class=\"column-2\">&#82;o&#109;y&#46;K&#x75;s&#x63;h&#x6e;i&#x61;k&#x40;a&#x72;b&#x65;i&#x74;s&#x61;g&#x65;&#110;&#x74;&#117;&#x72;&#46;&#x64;&#101;<\/td>\n<\/tr>\n<\/tbody>\n<\/table>\n<!-- #tablepress-8 from cache -->\n","protected":false},"excerpt":{"rendered":"<p>Berufsberatung Unterst\u00fctzung von Sch\u00fcler\/innen und Eltern bei folgenden Themen: Informationen zu Berufen und Anforderungen Hilfe bei der Berufswahlentscheidung Erl\u00e4uterung weiterf\u00fchrender Bildungswege Tipps zum Ausbildungsmarkt und f\u00fcr Bewerbungen Suche nach einer Ausbildungsstelle Hinweise zu finanziellen Hilfen, z.B. bei Bewerbungen Vorbereitung f\u00fcr Eignungstest, Auswahlverfahren und Vorstellungsgespr\u00e4che Unterst\u00fctzung beim Start im Berufsleben F\u00fcr ein pers\u00f6nliches Beratungsgespr\u00e4ch oder Anfragen &hellip;<\/p>\n","protected":false},"author":1,"featured_media":0,"parent":155,"menu_order":0,"comment_status":"closed","ping_status":"closed","template":"","meta":{"footnotes":""},"class_list":["post-277","page","type-page","status-publish","hentry"],"yoast_head":"<!-- This site is optimized with the Yoast SEO plugin v23.7 - https:\/\/yoast.com\/wordpress\/plugins\/seo\/ -->\n<title>Berufsberatung - Oberschule &amp; Grundschule Paul-Guenther Geithain<\/title>\n<meta name=\"robots\" content=\"index, follow, max-snippet:-1, max-image-preview:large, max-video-preview:-1\" \/>\n<link rel=\"canonical\" href=\"https:\/\/www.paul-guenther-schule.de\/index.php\/oberschule\/berufsberatung\/\" \/>\n<meta property=\"og:locale\" content=\"de_DE\" \/>\n<meta property=\"og:type\" content=\"article\" \/>\n<meta property=\"og:title\" content=\"Berufsberatung - Oberschule &amp; Grundschule Paul-Guenther Geithain\" \/>\n<meta property=\"og:description\" content=\"Berufsberatung Unterst\u00fctzung von Sch\u00fcler\/innen und Eltern bei folgenden Themen: Informationen zu Berufen und Anforderungen Hilfe bei der Berufswahlentscheidung Erl\u00e4uterung weiterf\u00fchrender Bildungswege Tipps zum Ausbildungsmarkt und f\u00fcr Bewerbungen Suche nach einer Ausbildungsstelle Hinweise zu finanziellen Hilfen, z.B. bei Bewerbungen Vorbereitung f\u00fcr Eignungstest, Auswahlverfahren und Vorstellungsgespr\u00e4che Unterst\u00fctzung beim Start im Berufsleben F\u00fcr ein pers\u00f6nliches Beratungsgespr\u00e4ch oder Anfragen &hellip;\" \/>\n<meta property=\"og:url\" content=\"https:\/\/www.paul-guenther-schule.de\/index.php\/oberschule\/berufsberatung\/\" \/>\n<meta property=\"og:site_name\" content=\"Oberschule &amp; Grundschule Paul-Guenther Geithain\" \/>\n<meta property=\"article:modified_time\" content=\"2024-04-22T18:50:48+00:00\" \/>\n<meta property=\"og:image\" content=\"https:\/\/www.paul-guenther-schule.de\/wp-content\/uploads\/2024\/01\/Romy-Kuschniak-Berufsberatung-1.jpg\" \/>\n<meta name=\"twitter:card\" content=\"summary_large_image\" \/>\n<meta name=\"twitter:label1\" content=\"Gesch\u00e4tzte Lesezeit\" \/>\n\t<meta name=\"twitter:data1\" content=\"1\u00a0Minute\" \/>\n<script type=\"application\/ld+json\" class=\"yoast-schema-graph\">{\"@context\":\"https:\/\/schema.org\",\"@graph\":[{\"@type\":\"WebPage\",\"@id\":\"https:\/\/www.paul-guenther-schule.de\/index.php\/oberschule\/berufsberatung\/\",\"url\":\"https:\/\/www.paul-guenther-schule.de\/index.php\/oberschule\/berufsberatung\/\",\"name\":\"Berufsberatung - Oberschule &amp; Grundschule Paul-Guenther Geithain\",\"isPartOf\":{\"@id\":\"https:\/\/www.paul-guenther-schule.de\/#website\"},\"primaryImageOfPage\":{\"@id\":\"https:\/\/www.paul-guenther-schule.de\/index.php\/oberschule\/berufsberatung\/#primaryimage\"},\"image\":{\"@id\":\"https:\/\/www.paul-guenther-schule.de\/index.php\/oberschule\/berufsberatung\/#primaryimage\"},\"thumbnailUrl\":\"https:\/\/www.paul-guenther-schule.de\/wp-content\/uploads\/2024\/01\/Romy-Kuschniak-Berufsberatung-1.jpg\",\"datePublished\":\"2024-01-05T15:40:54+00:00\",\"dateModified\":\"2024-04-22T18:50:48+00:00\",\"breadcrumb\":{\"@id\":\"https:\/\/www.paul-guenther-schule.de\/index.php\/oberschule\/berufsberatung\/#breadcrumb\"},\"inLanguage\":\"de\",\"potentialAction\":[{\"@type\":\"ReadAction\",\"target\":[\"https:\/\/www.paul-guenther-schule.de\/index.php\/oberschule\/berufsberatung\/\"]}]},{\"@type\":\"ImageObject\",\"inLanguage\":\"de\",\"@id\":\"https:\/\/www.paul-guenther-schule.de\/index.php\/oberschule\/berufsberatung\/#primaryimage\",\"url\":\"https:\/\/www.paul-guenther-schule.de\/wp-content\/uploads\/2024\/01\/Romy-Kuschniak-Berufsberatung-1.jpg\",\"contentUrl\":\"https:\/\/www.paul-guenther-schule.de\/wp-content\/uploads\/2024\/01\/Romy-Kuschniak-Berufsberatung-1.jpg\",\"width\":197,\"height\":264},{\"@type\":\"BreadcrumbList\",\"@id\":\"https:\/\/www.paul-guenther-schule.de\/index.php\/oberschule\/berufsberatung\/#breadcrumb\",\"itemListElement\":[{\"@type\":\"ListItem\",\"position\":1,\"name\":\"Home\",\"item\":\"https:\/\/www.paul-guenther-schule.de\/\"},{\"@type\":\"ListItem\",\"position\":2,\"name\":\"Oberschule\",\"item\":\"https:\/\/www.paul-guenther-schule.de\/index.php\/oberschule\/\"},{\"@type\":\"ListItem\",\"position\":3,\"name\":\"Berufsberatung\"}]},{\"@type\":\"WebSite\",\"@id\":\"https:\/\/www.paul-guenther-schule.de\/#website\",\"url\":\"https:\/\/www.paul-guenther-schule.de\/\",\"name\":\"Oberschule &amp; Grundschule Paul-Guenther Geithain\",\"description\":\"\",\"publisher\":{\"@id\":\"https:\/\/www.paul-guenther-schule.de\/#organization\"},\"potentialAction\":[{\"@type\":\"SearchAction\",\"target\":{\"@type\":\"EntryPoint\",\"urlTemplate\":\"https:\/\/www.paul-guenther-schule.de\/?s={search_term_string}\"},\"query-input\":{\"@type\":\"PropertyValueSpecification\",\"valueRequired\":true,\"valueName\":\"search_term_string\"}}],\"inLanguage\":\"de\"},{\"@type\":\"Organization\",\"@id\":\"https:\/\/www.paul-guenther-schule.de\/#organization\",\"name\":\"Oberschule &amp; Grundschule Paul-Guenther Geithain\",\"url\":\"https:\/\/www.paul-guenther-schule.de\/\",\"logo\":{\"@type\":\"ImageObject\",\"inLanguage\":\"de\",\"@id\":\"https:\/\/www.paul-guenther-schule.de\/#\/schema\/logo\/image\/\",\"url\":\"https:\/\/www.paul-guenther-schule.de\/wp-content\/uploads\/2024\/01\/cropped-header-pauli-eule-04.png\",\"contentUrl\":\"https:\/\/www.paul-guenther-schule.de\/wp-content\/uploads\/2024\/01\/cropped-header-pauli-eule-04.png\",\"width\":1040,\"height\":294,\"caption\":\"Oberschule &amp; Grundschule Paul-Guenther Geithain\"},\"image\":{\"@id\":\"https:\/\/www.paul-guenther-schule.de\/#\/schema\/logo\/image\/\"}}]}<\/script>\n<!-- \/ Yoast SEO plugin. -->","yoast_head_json":{"title":"Berufsberatung - Oberschule &amp; Grundschule Paul-Guenther Geithain","robots":{"index":"index","follow":"follow","max-snippet":"max-snippet:-1","max-image-preview":"max-image-preview:large","max-video-preview":"max-video-preview:-1"},"canonical":"https:\/\/www.paul-guenther-schule.de\/index.php\/oberschule\/berufsberatung\/","og_locale":"de_DE","og_type":"article","og_title":"Berufsberatung - Oberschule &amp; Grundschule Paul-Guenther Geithain","og_description":"Berufsberatung Unterst\u00fctzung von Sch\u00fcler\/innen und Eltern bei folgenden Themen: Informationen zu Berufen und Anforderungen Hilfe bei der Berufswahlentscheidung Erl\u00e4uterung weiterf\u00fchrender Bildungswege Tipps zum Ausbildungsmarkt und f\u00fcr Bewerbungen Suche nach einer Ausbildungsstelle Hinweise zu finanziellen Hilfen, z.B. bei Bewerbungen Vorbereitung f\u00fcr Eignungstest, Auswahlverfahren und Vorstellungsgespr\u00e4che Unterst\u00fctzung beim Start im Berufsleben F\u00fcr ein pers\u00f6nliches Beratungsgespr\u00e4ch oder Anfragen &hellip;","og_url":"https:\/\/www.paul-guenther-schule.de\/index.php\/oberschule\/berufsberatung\/","og_site_name":"Oberschule &amp; Grundschule Paul-Guenther Geithain","article_modified_time":"2024-04-22T18:50:48+00:00","og_image":[{"url":"https:\/\/www.paul-guenther-schule.de\/wp-content\/uploads\/2024\/01\/Romy-Kuschniak-Berufsberatung-1.jpg"}],"twitter_card":"summary_large_image","twitter_misc":{"Gesch\u00e4tzte Lesezeit":"1\u00a0Minute"},"schema":{"@context":"https:\/\/schema.org","@graph":[{"@type":"WebPage","@id":"https:\/\/www.paul-guenther-schule.de\/index.php\/oberschule\/berufsberatung\/","url":"https:\/\/www.paul-guenther-schule.de\/index.php\/oberschule\/berufsberatung\/","name":"Berufsberatung - Oberschule &amp; Grundschule Paul-Guenther Geithain","isPartOf":{"@id":"https:\/\/www.paul-guenther-schule.de\/#website"},"primaryImageOfPage":{"@id":"https:\/\/www.paul-guenther-schule.de\/index.php\/oberschule\/berufsberatung\/#primaryimage"},"image":{"@id":"https:\/\/www.paul-guenther-schule.de\/index.php\/oberschule\/berufsberatung\/#primaryimage"},"thumbnailUrl":"https:\/\/www.paul-guenther-schule.de\/wp-content\/uploads\/2024\/01\/Romy-Kuschniak-Berufsberatung-1.jpg","datePublished":"2024-01-05T15:40:54+00:00","dateModified":"2024-04-22T18:50:48+00:00","breadcrumb":{"@id":"https:\/\/www.paul-guenther-schule.de\/index.php\/oberschule\/berufsberatung\/#breadcrumb"},"inLanguage":"de","potentialAction":[{"@type":"ReadAction","target":["https:\/\/www.paul-guenther-schule.de\/index.php\/oberschule\/berufsberatung\/"]}]},{"@type":"ImageObject","inLanguage":"de","@id":"https:\/\/www.paul-guenther-schule.de\/index.php\/oberschule\/berufsberatung\/#primaryimage","url":"https:\/\/www.paul-guenther-schule.de\/wp-content\/uploads\/2024\/01\/Romy-Kuschniak-Berufsberatung-1.jpg","contentUrl":"https:\/\/www.paul-guenther-schule.de\/wp-content\/uploads\/2024\/01\/Romy-Kuschniak-Berufsberatung-1.jpg","width":197,"height":264},{"@type":"BreadcrumbList","@id":"https:\/\/www.paul-guenther-schule.de\/index.php\/oberschule\/berufsberatung\/#breadcrumb","itemListElement":[{"@type":"ListItem","position":1,"name":"Home","item":"https:\/\/www.paul-guenther-schule.de\/"},{"@type":"ListItem","position":2,"name":"Oberschule","item":"https:\/\/www.paul-guenther-schule.de\/index.php\/oberschule\/"},{"@type":"ListItem","position":3,"name":"Berufsberatung"}]},{"@type":"WebSite","@id":"https:\/\/www.paul-guenther-schule.de\/#website","url":"https:\/\/www.paul-guenther-schule.de\/","name":"Oberschule &amp; Grundschule Paul-Guenther Geithain","description":"","publisher":{"@id":"https:\/\/www.paul-guenther-schule.de\/#organization"},"potentialAction":[{"@type":"SearchAction","target":{"@type":"EntryPoint","urlTemplate":"https:\/\/www.paul-guenther-schule.de\/?s={search_term_string}"},"query-input":{"@type":"PropertyValueSpecification","valueRequired":true,"valueName":"search_term_string"}}],"inLanguage":"de"},{"@type":"Organization","@id":"https:\/\/www.paul-guenther-schule.de\/#organization","name":"Oberschule &amp; Grundschule Paul-Guenther Geithain","url":"https:\/\/www.paul-guenther-schule.de\/","logo":{"@type":"ImageObject","inLanguage":"de","@id":"https:\/\/www.paul-guenther-schule.de\/#\/schema\/logo\/image\/","url":"https:\/\/www.paul-guenther-schule.de\/wp-content\/uploads\/2024\/01\/cropped-header-pauli-eule-04.png","contentUrl":"https:\/\/www.paul-guenther-schule.de\/wp-content\/uploads\/2024\/01\/cropped-header-pauli-eule-04.png","width":1040,"height":294,"caption":"Oberschule &amp; Grundschule Paul-Guenther Geithain"},"image":{"@id":"https:\/\/www.paul-guenther-schule.de\/#\/schema\/logo\/image\/"}}]}},"publishpress_future_action":{"enabled":false,"date":"2026-05-09 08:55:24","action":"change-status","newStatus":"draft","terms":[],"taxonomy":""},"publishpress_future_workflow_manual_trigger":{"enabledWorkflows":[]},"_links":{"self":[{"href":"https:\/\/www.paul-guenther-schule.de\/index.php\/wp-json\/wp\/v2\/pages\/277","targetHints":{"allow":["GET"]}}],"collection":[{"href":"https:\/\/www.paul-guenther-schule.de\/index.php\/wp-json\/wp\/v2\/pages"}],"about":[{"href":"https:\/\/www.paul-guenther-schule.de\/index.php\/wp-json\/wp\/v2\/types\/page"}],"author":[{"embeddable":true,"href":"https:\/\/www.paul-guenther-schule.de\/index.php\/wp-json\/wp\/v2\/users\/1"}],"replies":[{"embeddable":true,"href":"https:\/\/www.paul-guenther-schule.de\/index.php\/wp-json\/wp\/v2\/comments?post=277"}],"version-history":[{"count":31,"href":"https:\/\/www.paul-guenther-schule.de\/index.php\/wp-json\/wp\/v2\/pages\/277\/revisions"}],"predecessor-version":[{"id":1220,"href":"https:\/\/www.paul-guenther-schule.de\/index.php\/wp-json\/wp\/v2\/pages\/277\/revisions\/1220"}],"up":[{"embeddable":true,"href":"https:\/\/www.paul-guenther-schule.de\/index.php\/wp-json\/wp\/v2\/pages\/155"}],"wp:attachment":[{"href":"https:\/\/www.paul-guenther-schule.de\/index.php\/wp-json\/wp\/v2\/media?parent=277"}],"curies":[{"name":"wp","href":"https:\/\/api.w.org\/{rel}","templated":true}]}}