{"id":313,"date":"2024-01-09T15:27:08","date_gmt":"2024-01-09T14:27:08","guid":{"rendered":"https:\/\/www.paul-guenther-schule.de\/?page_id=313"},"modified":"2025-11-12T19:50:32","modified_gmt":"2025-11-12T18:50:32","slug":"stiftung","status":"publish","type":"page","link":"https:\/\/www.paul-guenther-schule.de\/index.php\/unsere-pauli\/stiftung\/","title":{"rendered":"Stiftung"},"content":{"rendered":"<div class=\"csc-header csc-header-n3\">\n<h1>Aktivit\u00e4ten von F\u00f6rderverein und Stiftung des F\u00f6rdervereins<br \/>\nder Paul-Guenther-Schule<\/h1>\n<\/div>\n<p>&#8211; Anschaffung eines neuen Teleskopes f\u00fcr astronomische Beobachtungen<br \/>\n&#8211; Erwerb eines Projektors f\u00fcr das Miniplanetarium<br \/>\n&#8211; Bereitstellung von 400 kostenfreien Schlie\u00dff\u00e4chern f\u00fcr die Sch\u00fcler<br \/>\n&#8211; Einbauschr\u00e4nke f\u00fcr die Handb\u00fccherei Lehrerzimmer<br \/>\n&#8211; gro\u00dfer Einbauschrank f\u00fcr Lehrk\u00fcche<br \/>\n&#8211; Planungsleistungen &#8222;Wassertr\u00f6pfchen&#8220;<br \/>\n&#8211; Anschaffung von Jahrgangs-T-Shirts<br \/>\n&#8211; F\u00fchrungen bei Klassentreffen und zur Jubelkonfirmation, T\u00fcrmertage<br \/>\n&#8211; Anschaffung eines Schutzbelages f\u00fcr die Hausturnhalle nebst Aufbewahrung<br \/>\n&#8211; Anschaffung E-Piano f\u00fcr Chor<br \/>\n&#8211; Geschirrsp\u00fcler f\u00fcr Lehrk\u00fcche<br \/>\n&#8211; Aufarbeitung Vitrinen Biologiezimmer<br \/>\n&#8211; Bereitstellung &#8222;Berufswahlpass&#8220; f\u00fcr Sch\u00fcler<br \/>\n&#8211; Organisation Berufsmesse<br \/>\n&#8211; Erinnerungsst\u00fccke: Plaketten, Tassen, Vasen, Kaminuhren, Kr\u00fcge, R\u00e4ucherfiguren,<br \/>\nSpareulen, Federm\u00e4ppchen<br \/>\n&#8211; \u00d6ffentlichkeitsarbeit: Brosch\u00fcren, Lesezeichen, Kalender, Banner<br \/>\n&#8211; Auszeichnungen: B\u00fccher, Belobigungen, Pokale, Medaillen, Ehrentafeln,<br \/>\n&#8211; Bereitstellung von Bilderrahmen und Aufstellern zur Pr\u00e4sentation von<br \/>\nSch\u00fclerarbeiten<br \/>\n&#8211; Zusch\u00fcsse zu Kinderfesten der Primarstufe<br \/>\n&#8211; Sportger\u00e4te f\u00fcr Freizeitaktivit\u00e4ten<br \/>\n&#8211; Stadtgutscheine f\u00fcr Sch\u00fcler<br \/>\n&#8211; Betreuung Projekt &#8222;H\u00e4userbewohner&#8220;<br \/>\n&#8211; B\u00e4nke Sockel hinterer Schulhof<br \/>\n&#8211; Beiratsarbeit, ehrenamtliche Verwaltung<br \/>\n&#8211; Einschwei\u00dfger\u00e4t f\u00fcr Lehrbuchumschl\u00e4ge<br \/>\n&#8211; Beteiligung Gestaltung &#8222;Gr\u00fcnes Klassenzimmer&#8220;<br \/>\n&#8211; Anteil an der Sanierung Turmabdeckung<br \/>\n&#8211; intensive Vorarbeit und Begleitung Gemeinschaftsschule 2006 &#8211; 2016<br \/>\n&#8211; Umgestaltung der ehem. Hausmeisterwohnung zum Schulclub \u00a0&#8222;underground&#8220;<br \/>\n&#8211; Chemiezimmerrekonstruktion<br \/>\n&#8211; Ehrenb\u00fcrgereintragungen und Grabpflege der Grabdenkmale G\u00fcnther und Petermann<br \/>\n&#8211; Zuschuss zur Rekonstruktion Haupteingangstore<br \/>\n&#8211; Spareulen zum 100. Jubil\u00e4um<br \/>\n&#8211; Unterst\u00fctzung Sch\u00fclerratsarbeit, Schulsozialarbeit<br \/>\n&#8211; Absicherung von Streitschlichtercamps<br \/>\n&#8211; Aufwandsentsch\u00e4digung f\u00fcr K\u00fcnstler zu H\u00f6hepunkten wie Entlassungsfeiern<br \/>\n&#8211; Kontakt zu V. G Vanderbilt<br \/>\n&#8211; &#8222;Paul Guenther und seine Schule in Geithain&#8220;, Dr. G. Senf<br \/>\n&#8211; Kontakte zu Unternehmen, Vereinen und anderen Partner<\/p>\n<p>(Stand 2025)<\/p>\n","protected":false},"excerpt":{"rendered":"<p>Aktivit\u00e4ten von F\u00f6rderverein und Stiftung des F\u00f6rdervereins der Paul-Guenther-Schule &#8211; Anschaffung eines neuen Teleskopes f\u00fcr astronomische Beobachtungen &#8211; Erwerb eines Projektors f\u00fcr das Miniplanetarium &#8211; Bereitstellung von 400 kostenfreien Schlie\u00dff\u00e4chern f\u00fcr die Sch\u00fcler &#8211; Einbauschr\u00e4nke f\u00fcr die Handb\u00fccherei Lehrerzimmer &#8211; gro\u00dfer Einbauschrank f\u00fcr Lehrk\u00fcche &#8211; Planungsleistungen &#8222;Wassertr\u00f6pfchen&#8220; &#8211; Anschaffung von Jahrgangs-T-Shirts &#8211; F\u00fchrungen bei Klassentreffen &hellip;<\/p>\n","protected":false},"author":1,"featured_media":0,"parent":11,"menu_order":0,"comment_status":"closed","ping_status":"closed","template":"","meta":{"footnotes":""},"class_list":["post-313","page","type-page","status-publish","hentry"],"yoast_head":"<!-- This site is optimized with the Yoast SEO plugin v23.7 - https:\/\/yoast.com\/wordpress\/plugins\/seo\/ -->\n<title>Stiftung - Oberschule &amp; Grundschule Paul-Guenther Geithain<\/title>\n<meta name=\"robots\" content=\"index, follow, max-snippet:-1, max-image-preview:large, max-video-preview:-1\" \/>\n<link rel=\"canonical\" href=\"https:\/\/www.paul-guenther-schule.de\/index.php\/unsere-pauli\/stiftung\/\" \/>\n<meta property=\"og:locale\" content=\"de_DE\" \/>\n<meta property=\"og:type\" content=\"article\" \/>\n<meta property=\"og:title\" content=\"Stiftung - Oberschule &amp; Grundschule Paul-Guenther Geithain\" \/>\n<meta property=\"og:description\" content=\"Aktivit\u00e4ten von F\u00f6rderverein und Stiftung des F\u00f6rdervereins der Paul-Guenther-Schule &#8211; Anschaffung eines neuen Teleskopes f\u00fcr astronomische Beobachtungen &#8211; Erwerb eines Projektors f\u00fcr das Miniplanetarium &#8211; Bereitstellung von 400 kostenfreien Schlie\u00dff\u00e4chern f\u00fcr die Sch\u00fcler &#8211; Einbauschr\u00e4nke f\u00fcr die Handb\u00fccherei Lehrerzimmer &#8211; gro\u00dfer Einbauschrank f\u00fcr Lehrk\u00fcche &#8211; Planungsleistungen &#8222;Wassertr\u00f6pfchen&#8220; &#8211; Anschaffung von Jahrgangs-T-Shirts &#8211; F\u00fchrungen bei Klassentreffen &hellip;\" \/>\n<meta property=\"og:url\" content=\"https:\/\/www.paul-guenther-schule.de\/index.php\/unsere-pauli\/stiftung\/\" \/>\n<meta property=\"og:site_name\" content=\"Oberschule &amp; Grundschule Paul-Guenther Geithain\" \/>\n<meta property=\"article:modified_time\" content=\"2025-11-12T18:50:32+00:00\" \/>\n<meta name=\"twitter:card\" content=\"summary_large_image\" \/>\n<meta name=\"twitter:label1\" content=\"Gesch\u00e4tzte Lesezeit\" \/>\n\t<meta name=\"twitter:data1\" content=\"2\u00a0Minuten\" \/>\n<script type=\"application\/ld+json\" class=\"yoast-schema-graph\">{\"@context\":\"https:\/\/schema.org\",\"@graph\":[{\"@type\":\"WebPage\",\"@id\":\"https:\/\/www.paul-guenther-schule.de\/index.php\/unsere-pauli\/stiftung\/\",\"url\":\"https:\/\/www.paul-guenther-schule.de\/index.php\/unsere-pauli\/stiftung\/\",\"name\":\"Stiftung - Oberschule &amp; Grundschule Paul-Guenther Geithain\",\"isPartOf\":{\"@id\":\"https:\/\/www.paul-guenther-schule.de\/#website\"},\"datePublished\":\"2024-01-09T14:27:08+00:00\",\"dateModified\":\"2025-11-12T18:50:32+00:00\",\"breadcrumb\":{\"@id\":\"https:\/\/www.paul-guenther-schule.de\/index.php\/unsere-pauli\/stiftung\/#breadcrumb\"},\"inLanguage\":\"de\",\"potentialAction\":[{\"@type\":\"ReadAction\",\"target\":[\"https:\/\/www.paul-guenther-schule.de\/index.php\/unsere-pauli\/stiftung\/\"]}]},{\"@type\":\"BreadcrumbList\",\"@id\":\"https:\/\/www.paul-guenther-schule.de\/index.php\/unsere-pauli\/stiftung\/#breadcrumb\",\"itemListElement\":[{\"@type\":\"ListItem\",\"position\":1,\"name\":\"Home\",\"item\":\"https:\/\/www.paul-guenther-schule.de\/\"},{\"@type\":\"ListItem\",\"position\":2,\"name\":\"Unsere Pauli\",\"item\":\"https:\/\/www.paul-guenther-schule.de\/index.php\/unsere-pauli\/\"},{\"@type\":\"ListItem\",\"position\":3,\"name\":\"Stiftung\"}]},{\"@type\":\"WebSite\",\"@id\":\"https:\/\/www.paul-guenther-schule.de\/#website\",\"url\":\"https:\/\/www.paul-guenther-schule.de\/\",\"name\":\"Oberschule &amp; Grundschule Paul-Guenther Geithain\",\"description\":\"\",\"publisher\":{\"@id\":\"https:\/\/www.paul-guenther-schule.de\/#organization\"},\"potentialAction\":[{\"@type\":\"SearchAction\",\"target\":{\"@type\":\"EntryPoint\",\"urlTemplate\":\"https:\/\/www.paul-guenther-schule.de\/?s={search_term_string}\"},\"query-input\":{\"@type\":\"PropertyValueSpecification\",\"valueRequired\":true,\"valueName\":\"search_term_string\"}}],\"inLanguage\":\"de\"},{\"@type\":\"Organization\",\"@id\":\"https:\/\/www.paul-guenther-schule.de\/#organization\",\"name\":\"Oberschule &amp; Grundschule Paul-Guenther Geithain\",\"url\":\"https:\/\/www.paul-guenther-schule.de\/\",\"logo\":{\"@type\":\"ImageObject\",\"inLanguage\":\"de\",\"@id\":\"https:\/\/www.paul-guenther-schule.de\/#\/schema\/logo\/image\/\",\"url\":\"https:\/\/www.paul-guenther-schule.de\/wp-content\/uploads\/2024\/01\/cropped-header-pauli-eule-04.png\",\"contentUrl\":\"https:\/\/www.paul-guenther-schule.de\/wp-content\/uploads\/2024\/01\/cropped-header-pauli-eule-04.png\",\"width\":1040,\"height\":294,\"caption\":\"Oberschule &amp; Grundschule Paul-Guenther Geithain\"},\"image\":{\"@id\":\"https:\/\/www.paul-guenther-schule.de\/#\/schema\/logo\/image\/\"}}]}<\/script>\n<!-- \/ Yoast SEO plugin. -->","yoast_head_json":{"title":"Stiftung - Oberschule &amp; Grundschule Paul-Guenther Geithain","robots":{"index":"index","follow":"follow","max-snippet":"max-snippet:-1","max-image-preview":"max-image-preview:large","max-video-preview":"max-video-preview:-1"},"canonical":"https:\/\/www.paul-guenther-schule.de\/index.php\/unsere-pauli\/stiftung\/","og_locale":"de_DE","og_type":"article","og_title":"Stiftung - Oberschule &amp; Grundschule Paul-Guenther Geithain","og_description":"Aktivit\u00e4ten von F\u00f6rderverein und Stiftung des F\u00f6rdervereins der Paul-Guenther-Schule &#8211; Anschaffung eines neuen Teleskopes f\u00fcr astronomische Beobachtungen &#8211; Erwerb eines Projektors f\u00fcr das Miniplanetarium &#8211; Bereitstellung von 400 kostenfreien Schlie\u00dff\u00e4chern f\u00fcr die Sch\u00fcler &#8211; Einbauschr\u00e4nke f\u00fcr die Handb\u00fccherei Lehrerzimmer &#8211; gro\u00dfer Einbauschrank f\u00fcr Lehrk\u00fcche &#8211; Planungsleistungen &#8222;Wassertr\u00f6pfchen&#8220; &#8211; Anschaffung von Jahrgangs-T-Shirts &#8211; F\u00fchrungen bei Klassentreffen &hellip;","og_url":"https:\/\/www.paul-guenther-schule.de\/index.php\/unsere-pauli\/stiftung\/","og_site_name":"Oberschule &amp; Grundschule Paul-Guenther Geithain","article_modified_time":"2025-11-12T18:50:32+00:00","twitter_card":"summary_large_image","twitter_misc":{"Gesch\u00e4tzte Lesezeit":"2\u00a0Minuten"},"schema":{"@context":"https:\/\/schema.org","@graph":[{"@type":"WebPage","@id":"https:\/\/www.paul-guenther-schule.de\/index.php\/unsere-pauli\/stiftung\/","url":"https:\/\/www.paul-guenther-schule.de\/index.php\/unsere-pauli\/stiftung\/","name":"Stiftung - Oberschule &amp; Grundschule Paul-Guenther Geithain","isPartOf":{"@id":"https:\/\/www.paul-guenther-schule.de\/#website"},"datePublished":"2024-01-09T14:27:08+00:00","dateModified":"2025-11-12T18:50:32+00:00","breadcrumb":{"@id":"https:\/\/www.paul-guenther-schule.de\/index.php\/unsere-pauli\/stiftung\/#breadcrumb"},"inLanguage":"de","potentialAction":[{"@type":"ReadAction","target":["https:\/\/www.paul-guenther-schule.de\/index.php\/unsere-pauli\/stiftung\/"]}]},{"@type":"BreadcrumbList","@id":"https:\/\/www.paul-guenther-schule.de\/index.php\/unsere-pauli\/stiftung\/#breadcrumb","itemListElement":[{"@type":"ListItem","position":1,"name":"Home","item":"https:\/\/www.paul-guenther-schule.de\/"},{"@type":"ListItem","position":2,"name":"Unsere Pauli","item":"https:\/\/www.paul-guenther-schule.de\/index.php\/unsere-pauli\/"},{"@type":"ListItem","position":3,"name":"Stiftung"}]},{"@type":"WebSite","@id":"https:\/\/www.paul-guenther-schule.de\/#website","url":"https:\/\/www.paul-guenther-schule.de\/","name":"Oberschule &amp; Grundschule Paul-Guenther Geithain","description":"","publisher":{"@id":"https:\/\/www.paul-guenther-schule.de\/#organization"},"potentialAction":[{"@type":"SearchAction","target":{"@type":"EntryPoint","urlTemplate":"https:\/\/www.paul-guenther-schule.de\/?s={search_term_string}"},"query-input":{"@type":"PropertyValueSpecification","valueRequired":true,"valueName":"search_term_string"}}],"inLanguage":"de"},{"@type":"Organization","@id":"https:\/\/www.paul-guenther-schule.de\/#organization","name":"Oberschule &amp; Grundschule Paul-Guenther Geithain","url":"https:\/\/www.paul-guenther-schule.de\/","logo":{"@type":"ImageObject","inLanguage":"de","@id":"https:\/\/www.paul-guenther-schule.de\/#\/schema\/logo\/image\/","url":"https:\/\/www.paul-guenther-schule.de\/wp-content\/uploads\/2024\/01\/cropped-header-pauli-eule-04.png","contentUrl":"https:\/\/www.paul-guenther-schule.de\/wp-content\/uploads\/2024\/01\/cropped-header-pauli-eule-04.png","width":1040,"height":294,"caption":"Oberschule &amp; Grundschule Paul-Guenther Geithain"},"image":{"@id":"https:\/\/www.paul-guenther-schule.de\/#\/schema\/logo\/image\/"}}]}},"publishpress_future_action":{"enabled":false,"date":"2026-05-09 12:20:51","action":"change-status","newStatus":"draft","terms":[],"taxonomy":""},"publishpress_future_workflow_manual_trigger":{"enabledWorkflows":[]},"_links":{"self":[{"href":"https:\/\/www.paul-guenther-schule.de\/index.php\/wp-json\/wp\/v2\/pages\/313","targetHints":{"allow":["GET"]}}],"collection":[{"href":"https:\/\/www.paul-guenther-schule.de\/index.php\/wp-json\/wp\/v2\/pages"}],"about":[{"href":"https:\/\/www.paul-guenther-schule.de\/index.php\/wp-json\/wp\/v2\/types\/page"}],"author":[{"embeddable":true,"href":"https:\/\/www.paul-guenther-schule.de\/index.php\/wp-json\/wp\/v2\/users\/1"}],"replies":[{"embeddable":true,"href":"https:\/\/www.paul-guenther-schule.de\/index.php\/wp-json\/wp\/v2\/comments?post=313"}],"version-history":[{"count":5,"href":"https:\/\/www.paul-guenther-schule.de\/index.php\/wp-json\/wp\/v2\/pages\/313\/revisions"}],"predecessor-version":[{"id":1661,"href":"https:\/\/www.paul-guenther-schule.de\/index.php\/wp-json\/wp\/v2\/pages\/313\/revisions\/1661"}],"up":[{"embeddable":true,"href":"https:\/\/www.paul-guenther-schule.de\/index.php\/wp-json\/wp\/v2\/pages\/11"}],"wp:attachment":[{"href":"https:\/\/www.paul-guenther-schule.de\/index.php\/wp-json\/wp\/v2\/media?parent=313"}],"curies":[{"name":"wp","href":"https:\/\/api.w.org\/{rel}","templated":true}]}}