{"id":328,"date":"2024-01-09T15:41:41","date_gmt":"2024-01-09T14:41:41","guid":{"rendered":"https:\/\/www.paul-guenther-schule.de\/?page_id=328"},"modified":"2026-01-28T21:20:01","modified_gmt":"2026-01-28T20:20:01","slug":"aktuelle-informationen","status":"publish","type":"page","link":"https:\/\/www.paul-guenther-schule.de\/index.php\/aktuelle-informationen\/","title":{"rendered":"Aktuelle Informationen"},"content":{"rendered":"<h5><span style=\"color: #ffff00;\">Aktuelle Informationen<\/span><\/h5>\n<p>&nbsp;<\/p>\n<h5 class=\"csc-header csc-header-n7\"><span style=\"color: #ffff00;\"><strong>Informationen zur Anmeldung der zuk\u00fcnftigen F\u00fcnftkl\u00e4ssler<\/strong><\/span><\/h5>\n<p>Bitte anklicken.\u00a0 \u00a0 \u00a0 <a href=\"https:\/\/www.paul-guenther-schule.de\/wp-content\/uploads\/2026\/01\/Informationen-zum-Aufnahmeverfahren-in-die-Klassenstufe-5.pdf\">Informationen zum Aufnahmeverfahren in die Klassenstufe 5<\/a><\/p>\n<hr \/>\n<h5><span style=\"color: #ffff00;\"><strong>Suche nach F\u00f6rderunterricht f\u00fcr unsere Sch\u00fclerinnen und Sch\u00fcler<\/strong><\/span><\/h5>\n<p>Die Paul-Guenther-Oberschule Geithain sucht engagierte und qualifizierte Personen, die unsere Sch\u00fclerinnen und Sch\u00fcler im Rahmen von F\u00f6rderunterricht in verschiedenen F\u00e4chern unterst\u00fctzen m\u00f6chten. Wir laden Studenten, Lehrkr\u00e4fte sowie andere geeignete Personen ein, sich bei uns zu melden.<\/p>\n<p>Gesuchte F\u00e4cher:<br \/>\n&#8211; Mathematik<br \/>\n&#8211; Deutsch<br \/>\n&#8211; Englisch<\/p>\n<p>Wenn Sie Interesse sowie Freude am Unterrichten haben, senden Sie bitte Ihre Bewerbung oder eine kurze Vorstellung an<a href=\"&#109;&#x61;&#105;&#x6c;&#116;&#x6f;&#58;&#x61;n&#x25;2&#x30;i&#x6e;f&#111;&#x40;&#112;&#x61;&#117;&#x6c;&#45;&#x67;&#117;&#x65;n&#x74;h&#x65;r&#x2d;o&#98;&#x65;&#114;&#x73;&#99;&#x68;&#117;&#x6c;&#101;&#x2e;d&#x65;\"><strong><br \/>\n&#x69;&#x6e;&#x66;&#111;&#64;pa&#x75;&#x6c;&#x2d;&#103;&#117;en&#x74;&#x68;&#x65;&#114;&#45;ob&#x65;&#x72;&#x73;&#99;&#104;ul&#x65;&#x2e;&#x64;&#101;<\/strong><\/a> oder melden Sie sich direkt im Sekretariat <strong>034341 42494<\/strong> der Schule.<\/p>\n<p>Wir freuen uns auf Ihre R\u00fcckmeldungen und darauf, gemeinsam die Lernenden auf ihrem Weg zu unterst\u00fctzen!<\/p>\n<p>Mit freundlichen Gr\u00fc\u00dfen<br \/>\nUte Vockerodt<br \/>\nSchulleiterin<\/p>\n<div class=\"csc-header csc-header-n7\">\n<hr \/>\n<p><strong>Anmeldung ukrainischer Kinder und Jugendlicher<\/strong><\/p>\n<p>F\u00fcr die Anmeldung ukrainischer Kinder und Jugendlicher an s\u00e4chsischen Schulen wurde seitens des Landesamtes f\u00fcr Schule und Bildung ein Onlineanmeldeportal eingerichtet. Das Portal ist unter folgendem Link zu erreichen:<br \/>\n<span class=\"ttfmake-icon mceNonEditable fas\" style=\"background-color: rgba(0, 0, 0, 0); font-size: 1.5rem;\">\uf35d<\/span><a style=\"background-color: rgba(0, 0, 0, 0); font-family: 'Open Sans', 'Helvetica Neue', Helvetica, Arial, sans-serif; font-size: 1.5rem;\" href=\"https:\/\/www.schulportal.sachsen.de\/ukraine\/\">Aufnahmeverfahren von schulpflichtigen ukrainischen Kindern und Jugendlichen an s\u00e4chsischen Schulen \/ Procedure for admitting school-age Ukrainian children to Saxon schools \/ \u041f\u043e\u0440\u044f\u0434\u043e\u043a \u0437\u0430\u043f\u0438\u0441\u0443 \u0434\u0456\u0442\u0435\u0439 \u0442\u0430 \u043f\u0456\u0434\u043b\u0456\u0442\u043a\u0456\u0432 \u0448\u043a\u0456\u043b\u044c\u043d\u043e\u0433\u043e \u0432\u0456\u043a\u0443 \u0434\u043e \u0448\u043a\u043e\u043b\u0438 \u0432 \u0421\u0430\u043a\u0441\u043e\u043d\u0456\u0457 &#8211; Schulportal (sachsen.de)<\/a><\/p>\n<\/div>\n","protected":false},"excerpt":{"rendered":"<p>Aktuelle Informationen &nbsp; Informationen zur Anmeldung der zuk\u00fcnftigen F\u00fcnftkl\u00e4ssler Bitte anklicken.\u00a0 \u00a0 \u00a0 Informationen zum Aufnahmeverfahren in die Klassenstufe 5 Suche nach F\u00f6rderunterricht f\u00fcr unsere Sch\u00fclerinnen und Sch\u00fcler Die Paul-Guenther-Oberschule Geithain sucht engagierte und qualifizierte Personen, die unsere Sch\u00fclerinnen und Sch\u00fcler im Rahmen von F\u00f6rderunterricht in verschiedenen F\u00e4chern unterst\u00fctzen m\u00f6chten. Wir laden Studenten, Lehrkr\u00e4fte sowie &hellip;<\/p>\n","protected":false},"author":1,"featured_media":0,"parent":0,"menu_order":0,"comment_status":"closed","ping_status":"closed","template":"","meta":{"footnotes":""},"class_list":["post-328","page","type-page","status-publish","hentry"],"yoast_head":"<!-- This site is optimized with the Yoast SEO plugin v23.7 - https:\/\/yoast.com\/wordpress\/plugins\/seo\/ -->\n<title>Aktuelle Informationen - Oberschule &amp; Grundschule Paul-Guenther Geithain<\/title>\n<meta name=\"robots\" content=\"index, follow, max-snippet:-1, max-image-preview:large, max-video-preview:-1\" \/>\n<link rel=\"canonical\" href=\"https:\/\/www.paul-guenther-schule.de\/index.php\/aktuelle-informationen\/\" \/>\n<meta property=\"og:locale\" content=\"de_DE\" \/>\n<meta property=\"og:type\" content=\"article\" \/>\n<meta property=\"og:title\" content=\"Aktuelle Informationen - Oberschule &amp; Grundschule Paul-Guenther Geithain\" \/>\n<meta property=\"og:description\" content=\"Aktuelle Informationen &nbsp; Informationen zur Anmeldung der zuk\u00fcnftigen F\u00fcnftkl\u00e4ssler Bitte anklicken.\u00a0 \u00a0 \u00a0 Informationen zum Aufnahmeverfahren in die Klassenstufe 5 Suche nach F\u00f6rderunterricht f\u00fcr unsere Sch\u00fclerinnen und Sch\u00fcler Die Paul-Guenther-Oberschule Geithain sucht engagierte und qualifizierte Personen, die unsere Sch\u00fclerinnen und Sch\u00fcler im Rahmen von F\u00f6rderunterricht in verschiedenen F\u00e4chern unterst\u00fctzen m\u00f6chten. Wir laden Studenten, Lehrkr\u00e4fte sowie &hellip;\" \/>\n<meta property=\"og:url\" content=\"https:\/\/www.paul-guenther-schule.de\/index.php\/aktuelle-informationen\/\" \/>\n<meta property=\"og:site_name\" content=\"Oberschule &amp; Grundschule Paul-Guenther Geithain\" \/>\n<meta property=\"article:modified_time\" content=\"2026-01-28T20:20:01+00:00\" \/>\n<meta name=\"twitter:card\" content=\"summary_large_image\" \/>\n<meta name=\"twitter:label1\" content=\"Gesch\u00e4tzte Lesezeit\" \/>\n\t<meta name=\"twitter:data1\" content=\"2\u00a0Minuten\" \/>\n<script type=\"application\/ld+json\" class=\"yoast-schema-graph\">{\"@context\":\"https:\/\/schema.org\",\"@graph\":[{\"@type\":\"WebPage\",\"@id\":\"https:\/\/www.paul-guenther-schule.de\/index.php\/aktuelle-informationen\/\",\"url\":\"https:\/\/www.paul-guenther-schule.de\/index.php\/aktuelle-informationen\/\",\"name\":\"Aktuelle Informationen - Oberschule &amp; Grundschule Paul-Guenther Geithain\",\"isPartOf\":{\"@id\":\"https:\/\/www.paul-guenther-schule.de\/#website\"},\"datePublished\":\"2024-01-09T14:41:41+00:00\",\"dateModified\":\"2026-01-28T20:20:01+00:00\",\"breadcrumb\":{\"@id\":\"https:\/\/www.paul-guenther-schule.de\/index.php\/aktuelle-informationen\/#breadcrumb\"},\"inLanguage\":\"de\",\"potentialAction\":[{\"@type\":\"ReadAction\",\"target\":[\"https:\/\/www.paul-guenther-schule.de\/index.php\/aktuelle-informationen\/\"]}]},{\"@type\":\"BreadcrumbList\",\"@id\":\"https:\/\/www.paul-guenther-schule.de\/index.php\/aktuelle-informationen\/#breadcrumb\",\"itemListElement\":[{\"@type\":\"ListItem\",\"position\":1,\"name\":\"Home\",\"item\":\"https:\/\/www.paul-guenther-schule.de\/\"},{\"@type\":\"ListItem\",\"position\":2,\"name\":\"Aktuelle Informationen\"}]},{\"@type\":\"WebSite\",\"@id\":\"https:\/\/www.paul-guenther-schule.de\/#website\",\"url\":\"https:\/\/www.paul-guenther-schule.de\/\",\"name\":\"Oberschule &amp; Grundschule Paul-Guenther Geithain\",\"description\":\"\",\"publisher\":{\"@id\":\"https:\/\/www.paul-guenther-schule.de\/#organization\"},\"potentialAction\":[{\"@type\":\"SearchAction\",\"target\":{\"@type\":\"EntryPoint\",\"urlTemplate\":\"https:\/\/www.paul-guenther-schule.de\/?s={search_term_string}\"},\"query-input\":{\"@type\":\"PropertyValueSpecification\",\"valueRequired\":true,\"valueName\":\"search_term_string\"}}],\"inLanguage\":\"de\"},{\"@type\":\"Organization\",\"@id\":\"https:\/\/www.paul-guenther-schule.de\/#organization\",\"name\":\"Oberschule &amp; Grundschule Paul-Guenther Geithain\",\"url\":\"https:\/\/www.paul-guenther-schule.de\/\",\"logo\":{\"@type\":\"ImageObject\",\"inLanguage\":\"de\",\"@id\":\"https:\/\/www.paul-guenther-schule.de\/#\/schema\/logo\/image\/\",\"url\":\"https:\/\/www.paul-guenther-schule.de\/wp-content\/uploads\/2024\/01\/cropped-header-pauli-eule-04.png\",\"contentUrl\":\"https:\/\/www.paul-guenther-schule.de\/wp-content\/uploads\/2024\/01\/cropped-header-pauli-eule-04.png\",\"width\":1040,\"height\":294,\"caption\":\"Oberschule &amp; Grundschule Paul-Guenther Geithain\"},\"image\":{\"@id\":\"https:\/\/www.paul-guenther-schule.de\/#\/schema\/logo\/image\/\"}}]}<\/script>\n<!-- \/ Yoast SEO plugin. -->","yoast_head_json":{"title":"Aktuelle Informationen - Oberschule &amp; Grundschule Paul-Guenther Geithain","robots":{"index":"index","follow":"follow","max-snippet":"max-snippet:-1","max-image-preview":"max-image-preview:large","max-video-preview":"max-video-preview:-1"},"canonical":"https:\/\/www.paul-guenther-schule.de\/index.php\/aktuelle-informationen\/","og_locale":"de_DE","og_type":"article","og_title":"Aktuelle Informationen - Oberschule &amp; Grundschule Paul-Guenther Geithain","og_description":"Aktuelle Informationen &nbsp; Informationen zur Anmeldung der zuk\u00fcnftigen F\u00fcnftkl\u00e4ssler Bitte anklicken.\u00a0 \u00a0 \u00a0 Informationen zum Aufnahmeverfahren in die Klassenstufe 5 Suche nach F\u00f6rderunterricht f\u00fcr unsere Sch\u00fclerinnen und Sch\u00fcler Die Paul-Guenther-Oberschule Geithain sucht engagierte und qualifizierte Personen, die unsere Sch\u00fclerinnen und Sch\u00fcler im Rahmen von F\u00f6rderunterricht in verschiedenen F\u00e4chern unterst\u00fctzen m\u00f6chten. Wir laden Studenten, Lehrkr\u00e4fte sowie &hellip;","og_url":"https:\/\/www.paul-guenther-schule.de\/index.php\/aktuelle-informationen\/","og_site_name":"Oberschule &amp; Grundschule Paul-Guenther Geithain","article_modified_time":"2026-01-28T20:20:01+00:00","twitter_card":"summary_large_image","twitter_misc":{"Gesch\u00e4tzte Lesezeit":"2\u00a0Minuten"},"schema":{"@context":"https:\/\/schema.org","@graph":[{"@type":"WebPage","@id":"https:\/\/www.paul-guenther-schule.de\/index.php\/aktuelle-informationen\/","url":"https:\/\/www.paul-guenther-schule.de\/index.php\/aktuelle-informationen\/","name":"Aktuelle Informationen - Oberschule &amp; Grundschule Paul-Guenther Geithain","isPartOf":{"@id":"https:\/\/www.paul-guenther-schule.de\/#website"},"datePublished":"2024-01-09T14:41:41+00:00","dateModified":"2026-01-28T20:20:01+00:00","breadcrumb":{"@id":"https:\/\/www.paul-guenther-schule.de\/index.php\/aktuelle-informationen\/#breadcrumb"},"inLanguage":"de","potentialAction":[{"@type":"ReadAction","target":["https:\/\/www.paul-guenther-schule.de\/index.php\/aktuelle-informationen\/"]}]},{"@type":"BreadcrumbList","@id":"https:\/\/www.paul-guenther-schule.de\/index.php\/aktuelle-informationen\/#breadcrumb","itemListElement":[{"@type":"ListItem","position":1,"name":"Home","item":"https:\/\/www.paul-guenther-schule.de\/"},{"@type":"ListItem","position":2,"name":"Aktuelle Informationen"}]},{"@type":"WebSite","@id":"https:\/\/www.paul-guenther-schule.de\/#website","url":"https:\/\/www.paul-guenther-schule.de\/","name":"Oberschule &amp; Grundschule Paul-Guenther Geithain","description":"","publisher":{"@id":"https:\/\/www.paul-guenther-schule.de\/#organization"},"potentialAction":[{"@type":"SearchAction","target":{"@type":"EntryPoint","urlTemplate":"https:\/\/www.paul-guenther-schule.de\/?s={search_term_string}"},"query-input":{"@type":"PropertyValueSpecification","valueRequired":true,"valueName":"search_term_string"}}],"inLanguage":"de"},{"@type":"Organization","@id":"https:\/\/www.paul-guenther-schule.de\/#organization","name":"Oberschule &amp; Grundschule Paul-Guenther Geithain","url":"https:\/\/www.paul-guenther-schule.de\/","logo":{"@type":"ImageObject","inLanguage":"de","@id":"https:\/\/www.paul-guenther-schule.de\/#\/schema\/logo\/image\/","url":"https:\/\/www.paul-guenther-schule.de\/wp-content\/uploads\/2024\/01\/cropped-header-pauli-eule-04.png","contentUrl":"https:\/\/www.paul-guenther-schule.de\/wp-content\/uploads\/2024\/01\/cropped-header-pauli-eule-04.png","width":1040,"height":294,"caption":"Oberschule &amp; Grundschule Paul-Guenther Geithain"},"image":{"@id":"https:\/\/www.paul-guenther-schule.de\/#\/schema\/logo\/image\/"}}]}},"publishpress_future_action":{"enabled":false,"date":"2026-04-23 11:52:31","action":"change-status","newStatus":"draft","terms":[],"taxonomy":""},"publishpress_future_workflow_manual_trigger":{"enabledWorkflows":[]},"_links":{"self":[{"href":"https:\/\/www.paul-guenther-schule.de\/index.php\/wp-json\/wp\/v2\/pages\/328","targetHints":{"allow":["GET"]}}],"collection":[{"href":"https:\/\/www.paul-guenther-schule.de\/index.php\/wp-json\/wp\/v2\/pages"}],"about":[{"href":"https:\/\/www.paul-guenther-schule.de\/index.php\/wp-json\/wp\/v2\/types\/page"}],"author":[{"embeddable":true,"href":"https:\/\/www.paul-guenther-schule.de\/index.php\/wp-json\/wp\/v2\/users\/1"}],"replies":[{"embeddable":true,"href":"https:\/\/www.paul-guenther-schule.de\/index.php\/wp-json\/wp\/v2\/comments?post=328"}],"version-history":[{"count":70,"href":"https:\/\/www.paul-guenther-schule.de\/index.php\/wp-json\/wp\/v2\/pages\/328\/revisions"}],"predecessor-version":[{"id":1095,"href":"https:\/\/www.paul-guenther-schule.de\/index.php\/wp-json\/wp\/v2\/pages\/328\/revisions\/1095"}],"wp:attachment":[{"href":"https:\/\/www.paul-guenther-schule.de\/index.php\/wp-json\/wp\/v2\/media?parent=328"}],"curies":[{"name":"wp","href":"https:\/\/api.w.org\/{rel}","templated":true}]}}