{"id":380,"date":"2024-01-09T16:29:07","date_gmt":"2024-01-09T15:29:07","guid":{"rendered":"https:\/\/www.paul-guenther-schule.de\/?page_id=380"},"modified":"2026-03-02T16:28:31","modified_gmt":"2026-03-02T15:28:31","slug":"speiseplan","status":"publish","type":"page","link":"https:\/\/www.paul-guenther-schule.de\/index.php\/speiseplan\/","title":{"rendered":"Speiseplan"},"content":{"rendered":"<div id=\"c976\" class=\"csc-layout_0\">\n<div class=\"csc-header csc-header-n1\">\n<h1 class=\"csc-firstHeader\">Unser Speiseplan der K\u00fcche Gramss<\/h1>\n<\/div>\n<\/div>\n<h5 style=\"text-align: center;\"><a href=\"https:\/\/www.paul-guenther-schule.de\/wp-content\/uploads\/2026\/01\/Speiseplan-vom-26.01.-bis-06.03.26.pdf\">Speiseplan vom 26.01. bis 06.03.26<\/a><\/h5>\n<h5 style=\"text-align: center;\"><a href=\"https:\/\/www.paul-guenther-schule.de\/wp-content\/uploads\/2026\/03\/Speiseplan-vom-09.03.-bis-03.04.26.pdf\">Speiseplan vom 09.03. bis 03.04.26<\/a><\/h5>\n<hr class=\"ttfmake-hr\" style=\"border-style: double; border-top-width: 6px;\" \/>\n<h2>Informationen zur Essengeldkassierung<\/h2>\n<p>Sehr geehrte Eltern,<\/p>\n<p>Ihr Kind hat die M\u00f6glichkeit an der Schulspeisung teilzunehmen.<\/p>\n<p>Im Krankheitsfall besteht jederzeit die M\u00f6glichkeit, dass Ihr Kind das Geld zur\u00fcckerh\u00e4lt bzw. die Marke verrechnet wird. Grundlage daf\u00fcr ist eine Best\u00e4tigung des Klassenlehrers auf der Essenmarke. Bei Krankheit kann die Essenmarke jederzeit an der Essenausgabe nachgekauft werden.<\/p>\n<p>Alle Kinder haben die M\u00f6glichkeit unter verschiedenen Speiseangeboten zu w\u00e4hlen.\u00a0Die Auswahl entnehmen Sie bitte der Tabelle auf dem Plan, welchen jeder Sch\u00fcler erh\u00e4lt.<br \/>\nDieses Angebot gilt ausschlie\u00dflich f\u00fcr Kinder, deren Eltern die beigef\u00fcgte Einzugserm\u00e4chtigung f\u00fcr die Fa. Gramss erteilt haben.<\/p>\n<p>&nbsp;<\/p>\n","protected":false},"excerpt":{"rendered":"<p>Unser Speiseplan der K\u00fcche Gramss Speiseplan vom 26.01. bis 06.03.26 Speiseplan vom 09.03. bis 03.04.26 Informationen zur Essengeldkassierung Sehr geehrte Eltern, Ihr Kind hat die M\u00f6glichkeit an der Schulspeisung teilzunehmen. Im Krankheitsfall besteht jederzeit die M\u00f6glichkeit, dass Ihr Kind das Geld zur\u00fcckerh\u00e4lt bzw. die Marke verrechnet wird. Grundlage daf\u00fcr ist eine Best\u00e4tigung des Klassenlehrers auf &hellip;<\/p>\n","protected":false},"author":1,"featured_media":0,"parent":0,"menu_order":0,"comment_status":"closed","ping_status":"closed","template":"","meta":{"footnotes":""},"class_list":["post-380","page","type-page","status-publish","hentry"],"yoast_head":"<!-- This site is optimized with the Yoast SEO plugin v23.7 - https:\/\/yoast.com\/wordpress\/plugins\/seo\/ -->\n<title>Speiseplan - Oberschule &amp; Grundschule Paul-Guenther Geithain<\/title>\n<meta name=\"robots\" content=\"index, follow, max-snippet:-1, max-image-preview:large, max-video-preview:-1\" \/>\n<link rel=\"canonical\" href=\"https:\/\/www.paul-guenther-schule.de\/index.php\/speiseplan\/\" \/>\n<meta property=\"og:locale\" content=\"de_DE\" \/>\n<meta property=\"og:type\" content=\"article\" \/>\n<meta property=\"og:title\" content=\"Speiseplan - Oberschule &amp; Grundschule Paul-Guenther Geithain\" \/>\n<meta property=\"og:description\" content=\"Unser Speiseplan der K\u00fcche Gramss Speiseplan vom 26.01. bis 06.03.26 Speiseplan vom 09.03. bis 03.04.26 Informationen zur Essengeldkassierung Sehr geehrte Eltern, Ihr Kind hat die M\u00f6glichkeit an der Schulspeisung teilzunehmen. Im Krankheitsfall besteht jederzeit die M\u00f6glichkeit, dass Ihr Kind das Geld zur\u00fcckerh\u00e4lt bzw. die Marke verrechnet wird. Grundlage daf\u00fcr ist eine Best\u00e4tigung des Klassenlehrers auf &hellip;\" \/>\n<meta property=\"og:url\" content=\"https:\/\/www.paul-guenther-schule.de\/index.php\/speiseplan\/\" \/>\n<meta property=\"og:site_name\" content=\"Oberschule &amp; Grundschule Paul-Guenther Geithain\" \/>\n<meta property=\"article:modified_time\" content=\"2026-03-02T15:28:31+00:00\" \/>\n<meta name=\"twitter:card\" content=\"summary_large_image\" \/>\n<meta name=\"twitter:label1\" content=\"Gesch\u00e4tzte Lesezeit\" \/>\n\t<meta name=\"twitter:data1\" content=\"1\u00a0Minute\" \/>\n<script type=\"application\/ld+json\" class=\"yoast-schema-graph\">{\"@context\":\"https:\/\/schema.org\",\"@graph\":[{\"@type\":\"WebPage\",\"@id\":\"https:\/\/www.paul-guenther-schule.de\/index.php\/speiseplan\/\",\"url\":\"https:\/\/www.paul-guenther-schule.de\/index.php\/speiseplan\/\",\"name\":\"Speiseplan - Oberschule &amp; Grundschule Paul-Guenther Geithain\",\"isPartOf\":{\"@id\":\"https:\/\/www.paul-guenther-schule.de\/#website\"},\"datePublished\":\"2024-01-09T15:29:07+00:00\",\"dateModified\":\"2026-03-02T15:28:31+00:00\",\"breadcrumb\":{\"@id\":\"https:\/\/www.paul-guenther-schule.de\/index.php\/speiseplan\/#breadcrumb\"},\"inLanguage\":\"de\",\"potentialAction\":[{\"@type\":\"ReadAction\",\"target\":[\"https:\/\/www.paul-guenther-schule.de\/index.php\/speiseplan\/\"]}]},{\"@type\":\"BreadcrumbList\",\"@id\":\"https:\/\/www.paul-guenther-schule.de\/index.php\/speiseplan\/#breadcrumb\",\"itemListElement\":[{\"@type\":\"ListItem\",\"position\":1,\"name\":\"Home\",\"item\":\"https:\/\/www.paul-guenther-schule.de\/\"},{\"@type\":\"ListItem\",\"position\":2,\"name\":\"Speiseplan\"}]},{\"@type\":\"WebSite\",\"@id\":\"https:\/\/www.paul-guenther-schule.de\/#website\",\"url\":\"https:\/\/www.paul-guenther-schule.de\/\",\"name\":\"Oberschule &amp; Grundschule Paul-Guenther Geithain\",\"description\":\"\",\"publisher\":{\"@id\":\"https:\/\/www.paul-guenther-schule.de\/#organization\"},\"potentialAction\":[{\"@type\":\"SearchAction\",\"target\":{\"@type\":\"EntryPoint\",\"urlTemplate\":\"https:\/\/www.paul-guenther-schule.de\/?s={search_term_string}\"},\"query-input\":{\"@type\":\"PropertyValueSpecification\",\"valueRequired\":true,\"valueName\":\"search_term_string\"}}],\"inLanguage\":\"de\"},{\"@type\":\"Organization\",\"@id\":\"https:\/\/www.paul-guenther-schule.de\/#organization\",\"name\":\"Oberschule &amp; Grundschule Paul-Guenther Geithain\",\"url\":\"https:\/\/www.paul-guenther-schule.de\/\",\"logo\":{\"@type\":\"ImageObject\",\"inLanguage\":\"de\",\"@id\":\"https:\/\/www.paul-guenther-schule.de\/#\/schema\/logo\/image\/\",\"url\":\"https:\/\/www.paul-guenther-schule.de\/wp-content\/uploads\/2024\/01\/cropped-header-pauli-eule-04.png\",\"contentUrl\":\"https:\/\/www.paul-guenther-schule.de\/wp-content\/uploads\/2024\/01\/cropped-header-pauli-eule-04.png\",\"width\":1040,\"height\":294,\"caption\":\"Oberschule &amp; Grundschule Paul-Guenther Geithain\"},\"image\":{\"@id\":\"https:\/\/www.paul-guenther-schule.de\/#\/schema\/logo\/image\/\"}}]}<\/script>\n<!-- \/ Yoast SEO plugin. -->","yoast_head_json":{"title":"Speiseplan - Oberschule &amp; Grundschule Paul-Guenther Geithain","robots":{"index":"index","follow":"follow","max-snippet":"max-snippet:-1","max-image-preview":"max-image-preview:large","max-video-preview":"max-video-preview:-1"},"canonical":"https:\/\/www.paul-guenther-schule.de\/index.php\/speiseplan\/","og_locale":"de_DE","og_type":"article","og_title":"Speiseplan - Oberschule &amp; Grundschule Paul-Guenther Geithain","og_description":"Unser Speiseplan der K\u00fcche Gramss Speiseplan vom 26.01. bis 06.03.26 Speiseplan vom 09.03. bis 03.04.26 Informationen zur Essengeldkassierung Sehr geehrte Eltern, Ihr Kind hat die M\u00f6glichkeit an der Schulspeisung teilzunehmen. Im Krankheitsfall besteht jederzeit die M\u00f6glichkeit, dass Ihr Kind das Geld zur\u00fcckerh\u00e4lt bzw. die Marke verrechnet wird. Grundlage daf\u00fcr ist eine Best\u00e4tigung des Klassenlehrers auf &hellip;","og_url":"https:\/\/www.paul-guenther-schule.de\/index.php\/speiseplan\/","og_site_name":"Oberschule &amp; Grundschule Paul-Guenther Geithain","article_modified_time":"2026-03-02T15:28:31+00:00","twitter_card":"summary_large_image","twitter_misc":{"Gesch\u00e4tzte Lesezeit":"1\u00a0Minute"},"schema":{"@context":"https:\/\/schema.org","@graph":[{"@type":"WebPage","@id":"https:\/\/www.paul-guenther-schule.de\/index.php\/speiseplan\/","url":"https:\/\/www.paul-guenther-schule.de\/index.php\/speiseplan\/","name":"Speiseplan - Oberschule &amp; Grundschule Paul-Guenther Geithain","isPartOf":{"@id":"https:\/\/www.paul-guenther-schule.de\/#website"},"datePublished":"2024-01-09T15:29:07+00:00","dateModified":"2026-03-02T15:28:31+00:00","breadcrumb":{"@id":"https:\/\/www.paul-guenther-schule.de\/index.php\/speiseplan\/#breadcrumb"},"inLanguage":"de","potentialAction":[{"@type":"ReadAction","target":["https:\/\/www.paul-guenther-schule.de\/index.php\/speiseplan\/"]}]},{"@type":"BreadcrumbList","@id":"https:\/\/www.paul-guenther-schule.de\/index.php\/speiseplan\/#breadcrumb","itemListElement":[{"@type":"ListItem","position":1,"name":"Home","item":"https:\/\/www.paul-guenther-schule.de\/"},{"@type":"ListItem","position":2,"name":"Speiseplan"}]},{"@type":"WebSite","@id":"https:\/\/www.paul-guenther-schule.de\/#website","url":"https:\/\/www.paul-guenther-schule.de\/","name":"Oberschule &amp; Grundschule Paul-Guenther Geithain","description":"","publisher":{"@id":"https:\/\/www.paul-guenther-schule.de\/#organization"},"potentialAction":[{"@type":"SearchAction","target":{"@type":"EntryPoint","urlTemplate":"https:\/\/www.paul-guenther-schule.de\/?s={search_term_string}"},"query-input":{"@type":"PropertyValueSpecification","valueRequired":true,"valueName":"search_term_string"}}],"inLanguage":"de"},{"@type":"Organization","@id":"https:\/\/www.paul-guenther-schule.de\/#organization","name":"Oberschule &amp; Grundschule Paul-Guenther Geithain","url":"https:\/\/www.paul-guenther-schule.de\/","logo":{"@type":"ImageObject","inLanguage":"de","@id":"https:\/\/www.paul-guenther-schule.de\/#\/schema\/logo\/image\/","url":"https:\/\/www.paul-guenther-schule.de\/wp-content\/uploads\/2024\/01\/cropped-header-pauli-eule-04.png","contentUrl":"https:\/\/www.paul-guenther-schule.de\/wp-content\/uploads\/2024\/01\/cropped-header-pauli-eule-04.png","width":1040,"height":294,"caption":"Oberschule &amp; Grundschule Paul-Guenther Geithain"},"image":{"@id":"https:\/\/www.paul-guenther-schule.de\/#\/schema\/logo\/image\/"}}]}},"publishpress_future_action":{"enabled":false,"date":"2026-04-15 07:32:22","action":"change-status","newStatus":"draft","terms":[],"taxonomy":""},"publishpress_future_workflow_manual_trigger":{"enabledWorkflows":[]},"_links":{"self":[{"href":"https:\/\/www.paul-guenther-schule.de\/index.php\/wp-json\/wp\/v2\/pages\/380","targetHints":{"allow":["GET"]}}],"collection":[{"href":"https:\/\/www.paul-guenther-schule.de\/index.php\/wp-json\/wp\/v2\/pages"}],"about":[{"href":"https:\/\/www.paul-guenther-schule.de\/index.php\/wp-json\/wp\/v2\/types\/page"}],"author":[{"embeddable":true,"href":"https:\/\/www.paul-guenther-schule.de\/index.php\/wp-json\/wp\/v2\/users\/1"}],"replies":[{"embeddable":true,"href":"https:\/\/www.paul-guenther-schule.de\/index.php\/wp-json\/wp\/v2\/comments?post=380"}],"version-history":[{"count":34,"href":"https:\/\/www.paul-guenther-schule.de\/index.php\/wp-json\/wp\/v2\/pages\/380\/revisions"}],"predecessor-version":[{"id":1743,"href":"https:\/\/www.paul-guenther-schule.de\/index.php\/wp-json\/wp\/v2\/pages\/380\/revisions\/1743"}],"wp:attachment":[{"href":"https:\/\/www.paul-guenther-schule.de\/index.php\/wp-json\/wp\/v2\/media?parent=380"}],"curies":[{"name":"wp","href":"https:\/\/api.w.org\/{rel}","templated":true}]}}