{"id":427,"date":"2024-01-09T17:51:18","date_gmt":"2024-01-09T16:51:18","guid":{"rendered":"https:\/\/www.paul-guenther-schule.de\/?page_id=427"},"modified":"2024-04-22T20:34:25","modified_gmt":"2024-04-22T18:34:25","slug":"unser-schulhaus","status":"publish","type":"page","link":"https:\/\/www.paul-guenther-schule.de\/index.php\/unsere-pauli\/unser-schulhaus\/","title":{"rendered":"Unser Schulhaus"},"content":{"rendered":"<h1>Unser Schulhaus<\/h1>\n<p><strong>Interaktive Tafeln<br \/>\n<\/strong>Fast alle Unterrichtsr\u00e4ume sind mit einer interaktiven Tafel ausgestattet. Damit k\u00f6nnen Tafelbilder mit Stift erstellt, Kopiervorlagen angeschaut und z.B. Filme angesehen werden. Au\u00dferdem ist es m\u00f6glich Videokonferenzen abzuhalten.<\/p>\n<p><strong>Der Zeichensaal<br \/>\n<\/strong>Auf der Nordseite der Schule befindet sich der Zeichensaal. Hier sind zahlreiche Sch\u00fcler- arbeiten sowohl als Bild als auch als Plastik ausgestellt.<br \/>\nAn den W\u00e4nden sieht man Werke des ortsans\u00e4ssigen Lithographen Prof. M\u00fcnzner.<\/p>\n<p><strong>Die Schwimmhalle<br \/>\n<\/strong>Seit 1958 k\u00f6nnen Sch\u00fcler der Grundschule im Lehrschwimmbecken schwimmen lernen, welches im ehemaligen Fahrradschuppen zu finden ist. Aber auch Gruppen aller Altersklassen freuen sich \u00fcber die M\u00f6glichkeit, hier an Schwimmkursen teilzunehmen.\u00a0Das Schwimmbecken wurde 1995 erneuert.<\/p>\n<p><strong>Die Turnhalle<br \/>\n<\/strong>Der ehemalige Turn- und Festsaal der Schule, der auch als Aula diente, war mit Bleiglasfenstern versehen und hatte eine Empore. Nach umfangreicher Renovierung steht jetzt den Sch\u00fclern eine moderne Turnhalle zur Verf\u00fcgung.<\/p>\n<p><strong>Die K\u00fcche<br \/>\n<\/strong>Um das Profil Hauswirtschaft unterrichten zu k\u00f6nnen, wurde eine moderne K\u00fcche mit vier K\u00fcchenzeilen eingerichtet. Diese sind mit einem Umluftherd, einem Gasherd und zwei Elektroherden sowie Sp\u00fclen und dem dazu n\u00f6tigen Kochgeschirr ausgestattet.<\/p>\n<p><strong>Die Werkr\u00e4ume<\/strong><br \/>\nDie beiden Werkr\u00e4ume werden sowohl f\u00fcr den Werkunterricht (jetzt TC-Unterricht) in den Klassen 5 und 6 als auch im Profil Technik bzw. im Fach WTH genutzt. Hier k\u00f6nnen die Sch\u00fcler handwerklich t\u00e4tig werden und sich mit Holz, Plast und auch mit Metall ausprobieren.<\/p>\n<p><strong>Die Flure<\/strong><br \/>\nIn den Fluren erkennt man noch den amerikanischen Einfluss. Die urspr\u00fcnglich dunklen G\u00e4nge mit ge\u00f6ltem Parkett und der Farbgestaltung der 20er Jahre wurden in den letzten Jahren durch Versiegeln des Parketts und helle freundliche Farben in lichtdurchflutete weite Flure umgestaltet. Jetzt gibt es im Hauptgeb\u00e4ude einen roten, einen gr\u00fcnen und einen blauen Flur. An den W\u00e4nden existieren immer noch f\u00fcr jede Klasse Garderobenschr\u00e4nke.<\/p>\n","protected":false},"excerpt":{"rendered":"<p>Unser Schulhaus Interaktive Tafeln Fast alle Unterrichtsr\u00e4ume sind mit einer interaktiven Tafel ausgestattet. Damit k\u00f6nnen Tafelbilder mit Stift erstellt, Kopiervorlagen angeschaut und z.B. Filme angesehen werden. Au\u00dferdem ist es m\u00f6glich Videokonferenzen abzuhalten. Der Zeichensaal Auf der Nordseite der Schule befindet sich der Zeichensaal. Hier sind zahlreiche Sch\u00fcler- arbeiten sowohl als Bild als auch als Plastik &hellip;<\/p>\n","protected":false},"author":1,"featured_media":0,"parent":11,"menu_order":0,"comment_status":"closed","ping_status":"closed","template":"","meta":{"footnotes":""},"class_list":["post-427","page","type-page","status-publish","hentry"],"yoast_head":"<!-- This site is optimized with the Yoast SEO plugin v23.7 - https:\/\/yoast.com\/wordpress\/plugins\/seo\/ -->\n<title>Unser Schulhaus - Oberschule &amp; Grundschule Paul-Guenther Geithain<\/title>\n<meta name=\"robots\" content=\"index, follow, max-snippet:-1, max-image-preview:large, max-video-preview:-1\" \/>\n<link rel=\"canonical\" href=\"https:\/\/www.paul-guenther-schule.de\/index.php\/unsere-pauli\/unser-schulhaus\/\" \/>\n<meta property=\"og:locale\" content=\"de_DE\" \/>\n<meta property=\"og:type\" content=\"article\" \/>\n<meta property=\"og:title\" content=\"Unser Schulhaus - Oberschule &amp; Grundschule Paul-Guenther Geithain\" \/>\n<meta property=\"og:description\" content=\"Unser Schulhaus Interaktive Tafeln Fast alle Unterrichtsr\u00e4ume sind mit einer interaktiven Tafel ausgestattet. Damit k\u00f6nnen Tafelbilder mit Stift erstellt, Kopiervorlagen angeschaut und z.B. Filme angesehen werden. Au\u00dferdem ist es m\u00f6glich Videokonferenzen abzuhalten. Der Zeichensaal Auf der Nordseite der Schule befindet sich der Zeichensaal. Hier sind zahlreiche Sch\u00fcler- arbeiten sowohl als Bild als auch als Plastik &hellip;\" \/>\n<meta property=\"og:url\" content=\"https:\/\/www.paul-guenther-schule.de\/index.php\/unsere-pauli\/unser-schulhaus\/\" \/>\n<meta property=\"og:site_name\" content=\"Oberschule &amp; Grundschule Paul-Guenther Geithain\" \/>\n<meta property=\"article:modified_time\" content=\"2024-04-22T18:34:25+00:00\" \/>\n<meta name=\"twitter:card\" content=\"summary_large_image\" \/>\n<meta name=\"twitter:label1\" content=\"Gesch\u00e4tzte Lesezeit\" \/>\n\t<meta name=\"twitter:data1\" content=\"2\u00a0Minuten\" \/>\n<script type=\"application\/ld+json\" class=\"yoast-schema-graph\">{\"@context\":\"https:\/\/schema.org\",\"@graph\":[{\"@type\":\"WebPage\",\"@id\":\"https:\/\/www.paul-guenther-schule.de\/index.php\/unsere-pauli\/unser-schulhaus\/\",\"url\":\"https:\/\/www.paul-guenther-schule.de\/index.php\/unsere-pauli\/unser-schulhaus\/\",\"name\":\"Unser Schulhaus - Oberschule &amp; Grundschule Paul-Guenther Geithain\",\"isPartOf\":{\"@id\":\"https:\/\/www.paul-guenther-schule.de\/#website\"},\"datePublished\":\"2024-01-09T16:51:18+00:00\",\"dateModified\":\"2024-04-22T18:34:25+00:00\",\"breadcrumb\":{\"@id\":\"https:\/\/www.paul-guenther-schule.de\/index.php\/unsere-pauli\/unser-schulhaus\/#breadcrumb\"},\"inLanguage\":\"de\",\"potentialAction\":[{\"@type\":\"ReadAction\",\"target\":[\"https:\/\/www.paul-guenther-schule.de\/index.php\/unsere-pauli\/unser-schulhaus\/\"]}]},{\"@type\":\"BreadcrumbList\",\"@id\":\"https:\/\/www.paul-guenther-schule.de\/index.php\/unsere-pauli\/unser-schulhaus\/#breadcrumb\",\"itemListElement\":[{\"@type\":\"ListItem\",\"position\":1,\"name\":\"Home\",\"item\":\"https:\/\/www.paul-guenther-schule.de\/\"},{\"@type\":\"ListItem\",\"position\":2,\"name\":\"Unsere Pauli\",\"item\":\"https:\/\/www.paul-guenther-schule.de\/index.php\/unsere-pauli\/\"},{\"@type\":\"ListItem\",\"position\":3,\"name\":\"Unser Schulhaus\"}]},{\"@type\":\"WebSite\",\"@id\":\"https:\/\/www.paul-guenther-schule.de\/#website\",\"url\":\"https:\/\/www.paul-guenther-schule.de\/\",\"name\":\"Oberschule &amp; Grundschule Paul-Guenther Geithain\",\"description\":\"\",\"publisher\":{\"@id\":\"https:\/\/www.paul-guenther-schule.de\/#organization\"},\"potentialAction\":[{\"@type\":\"SearchAction\",\"target\":{\"@type\":\"EntryPoint\",\"urlTemplate\":\"https:\/\/www.paul-guenther-schule.de\/?s={search_term_string}\"},\"query-input\":{\"@type\":\"PropertyValueSpecification\",\"valueRequired\":true,\"valueName\":\"search_term_string\"}}],\"inLanguage\":\"de\"},{\"@type\":\"Organization\",\"@id\":\"https:\/\/www.paul-guenther-schule.de\/#organization\",\"name\":\"Oberschule &amp; Grundschule Paul-Guenther Geithain\",\"url\":\"https:\/\/www.paul-guenther-schule.de\/\",\"logo\":{\"@type\":\"ImageObject\",\"inLanguage\":\"de\",\"@id\":\"https:\/\/www.paul-guenther-schule.de\/#\/schema\/logo\/image\/\",\"url\":\"https:\/\/www.paul-guenther-schule.de\/wp-content\/uploads\/2024\/01\/cropped-header-pauli-eule-04.png\",\"contentUrl\":\"https:\/\/www.paul-guenther-schule.de\/wp-content\/uploads\/2024\/01\/cropped-header-pauli-eule-04.png\",\"width\":1040,\"height\":294,\"caption\":\"Oberschule &amp; Grundschule Paul-Guenther Geithain\"},\"image\":{\"@id\":\"https:\/\/www.paul-guenther-schule.de\/#\/schema\/logo\/image\/\"}}]}<\/script>\n<!-- \/ Yoast SEO plugin. -->","yoast_head_json":{"title":"Unser Schulhaus - Oberschule &amp; Grundschule Paul-Guenther Geithain","robots":{"index":"index","follow":"follow","max-snippet":"max-snippet:-1","max-image-preview":"max-image-preview:large","max-video-preview":"max-video-preview:-1"},"canonical":"https:\/\/www.paul-guenther-schule.de\/index.php\/unsere-pauli\/unser-schulhaus\/","og_locale":"de_DE","og_type":"article","og_title":"Unser Schulhaus - Oberschule &amp; Grundschule Paul-Guenther Geithain","og_description":"Unser Schulhaus Interaktive Tafeln Fast alle Unterrichtsr\u00e4ume sind mit einer interaktiven Tafel ausgestattet. Damit k\u00f6nnen Tafelbilder mit Stift erstellt, Kopiervorlagen angeschaut und z.B. Filme angesehen werden. Au\u00dferdem ist es m\u00f6glich Videokonferenzen abzuhalten. Der Zeichensaal Auf der Nordseite der Schule befindet sich der Zeichensaal. Hier sind zahlreiche Sch\u00fcler- arbeiten sowohl als Bild als auch als Plastik &hellip;","og_url":"https:\/\/www.paul-guenther-schule.de\/index.php\/unsere-pauli\/unser-schulhaus\/","og_site_name":"Oberschule &amp; Grundschule Paul-Guenther Geithain","article_modified_time":"2024-04-22T18:34:25+00:00","twitter_card":"summary_large_image","twitter_misc":{"Gesch\u00e4tzte Lesezeit":"2\u00a0Minuten"},"schema":{"@context":"https:\/\/schema.org","@graph":[{"@type":"WebPage","@id":"https:\/\/www.paul-guenther-schule.de\/index.php\/unsere-pauli\/unser-schulhaus\/","url":"https:\/\/www.paul-guenther-schule.de\/index.php\/unsere-pauli\/unser-schulhaus\/","name":"Unser Schulhaus - Oberschule &amp; Grundschule Paul-Guenther Geithain","isPartOf":{"@id":"https:\/\/www.paul-guenther-schule.de\/#website"},"datePublished":"2024-01-09T16:51:18+00:00","dateModified":"2024-04-22T18:34:25+00:00","breadcrumb":{"@id":"https:\/\/www.paul-guenther-schule.de\/index.php\/unsere-pauli\/unser-schulhaus\/#breadcrumb"},"inLanguage":"de","potentialAction":[{"@type":"ReadAction","target":["https:\/\/www.paul-guenther-schule.de\/index.php\/unsere-pauli\/unser-schulhaus\/"]}]},{"@type":"BreadcrumbList","@id":"https:\/\/www.paul-guenther-schule.de\/index.php\/unsere-pauli\/unser-schulhaus\/#breadcrumb","itemListElement":[{"@type":"ListItem","position":1,"name":"Home","item":"https:\/\/www.paul-guenther-schule.de\/"},{"@type":"ListItem","position":2,"name":"Unsere Pauli","item":"https:\/\/www.paul-guenther-schule.de\/index.php\/unsere-pauli\/"},{"@type":"ListItem","position":3,"name":"Unser Schulhaus"}]},{"@type":"WebSite","@id":"https:\/\/www.paul-guenther-schule.de\/#website","url":"https:\/\/www.paul-guenther-schule.de\/","name":"Oberschule &amp; Grundschule Paul-Guenther Geithain","description":"","publisher":{"@id":"https:\/\/www.paul-guenther-schule.de\/#organization"},"potentialAction":[{"@type":"SearchAction","target":{"@type":"EntryPoint","urlTemplate":"https:\/\/www.paul-guenther-schule.de\/?s={search_term_string}"},"query-input":{"@type":"PropertyValueSpecification","valueRequired":true,"valueName":"search_term_string"}}],"inLanguage":"de"},{"@type":"Organization","@id":"https:\/\/www.paul-guenther-schule.de\/#organization","name":"Oberschule &amp; Grundschule Paul-Guenther Geithain","url":"https:\/\/www.paul-guenther-schule.de\/","logo":{"@type":"ImageObject","inLanguage":"de","@id":"https:\/\/www.paul-guenther-schule.de\/#\/schema\/logo\/image\/","url":"https:\/\/www.paul-guenther-schule.de\/wp-content\/uploads\/2024\/01\/cropped-header-pauli-eule-04.png","contentUrl":"https:\/\/www.paul-guenther-schule.de\/wp-content\/uploads\/2024\/01\/cropped-header-pauli-eule-04.png","width":1040,"height":294,"caption":"Oberschule &amp; Grundschule Paul-Guenther Geithain"},"image":{"@id":"https:\/\/www.paul-guenther-schule.de\/#\/schema\/logo\/image\/"}}]}},"publishpress_future_action":{"enabled":false,"date":"2026-05-09 12:15:08","action":"change-status","newStatus":"draft","terms":[],"taxonomy":""},"publishpress_future_workflow_manual_trigger":{"enabledWorkflows":[]},"_links":{"self":[{"href":"https:\/\/www.paul-guenther-schule.de\/index.php\/wp-json\/wp\/v2\/pages\/427","targetHints":{"allow":["GET"]}}],"collection":[{"href":"https:\/\/www.paul-guenther-schule.de\/index.php\/wp-json\/wp\/v2\/pages"}],"about":[{"href":"https:\/\/www.paul-guenther-schule.de\/index.php\/wp-json\/wp\/v2\/types\/page"}],"author":[{"embeddable":true,"href":"https:\/\/www.paul-guenther-schule.de\/index.php\/wp-json\/wp\/v2\/users\/1"}],"replies":[{"embeddable":true,"href":"https:\/\/www.paul-guenther-schule.de\/index.php\/wp-json\/wp\/v2\/comments?post=427"}],"version-history":[{"count":10,"href":"https:\/\/www.paul-guenther-schule.de\/index.php\/wp-json\/wp\/v2\/pages\/427\/revisions"}],"predecessor-version":[{"id":1210,"href":"https:\/\/www.paul-guenther-schule.de\/index.php\/wp-json\/wp\/v2\/pages\/427\/revisions\/1210"}],"up":[{"embeddable":true,"href":"https:\/\/www.paul-guenther-schule.de\/index.php\/wp-json\/wp\/v2\/pages\/11"}],"wp:attachment":[{"href":"https:\/\/www.paul-guenther-schule.de\/index.php\/wp-json\/wp\/v2\/media?parent=427"}],"curies":[{"name":"wp","href":"https:\/\/api.w.org\/{rel}","templated":true}]}}