{"id":539,"date":"2024-01-18T14:31:37","date_gmt":"2024-01-18T13:31:37","guid":{"rendered":"https:\/\/www.paul-guenther-schule.de\/?page_id=539"},"modified":"2024-04-22T20:39:14","modified_gmt":"2024-04-22T18:39:14","slug":"paul-guenther","status":"publish","type":"page","link":"https:\/\/www.paul-guenther-schule.de\/index.php\/unsere-pauli\/paul-guenther\/","title":{"rendered":"Paul Guenther"},"content":{"rendered":"<h1>Paul Guenther (1860-1932)<\/h1>\n<p><a href=\"https:\/\/www.paul-guenther-schule.de\/wp-content\/uploads\/2024\/01\/paul-guenther-gemaelde.jpg\"><img loading=\"lazy\" decoding=\"async\" class=\"alignleft wp-image-609 size-medium\" src=\"https:\/\/www.paul-guenther-schule.de\/wp-content\/uploads\/2024\/01\/paul-guenther-gemaelde-252x300.jpg\" alt=\"\" width=\"252\" height=\"300\" srcset=\"https:\/\/www.paul-guenther-schule.de\/wp-content\/uploads\/2024\/01\/paul-guenther-gemaelde-252x300.jpg 252w, https:\/\/www.paul-guenther-schule.de\/wp-content\/uploads\/2024\/01\/paul-guenther-gemaelde.jpg 562w\" sizes=\"auto, (max-width: 252px) 100vw, 252px\" \/><\/a>Paul Guenther wurde am 13. Mai 1860 als Sohn des Webers Franz Bruno Guenther und dessen Ehefrau Amalie Therese geb. W\u00fcnsch in Geithain, Leipziger Stra\u00dfe 23, geboren.\u00a0Nach der Konfirmation besuchte er die Wirkschule in Limbach. Danach arbeitete er in mehreren Chemnitzer Strumpffabriken.<br \/>\n1890 wanderte er nach Amerika aus und arbeitete in verschiedenen Strumpffabriken in Dover und Umgebung.<br \/>\nNach sechs harten Arbeitsjahren heiratete er Olga Mechel, eine geb\u00fcrtige Kirchhainerin (heute Doberlug-Kirchhain). 1897 wurde die Tochter Margarethe geboren. In Paterson bei Dover gr\u00fcndete er eine ganz kleine Strickerei.<br \/>\n1901 nahm er die erste eigene Fabrik an der Oak-Street in Dover in Betrieb. Bis 1921 besa\u00df er f\u00fcnf neuerbaute Betriebe. 1913 nennt sich die Hauptfabrik &#8222;Onnyx Hosiery Incorporation&#8220; mit 800 Besch\u00e4ftigten.\u00a0Im November 1919 besuchte er Geithain und errichtete die \u201eBruno- und Therese-Guenther-Stiftung\u201c.\u00a01925 geh\u00f6rten ihm mit 1000 Besch\u00e4ftigten die gr\u00f6\u00dften Strumpffabriken Amerikas.\u00a0Er starb am 17. Januar 1932 in seinem Haus \u201eVilla Margarethe\u201c in Rockaway\/N.J. nach kurzer Krankheit an Herzschlag.\u00a0Paul Guenther z\u00e4hlte zu den einflussreichsten Wirtschaftsmanagern des amerikanischen Ostens.<\/p>\n<p>&nbsp;<\/p>\n","protected":false},"excerpt":{"rendered":"<p>Paul Guenther (1860-1932) Paul Guenther wurde am 13. Mai 1860 als Sohn des Webers Franz Bruno Guenther und dessen Ehefrau Amalie Therese geb. W\u00fcnsch in Geithain, Leipziger Stra\u00dfe 23, geboren.\u00a0Nach der Konfirmation besuchte er die Wirkschule in Limbach. Danach arbeitete er in mehreren Chemnitzer Strumpffabriken. 1890 wanderte er nach Amerika aus und arbeitete in verschiedenen &hellip;<\/p>\n","protected":false},"author":1,"featured_media":0,"parent":11,"menu_order":0,"comment_status":"closed","ping_status":"closed","template":"","meta":{"footnotes":""},"class_list":["post-539","page","type-page","status-publish","hentry"],"yoast_head":"<!-- This site is optimized with the Yoast SEO plugin v23.7 - https:\/\/yoast.com\/wordpress\/plugins\/seo\/ -->\n<title>Paul Guenther - Oberschule &amp; Grundschule Paul-Guenther Geithain<\/title>\n<meta name=\"robots\" content=\"index, follow, max-snippet:-1, max-image-preview:large, max-video-preview:-1\" \/>\n<link rel=\"canonical\" href=\"https:\/\/www.paul-guenther-schule.de\/index.php\/unsere-pauli\/paul-guenther\/\" \/>\n<meta property=\"og:locale\" content=\"de_DE\" \/>\n<meta property=\"og:type\" content=\"article\" \/>\n<meta property=\"og:title\" content=\"Paul Guenther - Oberschule &amp; Grundschule Paul-Guenther Geithain\" \/>\n<meta property=\"og:description\" content=\"Paul Guenther (1860-1932) Paul Guenther wurde am 13. Mai 1860 als Sohn des Webers Franz Bruno Guenther und dessen Ehefrau Amalie Therese geb. W\u00fcnsch in Geithain, Leipziger Stra\u00dfe 23, geboren.\u00a0Nach der Konfirmation besuchte er die Wirkschule in Limbach. Danach arbeitete er in mehreren Chemnitzer Strumpffabriken. 1890 wanderte er nach Amerika aus und arbeitete in verschiedenen &hellip;\" \/>\n<meta property=\"og:url\" content=\"https:\/\/www.paul-guenther-schule.de\/index.php\/unsere-pauli\/paul-guenther\/\" \/>\n<meta property=\"og:site_name\" content=\"Oberschule &amp; Grundschule Paul-Guenther Geithain\" \/>\n<meta property=\"article:modified_time\" content=\"2024-04-22T18:39:14+00:00\" \/>\n<meta property=\"og:image\" content=\"https:\/\/www.paul-guenther-schule.de\/wp-content\/uploads\/2024\/01\/paul-guenther-gemaelde-252x300.jpg\" \/>\n<meta name=\"twitter:card\" content=\"summary_large_image\" \/>\n<meta name=\"twitter:label1\" content=\"Gesch\u00e4tzte Lesezeit\" \/>\n\t<meta name=\"twitter:data1\" content=\"2\u00a0Minuten\" \/>\n<script type=\"application\/ld+json\" class=\"yoast-schema-graph\">{\"@context\":\"https:\/\/schema.org\",\"@graph\":[{\"@type\":\"WebPage\",\"@id\":\"https:\/\/www.paul-guenther-schule.de\/index.php\/unsere-pauli\/paul-guenther\/\",\"url\":\"https:\/\/www.paul-guenther-schule.de\/index.php\/unsere-pauli\/paul-guenther\/\",\"name\":\"Paul Guenther - Oberschule &amp; Grundschule Paul-Guenther Geithain\",\"isPartOf\":{\"@id\":\"https:\/\/www.paul-guenther-schule.de\/#website\"},\"primaryImageOfPage\":{\"@id\":\"https:\/\/www.paul-guenther-schule.de\/index.php\/unsere-pauli\/paul-guenther\/#primaryimage\"},\"image\":{\"@id\":\"https:\/\/www.paul-guenther-schule.de\/index.php\/unsere-pauli\/paul-guenther\/#primaryimage\"},\"thumbnailUrl\":\"https:\/\/www.paul-guenther-schule.de\/wp-content\/uploads\/2024\/01\/paul-guenther-gemaelde-252x300.jpg\",\"datePublished\":\"2024-01-18T13:31:37+00:00\",\"dateModified\":\"2024-04-22T18:39:14+00:00\",\"breadcrumb\":{\"@id\":\"https:\/\/www.paul-guenther-schule.de\/index.php\/unsere-pauli\/paul-guenther\/#breadcrumb\"},\"inLanguage\":\"de\",\"potentialAction\":[{\"@type\":\"ReadAction\",\"target\":[\"https:\/\/www.paul-guenther-schule.de\/index.php\/unsere-pauli\/paul-guenther\/\"]}]},{\"@type\":\"ImageObject\",\"inLanguage\":\"de\",\"@id\":\"https:\/\/www.paul-guenther-schule.de\/index.php\/unsere-pauli\/paul-guenther\/#primaryimage\",\"url\":\"https:\/\/www.paul-guenther-schule.de\/wp-content\/uploads\/2024\/01\/paul-guenther-gemaelde.jpg\",\"contentUrl\":\"https:\/\/www.paul-guenther-schule.de\/wp-content\/uploads\/2024\/01\/paul-guenther-gemaelde.jpg\",\"width\":562,\"height\":669},{\"@type\":\"BreadcrumbList\",\"@id\":\"https:\/\/www.paul-guenther-schule.de\/index.php\/unsere-pauli\/paul-guenther\/#breadcrumb\",\"itemListElement\":[{\"@type\":\"ListItem\",\"position\":1,\"name\":\"Home\",\"item\":\"https:\/\/www.paul-guenther-schule.de\/\"},{\"@type\":\"ListItem\",\"position\":2,\"name\":\"Unsere Pauli\",\"item\":\"https:\/\/www.paul-guenther-schule.de\/index.php\/unsere-pauli\/\"},{\"@type\":\"ListItem\",\"position\":3,\"name\":\"Paul Guenther\"}]},{\"@type\":\"WebSite\",\"@id\":\"https:\/\/www.paul-guenther-schule.de\/#website\",\"url\":\"https:\/\/www.paul-guenther-schule.de\/\",\"name\":\"Oberschule &amp; Grundschule Paul-Guenther Geithain\",\"description\":\"\",\"publisher\":{\"@id\":\"https:\/\/www.paul-guenther-schule.de\/#organization\"},\"potentialAction\":[{\"@type\":\"SearchAction\",\"target\":{\"@type\":\"EntryPoint\",\"urlTemplate\":\"https:\/\/www.paul-guenther-schule.de\/?s={search_term_string}\"},\"query-input\":{\"@type\":\"PropertyValueSpecification\",\"valueRequired\":true,\"valueName\":\"search_term_string\"}}],\"inLanguage\":\"de\"},{\"@type\":\"Organization\",\"@id\":\"https:\/\/www.paul-guenther-schule.de\/#organization\",\"name\":\"Oberschule &amp; Grundschule Paul-Guenther Geithain\",\"url\":\"https:\/\/www.paul-guenther-schule.de\/\",\"logo\":{\"@type\":\"ImageObject\",\"inLanguage\":\"de\",\"@id\":\"https:\/\/www.paul-guenther-schule.de\/#\/schema\/logo\/image\/\",\"url\":\"https:\/\/www.paul-guenther-schule.de\/wp-content\/uploads\/2024\/01\/cropped-header-pauli-eule-04.png\",\"contentUrl\":\"https:\/\/www.paul-guenther-schule.de\/wp-content\/uploads\/2024\/01\/cropped-header-pauli-eule-04.png\",\"width\":1040,\"height\":294,\"caption\":\"Oberschule &amp; Grundschule Paul-Guenther Geithain\"},\"image\":{\"@id\":\"https:\/\/www.paul-guenther-schule.de\/#\/schema\/logo\/image\/\"}}]}<\/script>\n<!-- \/ Yoast SEO plugin. -->","yoast_head_json":{"title":"Paul Guenther - Oberschule &amp; Grundschule Paul-Guenther Geithain","robots":{"index":"index","follow":"follow","max-snippet":"max-snippet:-1","max-image-preview":"max-image-preview:large","max-video-preview":"max-video-preview:-1"},"canonical":"https:\/\/www.paul-guenther-schule.de\/index.php\/unsere-pauli\/paul-guenther\/","og_locale":"de_DE","og_type":"article","og_title":"Paul Guenther - Oberschule &amp; Grundschule Paul-Guenther Geithain","og_description":"Paul Guenther (1860-1932) Paul Guenther wurde am 13. Mai 1860 als Sohn des Webers Franz Bruno Guenther und dessen Ehefrau Amalie Therese geb. W\u00fcnsch in Geithain, Leipziger Stra\u00dfe 23, geboren.\u00a0Nach der Konfirmation besuchte er die Wirkschule in Limbach. Danach arbeitete er in mehreren Chemnitzer Strumpffabriken. 1890 wanderte er nach Amerika aus und arbeitete in verschiedenen &hellip;","og_url":"https:\/\/www.paul-guenther-schule.de\/index.php\/unsere-pauli\/paul-guenther\/","og_site_name":"Oberschule &amp; Grundschule Paul-Guenther Geithain","article_modified_time":"2024-04-22T18:39:14+00:00","og_image":[{"url":"https:\/\/www.paul-guenther-schule.de\/wp-content\/uploads\/2024\/01\/paul-guenther-gemaelde-252x300.jpg"}],"twitter_card":"summary_large_image","twitter_misc":{"Gesch\u00e4tzte Lesezeit":"2\u00a0Minuten"},"schema":{"@context":"https:\/\/schema.org","@graph":[{"@type":"WebPage","@id":"https:\/\/www.paul-guenther-schule.de\/index.php\/unsere-pauli\/paul-guenther\/","url":"https:\/\/www.paul-guenther-schule.de\/index.php\/unsere-pauli\/paul-guenther\/","name":"Paul Guenther - Oberschule &amp; Grundschule Paul-Guenther Geithain","isPartOf":{"@id":"https:\/\/www.paul-guenther-schule.de\/#website"},"primaryImageOfPage":{"@id":"https:\/\/www.paul-guenther-schule.de\/index.php\/unsere-pauli\/paul-guenther\/#primaryimage"},"image":{"@id":"https:\/\/www.paul-guenther-schule.de\/index.php\/unsere-pauli\/paul-guenther\/#primaryimage"},"thumbnailUrl":"https:\/\/www.paul-guenther-schule.de\/wp-content\/uploads\/2024\/01\/paul-guenther-gemaelde-252x300.jpg","datePublished":"2024-01-18T13:31:37+00:00","dateModified":"2024-04-22T18:39:14+00:00","breadcrumb":{"@id":"https:\/\/www.paul-guenther-schule.de\/index.php\/unsere-pauli\/paul-guenther\/#breadcrumb"},"inLanguage":"de","potentialAction":[{"@type":"ReadAction","target":["https:\/\/www.paul-guenther-schule.de\/index.php\/unsere-pauli\/paul-guenther\/"]}]},{"@type":"ImageObject","inLanguage":"de","@id":"https:\/\/www.paul-guenther-schule.de\/index.php\/unsere-pauli\/paul-guenther\/#primaryimage","url":"https:\/\/www.paul-guenther-schule.de\/wp-content\/uploads\/2024\/01\/paul-guenther-gemaelde.jpg","contentUrl":"https:\/\/www.paul-guenther-schule.de\/wp-content\/uploads\/2024\/01\/paul-guenther-gemaelde.jpg","width":562,"height":669},{"@type":"BreadcrumbList","@id":"https:\/\/www.paul-guenther-schule.de\/index.php\/unsere-pauli\/paul-guenther\/#breadcrumb","itemListElement":[{"@type":"ListItem","position":1,"name":"Home","item":"https:\/\/www.paul-guenther-schule.de\/"},{"@type":"ListItem","position":2,"name":"Unsere Pauli","item":"https:\/\/www.paul-guenther-schule.de\/index.php\/unsere-pauli\/"},{"@type":"ListItem","position":3,"name":"Paul Guenther"}]},{"@type":"WebSite","@id":"https:\/\/www.paul-guenther-schule.de\/#website","url":"https:\/\/www.paul-guenther-schule.de\/","name":"Oberschule &amp; Grundschule Paul-Guenther Geithain","description":"","publisher":{"@id":"https:\/\/www.paul-guenther-schule.de\/#organization"},"potentialAction":[{"@type":"SearchAction","target":{"@type":"EntryPoint","urlTemplate":"https:\/\/www.paul-guenther-schule.de\/?s={search_term_string}"},"query-input":{"@type":"PropertyValueSpecification","valueRequired":true,"valueName":"search_term_string"}}],"inLanguage":"de"},{"@type":"Organization","@id":"https:\/\/www.paul-guenther-schule.de\/#organization","name":"Oberschule &amp; Grundschule Paul-Guenther Geithain","url":"https:\/\/www.paul-guenther-schule.de\/","logo":{"@type":"ImageObject","inLanguage":"de","@id":"https:\/\/www.paul-guenther-schule.de\/#\/schema\/logo\/image\/","url":"https:\/\/www.paul-guenther-schule.de\/wp-content\/uploads\/2024\/01\/cropped-header-pauli-eule-04.png","contentUrl":"https:\/\/www.paul-guenther-schule.de\/wp-content\/uploads\/2024\/01\/cropped-header-pauli-eule-04.png","width":1040,"height":294,"caption":"Oberschule &amp; Grundschule Paul-Guenther Geithain"},"image":{"@id":"https:\/\/www.paul-guenther-schule.de\/#\/schema\/logo\/image\/"}}]}},"publishpress_future_action":{"enabled":false,"date":"2026-05-09 12:34:23","action":"change-status","newStatus":"draft","terms":[],"taxonomy":""},"publishpress_future_workflow_manual_trigger":{"enabledWorkflows":[]},"_links":{"self":[{"href":"https:\/\/www.paul-guenther-schule.de\/index.php\/wp-json\/wp\/v2\/pages\/539","targetHints":{"allow":["GET"]}}],"collection":[{"href":"https:\/\/www.paul-guenther-schule.de\/index.php\/wp-json\/wp\/v2\/pages"}],"about":[{"href":"https:\/\/www.paul-guenther-schule.de\/index.php\/wp-json\/wp\/v2\/types\/page"}],"author":[{"embeddable":true,"href":"https:\/\/www.paul-guenther-schule.de\/index.php\/wp-json\/wp\/v2\/users\/1"}],"replies":[{"embeddable":true,"href":"https:\/\/www.paul-guenther-schule.de\/index.php\/wp-json\/wp\/v2\/comments?post=539"}],"version-history":[{"count":8,"href":"https:\/\/www.paul-guenther-schule.de\/index.php\/wp-json\/wp\/v2\/pages\/539\/revisions"}],"predecessor-version":[{"id":1214,"href":"https:\/\/www.paul-guenther-schule.de\/index.php\/wp-json\/wp\/v2\/pages\/539\/revisions\/1214"}],"up":[{"embeddable":true,"href":"https:\/\/www.paul-guenther-schule.de\/index.php\/wp-json\/wp\/v2\/pages\/11"}],"wp:attachment":[{"href":"https:\/\/www.paul-guenther-schule.de\/index.php\/wp-json\/wp\/v2\/media?parent=539"}],"curies":[{"name":"wp","href":"https:\/\/api.w.org\/{rel}","templated":true}]}}