{"id":541,"date":"2024-01-18T14:32:27","date_gmt":"2024-01-18T13:32:27","guid":{"rendered":"https:\/\/www.paul-guenther-schule.de\/?page_id=541"},"modified":"2024-05-06T11:13:51","modified_gmt":"2024-05-06T09:13:51","slug":"gta-ganztagsangebote-oberschule","status":"publish","type":"page","link":"https:\/\/www.paul-guenther-schule.de\/index.php\/oberschule\/gta-ganztagsangebote-oberschule\/","title":{"rendered":"GTA | Ganztagsangebote Oberschule"},"content":{"rendered":"<h2>Unsere GTA-Angebote an der Oberschule<\/h2>\n<div class=\"su-spoiler su-spoiler-style-fancy su-spoiler-icon-arrow su-spoiler-closed\" data-scroll-offset=\"0\" data-anchor-in-url=\"no\"><div class=\"su-spoiler-title\" tabindex=\"0\" role=\"button\"><span class=\"su-spoiler-icon\"><\/span>Ganztagskonzeption<\/div><div class=\"su-spoiler-content su-u-clearfix su-u-trim\">\n<h3><strong>Teil A<\/strong><\/h3>\n<p><strong>I. Ausgangssituation\/Sozialraumanalyse<br \/>\n<\/strong>Geithain liegt im l\u00e4ndlichen S\u00fcdraum des Landkreises Leipziger Land und damit relativ entfernt von umfangreichen kulturellen Angeboten. Die Schule besuchen Kinder aus einer breit gef\u00e4cherten sozialen Bev\u00f6lkerung. Dazu geh\u00f6rt die d\u00f6rflich gepr\u00e4gte Familie ebenso wie die erwerbslosen Zweckgemeinschaften im st\u00e4dtischen Neubaugebiet. Daneben existiert ein Prozentsatz der Mittelschicht wie Selbst\u00e4ndige und an Bildung interessierte Familien. Diesen ist der Gedanke des gemeinsamen Lernens ihrer Kinder besonders wichtig, auch wenn weite Schulwege dem h\u00e4ufig entgegenstehen. Neben unserer Schule in kommunaler Tr\u00e4gerschaft existieren weitere Bildungsangebote eines freien Tr\u00e4gers, was durch die Stadt Geithain bef\u00f6rdert worden ist.<\/p>\n<p><strong>II. Bezug zum Schulprogramm<br \/>\n<\/strong><span style=\"background-color: rgba(0, 0, 0, 0);\">Die Ganztagsangebote sehen wir als Erg\u00e4nzung des Unterrichts zur weiteren Auspr\u00e4gung der Begabungen und Neigungen der Sch\u00fclerinnen und Sch\u00fcler. Des weiteren sollen sie Interesse wecken und soziale Beziehungen kn\u00fcpfen und pflegen. Viele Fahrsch\u00fcler nutzen die Angebote f\u00fcr eine k\u00fcnftige Bet\u00e4tigung in Vereinen und anderen ASA in den Heimatkommunen. Damit leisten die GTA unserer Schule einen Beitrag als \u201everinselter Sozialraum\u201c. Intensiv versuchen wir eine kontinuierliche Anpassung der Angebotsinhalte an die Sch\u00fclerinteressen. Dies erweist sich jedoch als immer herausfordernder (siehe geografische Lage).<\/span><\/p>\n<p><span style=\"background-color: rgba(0, 0, 0, 0);\"><strong> III. GTA \u2013 Profil\/Schwerpunktsetzung<\/strong><br \/>\na) Sicherstellung der organisatorischen Rahmenbedingungen gem\u00e4\u00df S\u00e4chsGTAVO \u00a7 2 Die Mindestanforderung wird g\u00e4nzlich erf\u00fcllt. Unser Unterrichts- und Betreuungsangebot findet von Montag bis Donnerstag von 7.40 \u2013 15.15 Uhr und am Freitag von 7.40 \u2013 13.15 Uhr statt. An allen Tagen wird eine Mittagsversorgung aus drei Wahlessen angeboten. In enger Zusammenarbeit mit den GTA \u2013 Leitern stimmt die Schulleitung die Inhalte der GTA ab. b) Teilnahmemodalit\u00e4ten und Organisationsform In den Klassenstufen 5 und 6 w\u00e4hlen wir die voll gebundene Form, um die Sch\u00fclerInnen zu sinnvoller Freizeitgestaltung anzuhalten und ihre Interessen in Bahnen zu lenken. Dazu liegt hier auch die gr\u00f6\u00dfte Angebotspalette vor und wird versucht auszubauen. Ab Klassenstufe 7 kann der Sch\u00fcler\/die Sch\u00fclerin selbst w\u00e4hlen, ob ein Angebot genutzt wird oder in dieser Zeit andere Aufgaben bew\u00e4ltigt werden. c) Tagesstruktur\/Rhythmisierung und GTA Die GTA liegen \u00fcberwiegend am Dienstag nach der Mittagspause w\u00f6chentlich f\u00fcr alle Klassen. Dabei sind die Zw\u00e4nge der Sch\u00fclerbef\u00f6rderung im l\u00e4ndlichen Raum ber\u00fccksichtigt. d) GTA \u2013 Schwerpunkte und Spezifik Unsere GTA nutzen zuerst regionale Angebote. Dabei stehen sportliche sowie k\u00fcnstlerisch \u2013 musikalische Angebote im Mittelpunkt. Im Bereich Schulklub ist die AWO Leipziger Land zuverl\u00e4ssiger Kooperationspartner. Die Zusammenarbeit mit den \u00f6rtlichen Vereinen und Institutionen wird allj\u00e4hrlich angestrebt.<\/span><\/p>\n<p><span style=\"background-color: rgba(0, 0, 0, 0);\">Stand: 2022 | g\u00fcltig 5 Jahre | gez. H. Lo\u00dfner GTA \u2013 Koordinator<\/span><\/p>\n<h3>Teil B<\/h3>\n<p class=\"bodytext\"><b>I. Festlegung von GTA \u2013 Entwicklungsbereichen<br \/>\n<\/b>Allj\u00e4hrlich steht die Entwicklung der Freizeitangebote an oberster Stelle.\u00a0Gleichzeitig soll versucht werden, unsere GTA durch Kooperationen zu st\u00e4rken.\u00a0Bei allen Festlegungen bleibt die Ambivalenz des l\u00e4ndlichen Raumes als Herausforderung bestehen.<\/p>\n<p class=\"bodytext\"><b>II. Ziel\/Ma\u00dfnahmen\/Qualit\u00e4tssicherung<br \/>\n<\/b>Als Ziel f\u00fcr unsere GTA nach Corona \u2013 Zeiten sehen wir eine breitere Beteiligung der Sch\u00fclerinnen und Sch\u00fcler. Dazu wollen wir die Angebotspalette verbreitern und gegebenenfalls ausbauen.\u00a0Eine schriftliche Sch\u00fclerbefragung soll dabei Input bringen, insbesondere f\u00fcr den GTA \u2013 Koordinator und die Schulleitung.<\/p>\n<p class=\"bodytext\">Stand: 2022 |\u00a0g\u00fcltig 2 Jahre |\u00a0gez. H. Lo\u00dfner GTA \u2013 Koordinator<\/p>\n<p class=\"bodytext\"><span style=\"background-color: rgba(0, 0, 0, 0);\"><\/div><\/div><\/span><\/p>\n<p><strong>GTA Schwimmen<br \/>\n<\/strong><img loading=\"lazy\" decoding=\"async\" class=\" wp-image-1107 alignleft\" src=\"https:\/\/www.paul-guenther-schule.de\/wp-content\/uploads\/2024\/03\/Schwimmen-225x300.jpg\" alt=\"\" width=\"147\" height=\"196\" srcset=\"https:\/\/www.paul-guenther-schule.de\/wp-content\/uploads\/2024\/03\/Schwimmen-225x300.jpg 225w, https:\/\/www.paul-guenther-schule.de\/wp-content\/uploads\/2024\/03\/Schwimmen-767x1024.jpg 767w, https:\/\/www.paul-guenther-schule.de\/wp-content\/uploads\/2024\/03\/Schwimmen-768x1025.jpg 768w, https:\/\/www.paul-guenther-schule.de\/wp-content\/uploads\/2024\/03\/Schwimmen.jpg 975w\" sizes=\"auto, (max-width: 147px) 100vw, 147px\" \/>Der Einf\u00fchrungskurs Schwimmen soll komplexe Bewegungen im Wasser vermitteln und dabei das Interesse f\u00fcr den Schwimmsport, sowie allgemeine sportliche Aktivit\u00e4ten wecken und Vorteile und Auswirkungen von Sport auf die Gesundheit erkl\u00e4ren.<br \/>\nKinder, die sich gern im Wasser bewegen oder die Defizite im Schwimmen haben, k\u00f6nnen dabei spielerisch und mit viel Spa\u00df Grundtechniken erlernen.<br \/>\nDer Kurs findet in unserer eigenen Lehrschwimmhalle im Erdgeschoss statt. Am Ende des Jahres besteht au\u00dferdem die M\u00f6glichkeit ein Schwimmzeichen abnehmen zu lassen, z.B. im Freibad in Geithain. Im Schuljahr 2023\/24 springen die Jungen dienstags und die M\u00e4dchen mittwochs ins k\u00fchle Nass.<\/p>\n<p>&nbsp;<\/p>\n<p><strong>GTA Pfadfinder<\/strong><br \/>\n<img loading=\"lazy\" decoding=\"async\" class=\" wp-image-1106 alignright\" src=\"https:\/\/www.paul-guenther-schule.de\/wp-content\/uploads\/2024\/03\/Pfadfinder2-225x300.jpg\" alt=\"\" width=\"187\" height=\"249\" srcset=\"https:\/\/www.paul-guenther-schule.de\/wp-content\/uploads\/2024\/03\/Pfadfinder2-225x300.jpg 225w, https:\/\/www.paul-guenther-schule.de\/wp-content\/uploads\/2024\/03\/Pfadfinder2.jpg 696w\" sizes=\"auto, (max-width: 187px) 100vw, 187px\" \/>Die Art und Weise unserer Pfadfinder folgt dem Prinzip \u201dlearning by doing\u201d. Programme, Aktionen und Situationen, in denen man aktiv und durch eigenes Tun etwas erfahren kann werden freudbetont und spielerisch vermittelt.<br \/>\nEin wichtiges Element ist das Abenteuer. Es findet im Gruppenalltag statt, unterwegs, auf Fahrt und wenn man m\u00f6chte auch mit \u00dcbernachtungen in Abenteuer-Lagern. Das Spannende daran ist, die eigenen pers\u00f6nlichen Grenzen und Risiken einzugehen, M\u00f6glichkeiten zu erfahren und zu erweitern, Menschen und Kulturen zu begegnen, sich bewusst mit der Natur auseinanderzusetzen und in ihr zu leben. Abenteuerlich sind au\u00dferdem auch Freir\u00e4ume, die selbst ausgestaltet werden m\u00fcssen. Bei allem stehen Spa\u00df und Freude an spontanen Aktivit\u00e4ten im Vordergrund. Im Schuljahr 23\/24 wird das GTA Pfadfinder wie immer von Herrn Gauter dienstags nach dem Unterricht geleitet.<\/p>\n<p><em>Quelle: Herr Gauter<\/em><\/p>\n<p>&nbsp;<\/p>\n<p><strong>GTA F\u00f6rder Mathe<\/strong><br \/>\n<a href=\"https:\/\/www.paul-guenther-schule.de\/wp-content\/uploads\/2024\/03\/Foerder-Mathe-2.jpg\"><img loading=\"lazy\" decoding=\"async\" class=\"alignleft wp-image-1103\" src=\"https:\/\/www.paul-guenther-schule.de\/wp-content\/uploads\/2024\/03\/Foerder-Mathe-2-300x225.jpg\" alt=\"\" width=\"254\" height=\"191\" srcset=\"https:\/\/www.paul-guenther-schule.de\/wp-content\/uploads\/2024\/03\/Foerder-Mathe-2-300x225.jpg 300w, https:\/\/www.paul-guenther-schule.de\/wp-content\/uploads\/2024\/03\/Foerder-Mathe-2-768x575.jpg 768w, https:\/\/www.paul-guenther-schule.de\/wp-content\/uploads\/2024\/03\/Foerder-Mathe-2.jpg 973w\" sizes=\"auto, (max-width: 254px) 100vw, 254px\" \/><\/a>Das GTA F\u00f6rder Mathe richtet sich an alle Sch\u00fclerinnen und Sch\u00fcler, die sich im Fach Mathematik verbessern wollen oder auch ihre grundlegenden mathematischen F\u00e4higkeiten auf die Probe stellen wollen. In dieser Zeit k\u00f6nnen Grundrechenarten, Probleml\u00f6sestrategien und weitere Inhalte vermittelt werden, die f\u00fcr das Fach Mathematik von Bedeutung sind. Nat\u00fcrlich ist es auch m\u00f6glich Mathe-Hausaufgaben zu besprechen, den aktuellen Stoff nachzuarbeiten oder Fragen zu kommenden und vergangenen Leistungskontrollen zu stellen, damit die F\u00f6rderung so individuell wie m\u00f6glich geschehen kann. F\u00fcr die Klassen 7 und 8 ist das Angebot dienstags und wird geleitet von Herrn Trunz.<\/p>\n<p>&nbsp;<\/p>\n<p><strong>GTA Fu\u00dfball<\/strong><br \/>\n<img loading=\"lazy\" decoding=\"async\" class=\" wp-image-1105 alignright\" src=\"https:\/\/www.paul-guenther-schule.de\/wp-content\/uploads\/2024\/03\/Fussball-1-225x300.jpg\" alt=\"\" width=\"206\" height=\"275\" srcset=\"https:\/\/www.paul-guenther-schule.de\/wp-content\/uploads\/2024\/03\/Fussball-1-225x300.jpg 225w, https:\/\/www.paul-guenther-schule.de\/wp-content\/uploads\/2024\/03\/Fussball-1-768x1024.jpg 768w, https:\/\/www.paul-guenther-schule.de\/wp-content\/uploads\/2024\/03\/Fussball-1.jpg 1089w\" sizes=\"auto, (max-width: 206px) 100vw, 206px\" \/>Der Fu\u00dfballkurs richtet sich an alle Sportbegeisterten und Freunde des runden Leders. Die Jungs und M\u00e4dels sollen hier viele verschiedene Spielformen erleben und es steht der Spa\u00df im Vordergrund, ganz egal, welches fu\u00dfballerische Niveau die Teilnehmer mitbringen. Nat\u00fcrlich soll in diesem Kurs auch das allgemeine sportliche Interesse geweckt oder vertieft und grundlegende Techniken im Fu\u00dfball spielerisch verbessert werden.<br \/>\nDer Kurs findet wetterangepasst entweder im Stadion Geithain oder in der Turnhalle der Pauli statt und wird geleitet von Frau Sander und Herrn Pfitzner.<\/p>\n<p>&nbsp;<\/p>\n<p><strong>GTA Musical<br \/>\n<\/strong><\/p>\n<p><a href=\"https:\/\/www.paul-guenther-schule.de\/wp-content\/uploads\/2024\/05\/Bild-Musical-AG.jpg\"><img loading=\"lazy\" decoding=\"async\" class=\"wp-image-1241 size-medium alignleft\" src=\"https:\/\/www.paul-guenther-schule.de\/wp-content\/uploads\/2024\/05\/Bild-Musical-AG-267x300.jpg\" alt=\"\" width=\"267\" height=\"300\" srcset=\"https:\/\/www.paul-guenther-schule.de\/wp-content\/uploads\/2024\/05\/Bild-Musical-AG-267x300.jpg 267w, https:\/\/www.paul-guenther-schule.de\/wp-content\/uploads\/2024\/05\/Bild-Musical-AG-913x1024.jpg 913w, https:\/\/www.paul-guenther-schule.de\/wp-content\/uploads\/2024\/05\/Bild-Musical-AG-768x861.jpg 768w, https:\/\/www.paul-guenther-schule.de\/wp-content\/uploads\/2024\/05\/Bild-Musical-AG.jpg 1011w\" sizes=\"auto, (max-width: 267px) 100vw, 267px\" \/><\/a>Das traditionell beliebte GTA- Musical findet dienstags statt und wird geleitet von Frau Peukert und Frau Nicolai. Die Kinder durchleben einen ganzj\u00e4hrigen Prozess, wie von der Auswahl des St\u00fcckes bis hin zur finalen Auff\u00fchrung vor Publikum alles erarbeitet wird. F\u00fcr alle Kinder, die an Musik und gemeinsamen Auff\u00fchrungen interessiert sind, passt dieses GTA- Angebot wie die Faust aufs Auge.<\/p>\n<p>K. Nicolai<\/p>\n<p>&nbsp;<\/p>\n<p><strong>GTA Fitness und Tanzen<br \/>\n<\/strong>Au\u00dferdem haben wir in unserem GTA- Angebot dieses Jahr noch das GTA- Angebot \u201eFitness\u201c, jeweils unterteilt in Klasse 5-7 und Fitness mit Ger\u00e4ten der Klassen 8-10. Die Kurse finden im Fitnesscenter Kluge in Geithain statt. Gleichzeitig wird an gleicher Stelle seit diesem Jahr auch der GTA- Kurs \u201eTanzen\u201c angeboten.<strong><br \/>\n<\/strong><\/p>\n<p>&nbsp;<\/p>\n<p><strong>GTA Basteln und Kochen<br \/>\n<\/strong>F\u00fcr alle kreativen K\u00f6pfe unsere Schule ist seit diesem Jahr auch das Angebot \u201eBasteln und Kochen\u201c aktiv. Dienstags bei Frau Arnold sollen die Kinder verschiedene Sachen ausprobieren und k\u00f6nnen dabei auch selbst die Inhalte des Kurses mitgestalten.<\/p>\n<p>&nbsp;<\/p>\n<p><strong>GTA Hausaufgaben und Spiele<br \/>\n<\/strong>Das Angebot \u201eHausaufgaben und Spiele\u201c findet dienstags statt und wird geleitet von Frau Burckhardt. Hierbei k\u00f6nnen die Sch\u00fcler Schulstoff nacharbeiten, das Ganze wird aber auch durch eine spielerische Atmosph\u00e4re aufgelockert, sodass die Sch\u00fcler gerne hinkommen und gleichzeitig sinnvoll f\u00fcr die Schule lernen k\u00f6nnen.<\/p>\n<p>&nbsp;<\/p>\n<p><strong>GTA Tischtennis<br \/>\n<\/strong>Der GTA- Kurs \u201eTischtennis\u201c findet im Rahmen des Vereinstrainings statt, ist aber f\u00fcr alle Kinder geeignet, die sich bewegen wollen und Spa\u00df daran haben, Tischtennis zu spielen oder zu lernen. Geleitet wird der Kurs von Herrn Burckhardt und findet freitags statt. Hierbei m\u00fcssen keine besonderen F\u00e4higkeiten vorherrschen, sondern darauf wird dann im Kurs eingegangen.<\/p>\n<p>&nbsp;<\/p>\n<p><strong>GTA Kraftsport<\/strong><\/p>\n<p>&nbsp;<\/p>\n<p><em>Texte und alle nicht unterschriebenen Bilder sind von Herrn Walther<\/em><\/p>\n<p>&nbsp;<\/p>\n","protected":false},"excerpt":{"rendered":"<p>Unsere GTA-Angebote an der Oberschule GTA Schwimmen Der Einf\u00fchrungskurs Schwimmen soll komplexe Bewegungen im Wasser vermitteln und dabei das Interesse f\u00fcr den Schwimmsport, sowie allgemeine sportliche Aktivit\u00e4ten wecken und Vorteile und Auswirkungen von Sport auf die Gesundheit erkl\u00e4ren. Kinder, die sich gern im Wasser bewegen oder die Defizite im Schwimmen haben, k\u00f6nnen dabei spielerisch und &hellip;<\/p>\n","protected":false},"author":1,"featured_media":0,"parent":155,"menu_order":0,"comment_status":"closed","ping_status":"closed","template":"","meta":{"footnotes":""},"class_list":["post-541","page","type-page","status-publish","hentry"],"yoast_head":"<!-- This site is optimized with the Yoast SEO plugin v23.7 - https:\/\/yoast.com\/wordpress\/plugins\/seo\/ -->\n<title>GTA | Ganztagsangebote Oberschule - Oberschule &amp; Grundschule Paul-Guenther Geithain<\/title>\n<meta name=\"robots\" content=\"index, follow, max-snippet:-1, max-image-preview:large, max-video-preview:-1\" \/>\n<link rel=\"canonical\" href=\"https:\/\/www.paul-guenther-schule.de\/index.php\/oberschule\/gta-ganztagsangebote-oberschule\/\" \/>\n<meta property=\"og:locale\" content=\"de_DE\" \/>\n<meta property=\"og:type\" content=\"article\" \/>\n<meta property=\"og:title\" content=\"GTA | Ganztagsangebote Oberschule - Oberschule &amp; Grundschule Paul-Guenther Geithain\" \/>\n<meta property=\"og:description\" content=\"Unsere GTA-Angebote an der Oberschule GTA Schwimmen Der Einf\u00fchrungskurs Schwimmen soll komplexe Bewegungen im Wasser vermitteln und dabei das Interesse f\u00fcr den Schwimmsport, sowie allgemeine sportliche Aktivit\u00e4ten wecken und Vorteile und Auswirkungen von Sport auf die Gesundheit erkl\u00e4ren. Kinder, die sich gern im Wasser bewegen oder die Defizite im Schwimmen haben, k\u00f6nnen dabei spielerisch und &hellip;\" \/>\n<meta property=\"og:url\" content=\"https:\/\/www.paul-guenther-schule.de\/index.php\/oberschule\/gta-ganztagsangebote-oberschule\/\" \/>\n<meta property=\"og:site_name\" content=\"Oberschule &amp; Grundschule Paul-Guenther Geithain\" \/>\n<meta property=\"article:modified_time\" content=\"2024-05-06T09:13:51+00:00\" \/>\n<meta property=\"og:image\" content=\"https:\/\/www.paul-guenther-schule.de\/wp-content\/uploads\/2024\/03\/Schwimmen-225x300.jpg\" \/>\n<meta name=\"twitter:card\" content=\"summary_large_image\" \/>\n<meta name=\"twitter:label1\" content=\"Gesch\u00e4tzte Lesezeit\" \/>\n\t<meta name=\"twitter:data1\" content=\"8\u00a0Minuten\" \/>\n<script type=\"application\/ld+json\" class=\"yoast-schema-graph\">{\"@context\":\"https:\/\/schema.org\",\"@graph\":[{\"@type\":\"WebPage\",\"@id\":\"https:\/\/www.paul-guenther-schule.de\/index.php\/oberschule\/gta-ganztagsangebote-oberschule\/\",\"url\":\"https:\/\/www.paul-guenther-schule.de\/index.php\/oberschule\/gta-ganztagsangebote-oberschule\/\",\"name\":\"GTA | Ganztagsangebote Oberschule - Oberschule &amp; Grundschule Paul-Guenther Geithain\",\"isPartOf\":{\"@id\":\"https:\/\/www.paul-guenther-schule.de\/#website\"},\"primaryImageOfPage\":{\"@id\":\"https:\/\/www.paul-guenther-schule.de\/index.php\/oberschule\/gta-ganztagsangebote-oberschule\/#primaryimage\"},\"image\":{\"@id\":\"https:\/\/www.paul-guenther-schule.de\/index.php\/oberschule\/gta-ganztagsangebote-oberschule\/#primaryimage\"},\"thumbnailUrl\":\"https:\/\/www.paul-guenther-schule.de\/wp-content\/uploads\/2024\/03\/Schwimmen-225x300.jpg\",\"datePublished\":\"2024-01-18T13:32:27+00:00\",\"dateModified\":\"2024-05-06T09:13:51+00:00\",\"breadcrumb\":{\"@id\":\"https:\/\/www.paul-guenther-schule.de\/index.php\/oberschule\/gta-ganztagsangebote-oberschule\/#breadcrumb\"},\"inLanguage\":\"de\",\"potentialAction\":[{\"@type\":\"ReadAction\",\"target\":[\"https:\/\/www.paul-guenther-schule.de\/index.php\/oberschule\/gta-ganztagsangebote-oberschule\/\"]}]},{\"@type\":\"ImageObject\",\"inLanguage\":\"de\",\"@id\":\"https:\/\/www.paul-guenther-schule.de\/index.php\/oberschule\/gta-ganztagsangebote-oberschule\/#primaryimage\",\"url\":\"https:\/\/www.paul-guenther-schule.de\/wp-content\/uploads\/2024\/03\/Schwimmen.jpg\",\"contentUrl\":\"https:\/\/www.paul-guenther-schule.de\/wp-content\/uploads\/2024\/03\/Schwimmen.jpg\",\"width\":975,\"height\":1301},{\"@type\":\"BreadcrumbList\",\"@id\":\"https:\/\/www.paul-guenther-schule.de\/index.php\/oberschule\/gta-ganztagsangebote-oberschule\/#breadcrumb\",\"itemListElement\":[{\"@type\":\"ListItem\",\"position\":1,\"name\":\"Home\",\"item\":\"https:\/\/www.paul-guenther-schule.de\/\"},{\"@type\":\"ListItem\",\"position\":2,\"name\":\"Oberschule\",\"item\":\"https:\/\/www.paul-guenther-schule.de\/index.php\/oberschule\/\"},{\"@type\":\"ListItem\",\"position\":3,\"name\":\"GTA | Ganztagsangebote Oberschule\"}]},{\"@type\":\"WebSite\",\"@id\":\"https:\/\/www.paul-guenther-schule.de\/#website\",\"url\":\"https:\/\/www.paul-guenther-schule.de\/\",\"name\":\"Oberschule &amp; Grundschule Paul-Guenther Geithain\",\"description\":\"\",\"publisher\":{\"@id\":\"https:\/\/www.paul-guenther-schule.de\/#organization\"},\"potentialAction\":[{\"@type\":\"SearchAction\",\"target\":{\"@type\":\"EntryPoint\",\"urlTemplate\":\"https:\/\/www.paul-guenther-schule.de\/?s={search_term_string}\"},\"query-input\":{\"@type\":\"PropertyValueSpecification\",\"valueRequired\":true,\"valueName\":\"search_term_string\"}}],\"inLanguage\":\"de\"},{\"@type\":\"Organization\",\"@id\":\"https:\/\/www.paul-guenther-schule.de\/#organization\",\"name\":\"Oberschule &amp; Grundschule Paul-Guenther Geithain\",\"url\":\"https:\/\/www.paul-guenther-schule.de\/\",\"logo\":{\"@type\":\"ImageObject\",\"inLanguage\":\"de\",\"@id\":\"https:\/\/www.paul-guenther-schule.de\/#\/schema\/logo\/image\/\",\"url\":\"https:\/\/www.paul-guenther-schule.de\/wp-content\/uploads\/2024\/01\/cropped-header-pauli-eule-04.png\",\"contentUrl\":\"https:\/\/www.paul-guenther-schule.de\/wp-content\/uploads\/2024\/01\/cropped-header-pauli-eule-04.png\",\"width\":1040,\"height\":294,\"caption\":\"Oberschule &amp; Grundschule Paul-Guenther Geithain\"},\"image\":{\"@id\":\"https:\/\/www.paul-guenther-schule.de\/#\/schema\/logo\/image\/\"}}]}<\/script>\n<!-- \/ Yoast SEO plugin. -->","yoast_head_json":{"title":"GTA | Ganztagsangebote Oberschule - Oberschule &amp; Grundschule Paul-Guenther Geithain","robots":{"index":"index","follow":"follow","max-snippet":"max-snippet:-1","max-image-preview":"max-image-preview:large","max-video-preview":"max-video-preview:-1"},"canonical":"https:\/\/www.paul-guenther-schule.de\/index.php\/oberschule\/gta-ganztagsangebote-oberschule\/","og_locale":"de_DE","og_type":"article","og_title":"GTA | Ganztagsangebote Oberschule - Oberschule &amp; Grundschule Paul-Guenther Geithain","og_description":"Unsere GTA-Angebote an der Oberschule GTA Schwimmen Der Einf\u00fchrungskurs Schwimmen soll komplexe Bewegungen im Wasser vermitteln und dabei das Interesse f\u00fcr den Schwimmsport, sowie allgemeine sportliche Aktivit\u00e4ten wecken und Vorteile und Auswirkungen von Sport auf die Gesundheit erkl\u00e4ren. Kinder, die sich gern im Wasser bewegen oder die Defizite im Schwimmen haben, k\u00f6nnen dabei spielerisch und &hellip;","og_url":"https:\/\/www.paul-guenther-schule.de\/index.php\/oberschule\/gta-ganztagsangebote-oberschule\/","og_site_name":"Oberschule &amp; Grundschule Paul-Guenther Geithain","article_modified_time":"2024-05-06T09:13:51+00:00","og_image":[{"url":"https:\/\/www.paul-guenther-schule.de\/wp-content\/uploads\/2024\/03\/Schwimmen-225x300.jpg"}],"twitter_card":"summary_large_image","twitter_misc":{"Gesch\u00e4tzte Lesezeit":"8\u00a0Minuten"},"schema":{"@context":"https:\/\/schema.org","@graph":[{"@type":"WebPage","@id":"https:\/\/www.paul-guenther-schule.de\/index.php\/oberschule\/gta-ganztagsangebote-oberschule\/","url":"https:\/\/www.paul-guenther-schule.de\/index.php\/oberschule\/gta-ganztagsangebote-oberschule\/","name":"GTA | Ganztagsangebote Oberschule - Oberschule &amp; Grundschule Paul-Guenther Geithain","isPartOf":{"@id":"https:\/\/www.paul-guenther-schule.de\/#website"},"primaryImageOfPage":{"@id":"https:\/\/www.paul-guenther-schule.de\/index.php\/oberschule\/gta-ganztagsangebote-oberschule\/#primaryimage"},"image":{"@id":"https:\/\/www.paul-guenther-schule.de\/index.php\/oberschule\/gta-ganztagsangebote-oberschule\/#primaryimage"},"thumbnailUrl":"https:\/\/www.paul-guenther-schule.de\/wp-content\/uploads\/2024\/03\/Schwimmen-225x300.jpg","datePublished":"2024-01-18T13:32:27+00:00","dateModified":"2024-05-06T09:13:51+00:00","breadcrumb":{"@id":"https:\/\/www.paul-guenther-schule.de\/index.php\/oberschule\/gta-ganztagsangebote-oberschule\/#breadcrumb"},"inLanguage":"de","potentialAction":[{"@type":"ReadAction","target":["https:\/\/www.paul-guenther-schule.de\/index.php\/oberschule\/gta-ganztagsangebote-oberschule\/"]}]},{"@type":"ImageObject","inLanguage":"de","@id":"https:\/\/www.paul-guenther-schule.de\/index.php\/oberschule\/gta-ganztagsangebote-oberschule\/#primaryimage","url":"https:\/\/www.paul-guenther-schule.de\/wp-content\/uploads\/2024\/03\/Schwimmen.jpg","contentUrl":"https:\/\/www.paul-guenther-schule.de\/wp-content\/uploads\/2024\/03\/Schwimmen.jpg","width":975,"height":1301},{"@type":"BreadcrumbList","@id":"https:\/\/www.paul-guenther-schule.de\/index.php\/oberschule\/gta-ganztagsangebote-oberschule\/#breadcrumb","itemListElement":[{"@type":"ListItem","position":1,"name":"Home","item":"https:\/\/www.paul-guenther-schule.de\/"},{"@type":"ListItem","position":2,"name":"Oberschule","item":"https:\/\/www.paul-guenther-schule.de\/index.php\/oberschule\/"},{"@type":"ListItem","position":3,"name":"GTA | Ganztagsangebote Oberschule"}]},{"@type":"WebSite","@id":"https:\/\/www.paul-guenther-schule.de\/#website","url":"https:\/\/www.paul-guenther-schule.de\/","name":"Oberschule &amp; Grundschule Paul-Guenther Geithain","description":"","publisher":{"@id":"https:\/\/www.paul-guenther-schule.de\/#organization"},"potentialAction":[{"@type":"SearchAction","target":{"@type":"EntryPoint","urlTemplate":"https:\/\/www.paul-guenther-schule.de\/?s={search_term_string}"},"query-input":{"@type":"PropertyValueSpecification","valueRequired":true,"valueName":"search_term_string"}}],"inLanguage":"de"},{"@type":"Organization","@id":"https:\/\/www.paul-guenther-schule.de\/#organization","name":"Oberschule &amp; Grundschule Paul-Guenther Geithain","url":"https:\/\/www.paul-guenther-schule.de\/","logo":{"@type":"ImageObject","inLanguage":"de","@id":"https:\/\/www.paul-guenther-schule.de\/#\/schema\/logo\/image\/","url":"https:\/\/www.paul-guenther-schule.de\/wp-content\/uploads\/2024\/01\/cropped-header-pauli-eule-04.png","contentUrl":"https:\/\/www.paul-guenther-schule.de\/wp-content\/uploads\/2024\/01\/cropped-header-pauli-eule-04.png","width":1040,"height":294,"caption":"Oberschule &amp; Grundschule Paul-Guenther Geithain"},"image":{"@id":"https:\/\/www.paul-guenther-schule.de\/#\/schema\/logo\/image\/"}}]}},"publishpress_future_action":{"enabled":false,"date":"2026-05-08 21:06:26","action":"change-status","newStatus":"draft","terms":[],"taxonomy":""},"publishpress_future_workflow_manual_trigger":{"enabledWorkflows":[]},"_links":{"self":[{"href":"https:\/\/www.paul-guenther-schule.de\/index.php\/wp-json\/wp\/v2\/pages\/541","targetHints":{"allow":["GET"]}}],"collection":[{"href":"https:\/\/www.paul-guenther-schule.de\/index.php\/wp-json\/wp\/v2\/pages"}],"about":[{"href":"https:\/\/www.paul-guenther-schule.de\/index.php\/wp-json\/wp\/v2\/types\/page"}],"author":[{"embeddable":true,"href":"https:\/\/www.paul-guenther-schule.de\/index.php\/wp-json\/wp\/v2\/users\/1"}],"replies":[{"embeddable":true,"href":"https:\/\/www.paul-guenther-schule.de\/index.php\/wp-json\/wp\/v2\/comments?post=541"}],"version-history":[{"count":23,"href":"https:\/\/www.paul-guenther-schule.de\/index.php\/wp-json\/wp\/v2\/pages\/541\/revisions"}],"predecessor-version":[{"id":1245,"href":"https:\/\/www.paul-guenther-schule.de\/index.php\/wp-json\/wp\/v2\/pages\/541\/revisions\/1245"}],"up":[{"embeddable":true,"href":"https:\/\/www.paul-guenther-schule.de\/index.php\/wp-json\/wp\/v2\/pages\/155"}],"wp:attachment":[{"href":"https:\/\/www.paul-guenther-schule.de\/index.php\/wp-json\/wp\/v2\/media?parent=541"}],"curies":[{"name":"wp","href":"https:\/\/api.w.org\/{rel}","templated":true}]}}