{"id":548,"date":"2024-01-18T14:37:46","date_gmt":"2024-01-18T13:37:46","guid":{"rendered":"https:\/\/www.paul-guenther-schule.de\/?page_id=548"},"modified":"2024-04-22T20:37:34","modified_gmt":"2024-04-22T18:37:34","slug":"schulordnung","status":"publish","type":"page","link":"https:\/\/www.paul-guenther-schule.de\/index.php\/schulordnung\/","title":{"rendered":"Hausordnung"},"content":{"rendered":"<h1>Hausordnung<\/h1>\n<h2>der Paul-Guenther-Schule Geithain<\/h2>\n<p><strong>Stand 12.10.2022<\/strong><\/p>\n<p>Wir alle wollen in unserer Schule f\u00fcr einen respektvollen und toleranten Umgang miteinander sorgen. Die Freude am Lernen, sowie der Beitrag jeder einzelnen Person f\u00fcr ein einladendes, sauberes Schulhaus stehen an oberster Stelle.<br \/>\nDie Einhaltung folgender Grundregeln wird dazu beitragen:<\/p>\n<p>1. Besucherinnen und Besucher melden sich unverz\u00fcglich in der Kanzlei im 2. OG an.<br \/>\n2. Der Unterricht ist durch die Lehrkr\u00e4fte und Sch\u00fclerinnen und Sch\u00fcler p\u00fcnktlich zu beginnen und zu beenden.<br \/>\n3. Jede Klasse stellt zwei Verantwortliche zur Verf\u00fcgung, die nach Schulschluss und bei Zimmerwechsel auf ein ordnungsgem\u00e4\u00dfes Hinterlassen des Zimmers achten.<br \/>\n4. Das Schulgel\u00e4nde darf ohne Erlaubnis nur nach Unterrichtsschluss verlassen werden.<br \/>\n5. Die gro\u00dfen Pausen finden auf dem Schulhof statt. Hauspausen werden durch Lehrkr\u00e4fte mitgeteilt.<br \/>\n6. . Die Lehrkr\u00e4fte beaufsichtigen die Zimmer und G\u00e4nge in den kleinen Pausen. F\u00fcr die gro\u00dfen Pausen wird ein Aufsichtsplan erstellt. Zus\u00e4tzlich werden die Lehrkr\u00e4fte durch die Sch\u00fclerinnen und Sch\u00fcler der 9.\/10. Klasse als Aufsichtspersonal in den gro\u00dfen Pausen unterst\u00fctzt.<br \/>\n7. W\u00e4hrend den Pausen werden\/ bleiben die Fenster geschlossen.<br \/>\n8. Freistunden d\u00fcrfen die Sch\u00fclerinnen und Sch\u00fcler im Speisesaal oder im Schulclub verbringen.<br \/>\n9. Mobiltelefone, Smartwatches und Tablets sind w\u00e4hrend des Unterrichts stumm geschalten und in den eigenen Taschen zu verstauen. Laserpointer sind auf dem gesamten Schulgel\u00e4nde verboten. Ausnahmen sind zuvor mit den Lehrk\u00f6rpern abzusprechen. F\u00fcr dienstliche Belange gelten Sonderreglungen.<br \/>\n10. Das Erstellen von Videos, Tonaufzeichnungen und Aufzeichnungen jedweder Art sind im Unterricht und im Schulbereich verboten.<br \/>\n11. Die Garderobe ist in Schr\u00e4nken vor den Klassenzimmern bzw. Schlie\u00dff\u00e4chern aufzubewahren.<br \/>\n12. Die Sorgeberechtigten achten auf altersgerechte und angemessene Bekleidung ihres Kindes. Kopfbedeckungen sind nur aus religi\u00f6sen Zwecken im Schulhaus erlaubt.<br \/>\n13. Der Konsum von Energy-Drinks ist auf dem gesamten Schulgel\u00e4nde untersagt.<\/p>\n<p>&nbsp;<\/p>\n<p>Bei Nichteinhalten der Hausordnung ist mit Erziehungs- und Ordnungsma\u00dfnahmen zu rechnen.<br \/>\nDiese Hausordnung gilt f\u00fcr alle Sch\u00fclerinnen und Sch\u00fcler, Lehrerinnen und Lehrer, Angestellte und Besucher unserer Schule im Grundst\u00fcck Schillerstra\u00dfe 13 und in allen genutzten Sportst\u00e4tten. G\u00fcltig ab 08.12.1992 (zuletzt ge\u00e4ndert am 12.10.2022 durch den Sch\u00fclerrat und durch Beschluss der Schulkonferenz).<\/p>\n<p>&nbsp;<\/p>\n<p>Schulleitung Grundschule | Schulleitung Oberschule | Elternsprecherin Grundschule | Elternsprecher Oberschule | Sch\u00fclersprecher<\/p>\n<p><a href=\"https:\/\/www.paul-guenther-schule.de\/wp-content\/uploads\/2024\/01\/Hausordnung.pdf\"> <span class=\"ttfmake-icon mceNonEditable fas\">\uf019<\/span>\u00a0 Hausordnung<\/a><\/p>\n<p>&nbsp;<\/p>\n<p>&nbsp;<\/p>\n","protected":false},"excerpt":{"rendered":"<p>Hausordnung der Paul-Guenther-Schule Geithain Stand 12.10.2022 Wir alle wollen in unserer Schule f\u00fcr einen respektvollen und toleranten Umgang miteinander sorgen. Die Freude am Lernen, sowie der Beitrag jeder einzelnen Person f\u00fcr ein einladendes, sauberes Schulhaus stehen an oberster Stelle. Die Einhaltung folgender Grundregeln wird dazu beitragen: 1. Besucherinnen und Besucher melden sich unverz\u00fcglich in der &hellip;<\/p>\n","protected":false},"author":1,"featured_media":0,"parent":0,"menu_order":0,"comment_status":"closed","ping_status":"closed","template":"","meta":{"footnotes":""},"class_list":["post-548","page","type-page","status-publish","hentry"],"yoast_head":"<!-- This site is optimized with the Yoast SEO plugin v23.7 - https:\/\/yoast.com\/wordpress\/plugins\/seo\/ -->\n<title>Hausordnung - Oberschule &amp; Grundschule Paul-Guenther Geithain<\/title>\n<meta name=\"robots\" content=\"index, follow, max-snippet:-1, max-image-preview:large, max-video-preview:-1\" \/>\n<link rel=\"canonical\" href=\"https:\/\/www.paul-guenther-schule.de\/index.php\/schulordnung\/\" \/>\n<meta property=\"og:locale\" content=\"de_DE\" \/>\n<meta property=\"og:type\" content=\"article\" \/>\n<meta property=\"og:title\" content=\"Hausordnung - Oberschule &amp; Grundschule Paul-Guenther Geithain\" \/>\n<meta property=\"og:description\" content=\"Hausordnung der Paul-Guenther-Schule Geithain Stand 12.10.2022 Wir alle wollen in unserer Schule f\u00fcr einen respektvollen und toleranten Umgang miteinander sorgen. Die Freude am Lernen, sowie der Beitrag jeder einzelnen Person f\u00fcr ein einladendes, sauberes Schulhaus stehen an oberster Stelle. Die Einhaltung folgender Grundregeln wird dazu beitragen: 1. Besucherinnen und Besucher melden sich unverz\u00fcglich in der &hellip;\" \/>\n<meta property=\"og:url\" content=\"https:\/\/www.paul-guenther-schule.de\/index.php\/schulordnung\/\" \/>\n<meta property=\"og:site_name\" content=\"Oberschule &amp; Grundschule Paul-Guenther Geithain\" \/>\n<meta property=\"article:modified_time\" content=\"2024-04-22T18:37:34+00:00\" \/>\n<meta name=\"twitter:card\" content=\"summary_large_image\" \/>\n<meta name=\"twitter:label1\" content=\"Gesch\u00e4tzte Lesezeit\" \/>\n\t<meta name=\"twitter:data1\" content=\"2\u00a0Minuten\" \/>\n<script type=\"application\/ld+json\" class=\"yoast-schema-graph\">{\"@context\":\"https:\/\/schema.org\",\"@graph\":[{\"@type\":\"WebPage\",\"@id\":\"https:\/\/www.paul-guenther-schule.de\/index.php\/schulordnung\/\",\"url\":\"https:\/\/www.paul-guenther-schule.de\/index.php\/schulordnung\/\",\"name\":\"Hausordnung - Oberschule &amp; Grundschule Paul-Guenther Geithain\",\"isPartOf\":{\"@id\":\"https:\/\/www.paul-guenther-schule.de\/#website\"},\"datePublished\":\"2024-01-18T13:37:46+00:00\",\"dateModified\":\"2024-04-22T18:37:34+00:00\",\"breadcrumb\":{\"@id\":\"https:\/\/www.paul-guenther-schule.de\/index.php\/schulordnung\/#breadcrumb\"},\"inLanguage\":\"de\",\"potentialAction\":[{\"@type\":\"ReadAction\",\"target\":[\"https:\/\/www.paul-guenther-schule.de\/index.php\/schulordnung\/\"]}]},{\"@type\":\"BreadcrumbList\",\"@id\":\"https:\/\/www.paul-guenther-schule.de\/index.php\/schulordnung\/#breadcrumb\",\"itemListElement\":[{\"@type\":\"ListItem\",\"position\":1,\"name\":\"Home\",\"item\":\"https:\/\/www.paul-guenther-schule.de\/\"},{\"@type\":\"ListItem\",\"position\":2,\"name\":\"Hausordnung\"}]},{\"@type\":\"WebSite\",\"@id\":\"https:\/\/www.paul-guenther-schule.de\/#website\",\"url\":\"https:\/\/www.paul-guenther-schule.de\/\",\"name\":\"Oberschule &amp; Grundschule Paul-Guenther Geithain\",\"description\":\"\",\"publisher\":{\"@id\":\"https:\/\/www.paul-guenther-schule.de\/#organization\"},\"potentialAction\":[{\"@type\":\"SearchAction\",\"target\":{\"@type\":\"EntryPoint\",\"urlTemplate\":\"https:\/\/www.paul-guenther-schule.de\/?s={search_term_string}\"},\"query-input\":{\"@type\":\"PropertyValueSpecification\",\"valueRequired\":true,\"valueName\":\"search_term_string\"}}],\"inLanguage\":\"de\"},{\"@type\":\"Organization\",\"@id\":\"https:\/\/www.paul-guenther-schule.de\/#organization\",\"name\":\"Oberschule &amp; Grundschule Paul-Guenther Geithain\",\"url\":\"https:\/\/www.paul-guenther-schule.de\/\",\"logo\":{\"@type\":\"ImageObject\",\"inLanguage\":\"de\",\"@id\":\"https:\/\/www.paul-guenther-schule.de\/#\/schema\/logo\/image\/\",\"url\":\"https:\/\/www.paul-guenther-schule.de\/wp-content\/uploads\/2024\/01\/cropped-header-pauli-eule-04.png\",\"contentUrl\":\"https:\/\/www.paul-guenther-schule.de\/wp-content\/uploads\/2024\/01\/cropped-header-pauli-eule-04.png\",\"width\":1040,\"height\":294,\"caption\":\"Oberschule &amp; Grundschule Paul-Guenther Geithain\"},\"image\":{\"@id\":\"https:\/\/www.paul-guenther-schule.de\/#\/schema\/logo\/image\/\"}}]}<\/script>\n<!-- \/ Yoast SEO plugin. -->","yoast_head_json":{"title":"Hausordnung - Oberschule &amp; Grundschule Paul-Guenther Geithain","robots":{"index":"index","follow":"follow","max-snippet":"max-snippet:-1","max-image-preview":"max-image-preview:large","max-video-preview":"max-video-preview:-1"},"canonical":"https:\/\/www.paul-guenther-schule.de\/index.php\/schulordnung\/","og_locale":"de_DE","og_type":"article","og_title":"Hausordnung - Oberschule &amp; Grundschule Paul-Guenther Geithain","og_description":"Hausordnung der Paul-Guenther-Schule Geithain Stand 12.10.2022 Wir alle wollen in unserer Schule f\u00fcr einen respektvollen und toleranten Umgang miteinander sorgen. Die Freude am Lernen, sowie der Beitrag jeder einzelnen Person f\u00fcr ein einladendes, sauberes Schulhaus stehen an oberster Stelle. Die Einhaltung folgender Grundregeln wird dazu beitragen: 1. Besucherinnen und Besucher melden sich unverz\u00fcglich in der &hellip;","og_url":"https:\/\/www.paul-guenther-schule.de\/index.php\/schulordnung\/","og_site_name":"Oberschule &amp; Grundschule Paul-Guenther Geithain","article_modified_time":"2024-04-22T18:37:34+00:00","twitter_card":"summary_large_image","twitter_misc":{"Gesch\u00e4tzte Lesezeit":"2\u00a0Minuten"},"schema":{"@context":"https:\/\/schema.org","@graph":[{"@type":"WebPage","@id":"https:\/\/www.paul-guenther-schule.de\/index.php\/schulordnung\/","url":"https:\/\/www.paul-guenther-schule.de\/index.php\/schulordnung\/","name":"Hausordnung - Oberschule &amp; Grundschule Paul-Guenther Geithain","isPartOf":{"@id":"https:\/\/www.paul-guenther-schule.de\/#website"},"datePublished":"2024-01-18T13:37:46+00:00","dateModified":"2024-04-22T18:37:34+00:00","breadcrumb":{"@id":"https:\/\/www.paul-guenther-schule.de\/index.php\/schulordnung\/#breadcrumb"},"inLanguage":"de","potentialAction":[{"@type":"ReadAction","target":["https:\/\/www.paul-guenther-schule.de\/index.php\/schulordnung\/"]}]},{"@type":"BreadcrumbList","@id":"https:\/\/www.paul-guenther-schule.de\/index.php\/schulordnung\/#breadcrumb","itemListElement":[{"@type":"ListItem","position":1,"name":"Home","item":"https:\/\/www.paul-guenther-schule.de\/"},{"@type":"ListItem","position":2,"name":"Hausordnung"}]},{"@type":"WebSite","@id":"https:\/\/www.paul-guenther-schule.de\/#website","url":"https:\/\/www.paul-guenther-schule.de\/","name":"Oberschule &amp; Grundschule Paul-Guenther Geithain","description":"","publisher":{"@id":"https:\/\/www.paul-guenther-schule.de\/#organization"},"potentialAction":[{"@type":"SearchAction","target":{"@type":"EntryPoint","urlTemplate":"https:\/\/www.paul-guenther-schule.de\/?s={search_term_string}"},"query-input":{"@type":"PropertyValueSpecification","valueRequired":true,"valueName":"search_term_string"}}],"inLanguage":"de"},{"@type":"Organization","@id":"https:\/\/www.paul-guenther-schule.de\/#organization","name":"Oberschule &amp; Grundschule Paul-Guenther Geithain","url":"https:\/\/www.paul-guenther-schule.de\/","logo":{"@type":"ImageObject","inLanguage":"de","@id":"https:\/\/www.paul-guenther-schule.de\/#\/schema\/logo\/image\/","url":"https:\/\/www.paul-guenther-schule.de\/wp-content\/uploads\/2024\/01\/cropped-header-pauli-eule-04.png","contentUrl":"https:\/\/www.paul-guenther-schule.de\/wp-content\/uploads\/2024\/01\/cropped-header-pauli-eule-04.png","width":1040,"height":294,"caption":"Oberschule &amp; Grundschule Paul-Guenther Geithain"},"image":{"@id":"https:\/\/www.paul-guenther-schule.de\/#\/schema\/logo\/image\/"}}]}},"publishpress_future_action":{"enabled":false,"date":"2026-05-12 13:35:48","action":"change-status","newStatus":"draft","terms":[],"taxonomy":""},"publishpress_future_workflow_manual_trigger":{"enabledWorkflows":[]},"_links":{"self":[{"href":"https:\/\/www.paul-guenther-schule.de\/index.php\/wp-json\/wp\/v2\/pages\/548","targetHints":{"allow":["GET"]}}],"collection":[{"href":"https:\/\/www.paul-guenther-schule.de\/index.php\/wp-json\/wp\/v2\/pages"}],"about":[{"href":"https:\/\/www.paul-guenther-schule.de\/index.php\/wp-json\/wp\/v2\/types\/page"}],"author":[{"embeddable":true,"href":"https:\/\/www.paul-guenther-schule.de\/index.php\/wp-json\/wp\/v2\/users\/1"}],"replies":[{"embeddable":true,"href":"https:\/\/www.paul-guenther-schule.de\/index.php\/wp-json\/wp\/v2\/comments?post=548"}],"version-history":[{"count":8,"href":"https:\/\/www.paul-guenther-schule.de\/index.php\/wp-json\/wp\/v2\/pages\/548\/revisions"}],"predecessor-version":[{"id":1212,"href":"https:\/\/www.paul-guenther-schule.de\/index.php\/wp-json\/wp\/v2\/pages\/548\/revisions\/1212"}],"wp:attachment":[{"href":"https:\/\/www.paul-guenther-schule.de\/index.php\/wp-json\/wp\/v2\/media?parent=548"}],"curies":[{"name":"wp","href":"https:\/\/api.w.org\/{rel}","templated":true}]}}