{"id":582,"date":"2024-01-18T16:35:34","date_gmt":"2024-01-18T15:35:34","guid":{"rendered":"https:\/\/www.paul-guenther-schule.de\/?page_id=582"},"modified":"2024-02-09T12:27:36","modified_gmt":"2024-02-09T11:27:36","slug":"geschichte-2","status":"publish","type":"page","link":"https:\/\/www.paul-guenther-schule.de\/index.php\/unsere-pauli\/geschichte-2\/","title":{"rendered":"Geschichte"},"content":{"rendered":"<h1>Geschichte unserer Pauli <span class=\"ttfmake-icon mceNonEditable fas\">\uf56b<\/span><\/h1>\n<p>&nbsp;<\/p>\n\n<table id=\"tablepress-7\" class=\"tablepress tablepress-id-7\">\n<tbody>\n<tr class=\"row-1\">\n\t<td class=\"column-1\">02.05.1923<\/td><td class=\"column-2\">Paul Guenther schreibt \u00fcber seine Absicht, eine Schule zu bauen.<\/td>\n<\/tr>\n<tr class=\"row-2\">\n\t<td class=\"column-1\">04.07.1923<\/td><td class=\"column-2\">Der Grundstein wird in Anwesenheit der Tochter Margarethe gelegt.<\/td>\n<\/tr>\n<tr class=\"row-3\">\n\t<td class=\"column-1\">20.12.1924<\/td><td class=\"column-2\">Das Richtfest findet statt.<\/td>\n<\/tr>\n<tr class=\"row-4\">\n\t<td class=\"column-1\">29.10.1925<\/td><td class=\"column-2\">Die neue Schule wird eingeweiht.<\/td>\n<\/tr>\n<tr class=\"row-5\">\n\t<td class=\"column-1\">Herbst 1943<\/td><td class=\"column-2\">Das Schulgeb\u00e4ude wird als Lazarett genutzt.<\/td>\n<\/tr>\n<tr class=\"row-6\">\n\t<td class=\"column-1\">1945<\/td><td class=\"column-2\">Der Unterricht wird wieder aufgenommen. Es wird in der  Grundschule von Klasse 1 bis 8 und in der Oberschule von Klasse 9 bis 12 unterrichtet. Unter dem Schuldirektor Fritz Gei\u00dfler hei\u00dft sie nun \u201eDemokratische Einheitsschule\u201c.<\/td>\n<\/tr>\n<tr class=\"row-7\">\n\t<td class=\"column-1\">05.01.1951<\/td><td class=\"column-2\">Paul Hammer wird Direktor der Zentralschule.<\/td>\n<\/tr>\n<tr class=\"row-8\">\n\t<td class=\"column-1\">01.09.1958<\/td><td class=\"column-2\">Die 10j\u00e4hrige allgemeine Schulpflicht wird unter der offiziellen Bezeichnung \u201ePolytechnische Oberschule Geithain mit erweitertem Oberschulzug\u201c eingef\u00fchrt.<\/td>\n<\/tr>\n<tr class=\"row-9\">\n\t<td class=\"column-1\">08.05.1976<\/td><td class=\"column-2\">Die Schule bekommt einen neuen Namen: \u201eJuri-Gagarin-Oberschule Geithain\u201c.  In 48 Klassen (1 bis 12) werden 1341 Sch\u00fcler im Haupt- und  Nebengeb\u00e4ude der Schule, in der Lindenstra\u00dfe, im Rosenthal, in der Baracke an der Schillerstra\u00dfe und im Elektrokabinett unterrichtet.<\/td>\n<\/tr>\n<tr class=\"row-10\">\n\t<td class=\"column-1\"><br \/>\nAugust 1977<\/td><td class=\"column-2\">Es wird eine Trennung in \u201ePOS Juri Gagarin Geithain\u201c und \u201eErweiterte Oberschule Geithain\u201c vorgenommen.<\/td>\n<\/tr>\n<tr class=\"row-11\">\n\t<td class=\"column-1\">1988<\/td><td class=\"column-2\">Paul Hammer geht in Ruhestand. Der neue Schuldirektor wird G\u00fcnter Leupold.<br \/>\n<\/td>\n<\/tr>\n<tr class=\"row-12\">\n\t<td class=\"column-1\">01.09.1990<\/td><td class=\"column-2\">Es findet die Feierstunde zur Namens\u00e4nderung von \u201eJuri-Gagarin-Oberschule\u201c in \u201ePaul-Guenther-Schule\u201c statt.<\/td>\n<\/tr>\n<tr class=\"row-13\">\n\t<td class=\"column-1\">1992<\/td><td class=\"column-2\">Gunter Neuhaus wird neuer Schulleiter.<\/td>\n<\/tr>\n<tr class=\"row-14\">\n\t<td class=\"column-1\">1995<\/td><td class=\"column-2\">70 Jahre Paul-Guenther-Schule<br \/>\nDie Stifterenkelin V. Vanderbilt mit ihrem Ehemann Robert und ihrem Sohn Paul sowie die Familie Sommer aus Kananda besuchen Geithain.<\/td>\n<\/tr>\n<tr class=\"row-15\">\n\t<td class=\"column-1\">2005<\/td><td class=\"column-2\">Es werden nicht gen\u00fcgend Sch\u00fcler f\u00fcr die 5. Klasse angemeldet um die geforderte Zweiz\u00fcgigkeit zu gew\u00e4hrleisten. Auch die einzige 6. Klasse wird aufgel\u00f6st. Somit gibt es im Schuljahr 2005\/2006 keine 5. und 7. Klassen.<\/td>\n<\/tr>\n<tr class=\"row-16\">\n\t<td class=\"column-1\">2006<\/td><td class=\"column-2\">Die erste Gemeinschaftsschule Sachsens beginnt mit 76 Anmeldungen f\u00fcr die 5. Klasse das neue Schuljahr.<\/td>\n<\/tr>\n<\/tbody>\n<\/table>\n<!-- #tablepress-7 from cache -->\n<p>&nbsp;<\/p>\n<div class=\"su-image-carousel  su-image-carousel-has-spacing su-image-carousel-crop su-image-carousel-crop-3-4 su-image-carousel-has-outline su-image-carousel-adaptive su-image-carousel-slides-style-default su-image-carousel-controls-style-light su-image-carousel-align-none\" style=\"max-width:300px\" data-flickity-options='{\"groupCells\":true,\"cellSelector\":\".su-image-carousel-item\",\"adaptiveHeight\":false,\"cellAlign\":\"left\",\"prevNextButtons\":true,\"pageDots\":true,\"autoPlay\":2000,\"imagesLoaded\":true,\"contain\":true,\"selectedAttraction\":0.025,\"friction\":0.28}' id=\"su_image_carousel_69f32eabd7a97\"><div class=\"su-image-carousel-item\"><div class=\"su-image-carousel-item-content\"><img loading=\"lazy\" decoding=\"async\" width=\"500\" height=\"650\" src=\"https:\/\/www.paul-guenther-schule.de\/wp-content\/uploads\/2024\/02\/geschichte_pauli6.jpg\" class=\"\" alt=\"\" srcset=\"https:\/\/www.paul-guenther-schule.de\/wp-content\/uploads\/2024\/02\/geschichte_pauli6.jpg 500w, https:\/\/www.paul-guenther-schule.de\/wp-content\/uploads\/2024\/02\/geschichte_pauli6-231x300.jpg 231w\" sizes=\"auto, (max-width: 500px) 100vw, 500px\" \/><\/div><\/div><div class=\"su-image-carousel-item\"><div class=\"su-image-carousel-item-content\"><img loading=\"lazy\" decoding=\"async\" width=\"500\" height=\"650\" src=\"https:\/\/www.paul-guenther-schule.de\/wp-content\/uploads\/2024\/02\/geschichte_pauli1.jpg\" class=\"\" alt=\"\" srcset=\"https:\/\/www.paul-guenther-schule.de\/wp-content\/uploads\/2024\/02\/geschichte_pauli1.jpg 500w, https:\/\/www.paul-guenther-schule.de\/wp-content\/uploads\/2024\/02\/geschichte_pauli1-231x300.jpg 231w\" sizes=\"auto, (max-width: 500px) 100vw, 500px\" \/><\/div><\/div><div class=\"su-image-carousel-item\"><div class=\"su-image-carousel-item-content\"><img loading=\"lazy\" decoding=\"async\" width=\"500\" height=\"650\" src=\"https:\/\/www.paul-guenther-schule.de\/wp-content\/uploads\/2024\/02\/geschichte_pauli8.jpg\" class=\"\" alt=\"\" srcset=\"https:\/\/www.paul-guenther-schule.de\/wp-content\/uploads\/2024\/02\/geschichte_pauli8.jpg 500w, https:\/\/www.paul-guenther-schule.de\/wp-content\/uploads\/2024\/02\/geschichte_pauli8-231x300.jpg 231w\" sizes=\"auto, (max-width: 500px) 100vw, 500px\" \/><\/div><\/div><div class=\"su-image-carousel-item\"><div class=\"su-image-carousel-item-content\"><img loading=\"lazy\" decoding=\"async\" width=\"500\" height=\"650\" src=\"https:\/\/www.paul-guenther-schule.de\/wp-content\/uploads\/2024\/02\/geschichte_pauli3.jpg\" class=\"\" alt=\"\" srcset=\"https:\/\/www.paul-guenther-schule.de\/wp-content\/uploads\/2024\/02\/geschichte_pauli3.jpg 500w, https:\/\/www.paul-guenther-schule.de\/wp-content\/uploads\/2024\/02\/geschichte_pauli3-231x300.jpg 231w\" sizes=\"auto, (max-width: 500px) 100vw, 500px\" \/><\/div><\/div><div class=\"su-image-carousel-item\"><div class=\"su-image-carousel-item-content\"><img loading=\"lazy\" decoding=\"async\" width=\"500\" height=\"650\" src=\"https:\/\/www.paul-guenther-schule.de\/wp-content\/uploads\/2024\/02\/geschichte_pauli5.jpg\" class=\"\" alt=\"\" srcset=\"https:\/\/www.paul-guenther-schule.de\/wp-content\/uploads\/2024\/02\/geschichte_pauli5.jpg 500w, https:\/\/www.paul-guenther-schule.de\/wp-content\/uploads\/2024\/02\/geschichte_pauli5-231x300.jpg 231w\" sizes=\"auto, (max-width: 500px) 100vw, 500px\" \/><\/div><\/div><div class=\"su-image-carousel-item\"><div class=\"su-image-carousel-item-content\"><img loading=\"lazy\" decoding=\"async\" width=\"500\" height=\"650\" src=\"https:\/\/www.paul-guenther-schule.de\/wp-content\/uploads\/2024\/02\/geschichte_pauli4.jpg\" class=\"\" alt=\"\" srcset=\"https:\/\/www.paul-guenther-schule.de\/wp-content\/uploads\/2024\/02\/geschichte_pauli4.jpg 500w, https:\/\/www.paul-guenther-schule.de\/wp-content\/uploads\/2024\/02\/geschichte_pauli4-231x300.jpg 231w\" sizes=\"auto, (max-width: 500px) 100vw, 500px\" \/><\/div><\/div><div class=\"su-image-carousel-item\"><div class=\"su-image-carousel-item-content\"><img loading=\"lazy\" decoding=\"async\" width=\"500\" height=\"650\" src=\"https:\/\/www.paul-guenther-schule.de\/wp-content\/uploads\/2024\/02\/geschichte_pauli7.jpg\" class=\"\" alt=\"\" srcset=\"https:\/\/www.paul-guenther-schule.de\/wp-content\/uploads\/2024\/02\/geschichte_pauli7.jpg 500w, https:\/\/www.paul-guenther-schule.de\/wp-content\/uploads\/2024\/02\/geschichte_pauli7-231x300.jpg 231w\" sizes=\"auto, (max-width: 500px) 100vw, 500px\" \/><\/div><\/div><div class=\"su-image-carousel-item\"><div class=\"su-image-carousel-item-content\"><img loading=\"lazy\" decoding=\"async\" width=\"500\" height=\"650\" src=\"https:\/\/www.paul-guenther-schule.de\/wp-content\/uploads\/2024\/02\/geschichte_pauli0.jpg\" class=\"\" alt=\"\" srcset=\"https:\/\/www.paul-guenther-schule.de\/wp-content\/uploads\/2024\/02\/geschichte_pauli0.jpg 500w, https:\/\/www.paul-guenther-schule.de\/wp-content\/uploads\/2024\/02\/geschichte_pauli0-231x300.jpg 231w\" sizes=\"auto, (max-width: 500px) 100vw, 500px\" \/><\/div><\/div><div class=\"su-image-carousel-item\"><div class=\"su-image-carousel-item-content\"><img loading=\"lazy\" decoding=\"async\" width=\"500\" height=\"650\" src=\"https:\/\/www.paul-guenther-schule.de\/wp-content\/uploads\/2024\/02\/geschichte_pauli2.jpg\" class=\"\" alt=\"\" srcset=\"https:\/\/www.paul-guenther-schule.de\/wp-content\/uploads\/2024\/02\/geschichte_pauli2.jpg 500w, https:\/\/www.paul-guenther-schule.de\/wp-content\/uploads\/2024\/02\/geschichte_pauli2-231x300.jpg 231w\" sizes=\"auto, (max-width: 500px) 100vw, 500px\" \/><\/div><\/div><\/div><script id=\"su_image_carousel_69f32eabd7a97_script\">if(window.SUImageCarousel){setTimeout(function() {window.SUImageCarousel.initGallery(document.getElementById(\"su_image_carousel_69f32eabd7a97\"))}, 0);}var su_image_carousel_69f32eabd7a97_script=document.getElementById(\"su_image_carousel_69f32eabd7a97_script\");if(su_image_carousel_69f32eabd7a97_script){su_image_carousel_69f32eabd7a97_script.parentNode.removeChild(su_image_carousel_69f32eabd7a97_script);}<\/script>\n","protected":false},"excerpt":{"rendered":"<p>Geschichte unserer Pauli \uf56b &nbsp; &nbsp;<\/p>\n","protected":false},"author":1,"featured_media":0,"parent":11,"menu_order":0,"comment_status":"closed","ping_status":"closed","template":"","meta":{"footnotes":""},"class_list":["post-582","page","type-page","status-publish","hentry"],"yoast_head":"<!-- This site is optimized with the Yoast SEO plugin v23.7 - https:\/\/yoast.com\/wordpress\/plugins\/seo\/ -->\n<title>Geschichte - Oberschule &amp; Grundschule Paul-Guenther Geithain<\/title>\n<meta name=\"robots\" content=\"index, follow, max-snippet:-1, max-image-preview:large, max-video-preview:-1\" \/>\n<link rel=\"canonical\" href=\"https:\/\/www.paul-guenther-schule.de\/index.php\/unsere-pauli\/geschichte-2\/\" \/>\n<meta property=\"og:locale\" content=\"de_DE\" \/>\n<meta property=\"og:type\" content=\"article\" \/>\n<meta property=\"og:title\" content=\"Geschichte - Oberschule &amp; Grundschule Paul-Guenther Geithain\" \/>\n<meta property=\"og:description\" content=\"Geschichte unserer Pauli \uf56b &nbsp; &nbsp;\" \/>\n<meta property=\"og:url\" content=\"https:\/\/www.paul-guenther-schule.de\/index.php\/unsere-pauli\/geschichte-2\/\" \/>\n<meta property=\"og:site_name\" content=\"Oberschule &amp; Grundschule Paul-Guenther Geithain\" \/>\n<meta property=\"article:modified_time\" content=\"2024-02-09T11:27:36+00:00\" \/>\n<meta name=\"twitter:card\" content=\"summary_large_image\" \/>\n<meta name=\"twitter:label1\" content=\"Gesch\u00e4tzte Lesezeit\" \/>\n\t<meta name=\"twitter:data1\" content=\"1\u00a0Minute\" \/>\n<script type=\"application\/ld+json\" class=\"yoast-schema-graph\">{\"@context\":\"https:\/\/schema.org\",\"@graph\":[{\"@type\":\"WebPage\",\"@id\":\"https:\/\/www.paul-guenther-schule.de\/index.php\/unsere-pauli\/geschichte-2\/\",\"url\":\"https:\/\/www.paul-guenther-schule.de\/index.php\/unsere-pauli\/geschichte-2\/\",\"name\":\"Geschichte - Oberschule &amp; Grundschule Paul-Guenther Geithain\",\"isPartOf\":{\"@id\":\"https:\/\/www.paul-guenther-schule.de\/#website\"},\"datePublished\":\"2024-01-18T15:35:34+00:00\",\"dateModified\":\"2024-02-09T11:27:36+00:00\",\"breadcrumb\":{\"@id\":\"https:\/\/www.paul-guenther-schule.de\/index.php\/unsere-pauli\/geschichte-2\/#breadcrumb\"},\"inLanguage\":\"de\",\"potentialAction\":[{\"@type\":\"ReadAction\",\"target\":[\"https:\/\/www.paul-guenther-schule.de\/index.php\/unsere-pauli\/geschichte-2\/\"]}]},{\"@type\":\"BreadcrumbList\",\"@id\":\"https:\/\/www.paul-guenther-schule.de\/index.php\/unsere-pauli\/geschichte-2\/#breadcrumb\",\"itemListElement\":[{\"@type\":\"ListItem\",\"position\":1,\"name\":\"Home\",\"item\":\"https:\/\/www.paul-guenther-schule.de\/\"},{\"@type\":\"ListItem\",\"position\":2,\"name\":\"Unsere Pauli\",\"item\":\"https:\/\/www.paul-guenther-schule.de\/index.php\/unsere-pauli\/\"},{\"@type\":\"ListItem\",\"position\":3,\"name\":\"Geschichte\"}]},{\"@type\":\"WebSite\",\"@id\":\"https:\/\/www.paul-guenther-schule.de\/#website\",\"url\":\"https:\/\/www.paul-guenther-schule.de\/\",\"name\":\"Oberschule &amp; Grundschule Paul-Guenther Geithain\",\"description\":\"\",\"publisher\":{\"@id\":\"https:\/\/www.paul-guenther-schule.de\/#organization\"},\"potentialAction\":[{\"@type\":\"SearchAction\",\"target\":{\"@type\":\"EntryPoint\",\"urlTemplate\":\"https:\/\/www.paul-guenther-schule.de\/?s={search_term_string}\"},\"query-input\":{\"@type\":\"PropertyValueSpecification\",\"valueRequired\":true,\"valueName\":\"search_term_string\"}}],\"inLanguage\":\"de\"},{\"@type\":\"Organization\",\"@id\":\"https:\/\/www.paul-guenther-schule.de\/#organization\",\"name\":\"Oberschule &amp; Grundschule Paul-Guenther Geithain\",\"url\":\"https:\/\/www.paul-guenther-schule.de\/\",\"logo\":{\"@type\":\"ImageObject\",\"inLanguage\":\"de\",\"@id\":\"https:\/\/www.paul-guenther-schule.de\/#\/schema\/logo\/image\/\",\"url\":\"https:\/\/www.paul-guenther-schule.de\/wp-content\/uploads\/2024\/01\/cropped-header-pauli-eule-04.png\",\"contentUrl\":\"https:\/\/www.paul-guenther-schule.de\/wp-content\/uploads\/2024\/01\/cropped-header-pauli-eule-04.png\",\"width\":1040,\"height\":294,\"caption\":\"Oberschule &amp; Grundschule Paul-Guenther Geithain\"},\"image\":{\"@id\":\"https:\/\/www.paul-guenther-schule.de\/#\/schema\/logo\/image\/\"}}]}<\/script>\n<!-- \/ Yoast SEO plugin. -->","yoast_head_json":{"title":"Geschichte - Oberschule &amp; Grundschule Paul-Guenther Geithain","robots":{"index":"index","follow":"follow","max-snippet":"max-snippet:-1","max-image-preview":"max-image-preview:large","max-video-preview":"max-video-preview:-1"},"canonical":"https:\/\/www.paul-guenther-schule.de\/index.php\/unsere-pauli\/geschichte-2\/","og_locale":"de_DE","og_type":"article","og_title":"Geschichte - Oberschule &amp; Grundschule Paul-Guenther Geithain","og_description":"Geschichte unserer Pauli \uf56b &nbsp; &nbsp;","og_url":"https:\/\/www.paul-guenther-schule.de\/index.php\/unsere-pauli\/geschichte-2\/","og_site_name":"Oberschule &amp; Grundschule Paul-Guenther Geithain","article_modified_time":"2024-02-09T11:27:36+00:00","twitter_card":"summary_large_image","twitter_misc":{"Gesch\u00e4tzte Lesezeit":"1\u00a0Minute"},"schema":{"@context":"https:\/\/schema.org","@graph":[{"@type":"WebPage","@id":"https:\/\/www.paul-guenther-schule.de\/index.php\/unsere-pauli\/geschichte-2\/","url":"https:\/\/www.paul-guenther-schule.de\/index.php\/unsere-pauli\/geschichte-2\/","name":"Geschichte - Oberschule &amp; Grundschule Paul-Guenther Geithain","isPartOf":{"@id":"https:\/\/www.paul-guenther-schule.de\/#website"},"datePublished":"2024-01-18T15:35:34+00:00","dateModified":"2024-02-09T11:27:36+00:00","breadcrumb":{"@id":"https:\/\/www.paul-guenther-schule.de\/index.php\/unsere-pauli\/geschichte-2\/#breadcrumb"},"inLanguage":"de","potentialAction":[{"@type":"ReadAction","target":["https:\/\/www.paul-guenther-schule.de\/index.php\/unsere-pauli\/geschichte-2\/"]}]},{"@type":"BreadcrumbList","@id":"https:\/\/www.paul-guenther-schule.de\/index.php\/unsere-pauli\/geschichte-2\/#breadcrumb","itemListElement":[{"@type":"ListItem","position":1,"name":"Home","item":"https:\/\/www.paul-guenther-schule.de\/"},{"@type":"ListItem","position":2,"name":"Unsere Pauli","item":"https:\/\/www.paul-guenther-schule.de\/index.php\/unsere-pauli\/"},{"@type":"ListItem","position":3,"name":"Geschichte"}]},{"@type":"WebSite","@id":"https:\/\/www.paul-guenther-schule.de\/#website","url":"https:\/\/www.paul-guenther-schule.de\/","name":"Oberschule &amp; Grundschule Paul-Guenther Geithain","description":"","publisher":{"@id":"https:\/\/www.paul-guenther-schule.de\/#organization"},"potentialAction":[{"@type":"SearchAction","target":{"@type":"EntryPoint","urlTemplate":"https:\/\/www.paul-guenther-schule.de\/?s={search_term_string}"},"query-input":{"@type":"PropertyValueSpecification","valueRequired":true,"valueName":"search_term_string"}}],"inLanguage":"de"},{"@type":"Organization","@id":"https:\/\/www.paul-guenther-schule.de\/#organization","name":"Oberschule &amp; Grundschule Paul-Guenther Geithain","url":"https:\/\/www.paul-guenther-schule.de\/","logo":{"@type":"ImageObject","inLanguage":"de","@id":"https:\/\/www.paul-guenther-schule.de\/#\/schema\/logo\/image\/","url":"https:\/\/www.paul-guenther-schule.de\/wp-content\/uploads\/2024\/01\/cropped-header-pauli-eule-04.png","contentUrl":"https:\/\/www.paul-guenther-schule.de\/wp-content\/uploads\/2024\/01\/cropped-header-pauli-eule-04.png","width":1040,"height":294,"caption":"Oberschule &amp; Grundschule Paul-Guenther Geithain"},"image":{"@id":"https:\/\/www.paul-guenther-schule.de\/#\/schema\/logo\/image\/"}}]}},"publishpress_future_action":{"enabled":false,"date":"2026-05-07 12:27:55","action":"change-status","newStatus":"draft","terms":[],"taxonomy":""},"publishpress_future_workflow_manual_trigger":{"enabledWorkflows":[]},"_links":{"self":[{"href":"https:\/\/www.paul-guenther-schule.de\/index.php\/wp-json\/wp\/v2\/pages\/582","targetHints":{"allow":["GET"]}}],"collection":[{"href":"https:\/\/www.paul-guenther-schule.de\/index.php\/wp-json\/wp\/v2\/pages"}],"about":[{"href":"https:\/\/www.paul-guenther-schule.de\/index.php\/wp-json\/wp\/v2\/types\/page"}],"author":[{"embeddable":true,"href":"https:\/\/www.paul-guenther-schule.de\/index.php\/wp-json\/wp\/v2\/users\/1"}],"replies":[{"embeddable":true,"href":"https:\/\/www.paul-guenther-schule.de\/index.php\/wp-json\/wp\/v2\/comments?post=582"}],"version-history":[{"count":13,"href":"https:\/\/www.paul-guenther-schule.de\/index.php\/wp-json\/wp\/v2\/pages\/582\/revisions"}],"predecessor-version":[{"id":934,"href":"https:\/\/www.paul-guenther-schule.de\/index.php\/wp-json\/wp\/v2\/pages\/582\/revisions\/934"}],"up":[{"embeddable":true,"href":"https:\/\/www.paul-guenther-schule.de\/index.php\/wp-json\/wp\/v2\/pages\/11"}],"wp:attachment":[{"href":"https:\/\/www.paul-guenther-schule.de\/index.php\/wp-json\/wp\/v2\/media?parent=582"}],"curies":[{"name":"wp","href":"https:\/\/api.w.org\/{rel}","templated":true}]}}